{"id":46695,"date":"2026-02-10T18:45:40","date_gmt":"2026-02-10T17:45:40","guid":{"rendered":"https:\/\/rafdeluxe.com\/de\/?post_type=product&#038;p=46695"},"modified":"2026-03-20T16:14:10","modified_gmt":"2026-03-20T15:14:10","slug":"larsen-smoke","status":"publish","type":"product","link":"https:\/\/rafdeluxe.com\/de\/product\/larsen-smoke\/","title":{"rendered":"Larsen &#8211; Smoke"},"content":{"rendered":"","protected":false},"excerpt":{"rendered":"<p data-start=\"23\" data-end=\"359\">Das Windlicht Larsen \u2013 Smoke wird aus mundgeblasenem Glas gefertigt und anschlie\u00dfend von Hand bearbeitet, um die horizontalen Texturen in das Glas einzuarbeiten. Das oval geformte Windlicht steht auf einem Sockel aus mattem Alabaster. Die Smoke-Farbe des Glases kommt in den Texturen des matten Alabastersockels wundersch\u00f6n zur Geltung.<\/p>\r\n<p data-start=\"361\" data-end=\"471\">Ein luxuri\u00f6ses und auff\u00e4lliges Windlicht f\u00fcr das Interieur. Sch\u00f6n als Einzelst\u00fcck oder in Kombination als Set.<\/p>\r\n<p data-start=\"473\" data-end=\"496\">Erh\u00e4ltlich in 3 Gr\u00f6\u00dfen.<\/p>\r\n<p data-start=\"498\" data-end=\"589\" data-is-last-node=\"\" data-is-only-node=\"\">Hinweis: Aufgrund der handwerklichen Herstellung k\u00f6nnen leichte Farbabweichungen auftreten.<\/p>","protected":false},"featured_media":46696,"template":"","meta":{"_acf_changed":false},"product_brand":[],"product_cat":[357,565],"product_tag":[],"class_list":{"0":"post-46695","1":"product","2":"type-product","3":"status-publish","4":"has-post-thumbnail","6":"product_cat-raf-deluxe","7":"product_cat-laternen","9":"first","10":"instock","11":"taxable","12":"shipping-taxable","13":"product-type-variable"},"acf":[],"yoast_head":"<!-- This site is optimized with the Yoast SEO plugin v26.6 - https:\/\/yoast.com\/wordpress\/plugins\/seo\/ -->\n<title>Larsen - Smoke - RAF deluxe | DE<\/title>\n<meta name=\"robots\" content=\"index, follow, max-snippet:-1, max-image-preview:large, max-video-preview:-1\" \/>\n<link rel=\"canonical\" href=\"https:\/\/rafdeluxe.com\/de\/product\/larsen-smoke\/\" \/>\n<meta property=\"og:locale\" content=\"de_DE\" \/>\n<meta property=\"og:type\" content=\"article\" \/>\n<meta property=\"og:title\" content=\"Larsen - Smoke - RAF deluxe | DE\" \/>\n<meta property=\"og:description\" content=\"Das Windlicht Larsen \u2013 Smoke wird aus mundgeblasenem Glas gefertigt und anschlie\u00dfend von Hand bearbeitet, um die horizontalen Texturen in das Glas einzuarbeiten. Das oval geformte Windlicht steht auf einem Sockel aus mattem Alabaster. Die Smoke-Farbe des Glases kommt in den Texturen des matten Alabastersockels wundersch\u00f6n zur Geltung. Ein luxuri\u00f6ses und auff\u00e4lliges Windlicht f\u00fcr das Interieur. Sch\u00f6n als Einzelst\u00fcck oder in Kombination als Set. Erh\u00e4ltlich in 3 Gr\u00f6\u00dfen. Hinweis: Aufgrund der handwerklichen Herstellung k\u00f6nnen leichte Farbabweichungen auftreten.\" \/>\n<meta property=\"og:url\" content=\"https:\/\/rafdeluxe.com\/de\/product\/larsen-smoke\/\" \/>\n<meta property=\"og:site_name\" content=\"RAF deluxe | DE\" \/>\n<meta property=\"article:modified_time\" content=\"2026-03-20T15:14:10+00:00\" \/>\n<meta property=\"og:image\" content=\"https:\/\/rafdeluxe.com\/de\/wp-content\/uploads\/sites\/3\/2026\/02\/4-2.jpg\" \/>\n\t<meta property=\"og:image:width\" content=\"1600\" \/>\n\t<meta property=\"og:image:height\" content=\"1066\" \/>\n\t<meta property=\"og:image:type\" content=\"image\/jpeg\" \/>\n<meta name=\"twitter:card\" content=\"summary_large_image\" \/>\n<meta name=\"twitter:label1\" content=\"Gesch\u00e4tzte Lesezeit\" \/>\n\t<meta name=\"twitter:data1\" content=\"1\u00a0Minute\" \/>\n<script type=\"application\/ld+json\" class=\"yoast-schema-graph\">{\"@context\":\"https:\/\/schema.org\",\"@graph\":[{\"@type\":\"WebPage\",\"@id\":\"https:\/\/rafdeluxe.com\/de\/product\/larsen-smoke\/\",\"url\":\"https:\/\/rafdeluxe.com\/de\/product\/larsen-smoke\/\",\"name\":\"Larsen - Smoke - RAF deluxe | DE\",\"isPartOf\":{\"@id\":\"https:\/\/rafdeluxe.com\/de\/#website\"},\"primaryImageOfPage\":{\"@id\":\"https:\/\/rafdeluxe.com\/de\/product\/larsen-smoke\/#primaryimage\"},\"image\":{\"@id\":\"https:\/\/rafdeluxe.com\/de\/product\/larsen-smoke\/#primaryimage\"},\"thumbnailUrl\":\"https:\/\/rafdeluxe.com\/de\/wp-content\/uploads\/sites\/3\/2026\/02\/4-2.jpg\",\"datePublished\":\"2026-02-10T17:45:40+00:00\",\"dateModified\":\"2026-03-20T15:14:10+00:00\",\"breadcrumb\":{\"@id\":\"https:\/\/rafdeluxe.com\/de\/product\/larsen-smoke\/#breadcrumb\"},\"inLanguage\":\"de\",\"potentialAction\":[{\"@type\":\"ReadAction\",\"target\":[\"https:\/\/rafdeluxe.com\/de\/product\/larsen-smoke\/\"]}]},{\"@type\":\"ImageObject\",\"inLanguage\":\"de\",\"@id\":\"https:\/\/rafdeluxe.com\/de\/product\/larsen-smoke\/#primaryimage\",\"url\":\"https:\/\/rafdeluxe.com\/de\/wp-content\/uploads\/sites\/3\/2026\/02\/4-2.jpg\",\"contentUrl\":\"https:\/\/rafdeluxe.com\/de\/wp-content\/uploads\/sites\/3\/2026\/02\/4-2.jpg\",\"width\":1600,\"height\":1066},{\"@type\":\"BreadcrumbList\",\"@id\":\"https:\/\/rafdeluxe.com\/de\/product\/larsen-smoke\/#breadcrumb\",\"itemListElement\":[{\"@type\":\"ListItem\",\"position\":1,\"name\":\"Home\",\"item\":\"https:\/\/rafdeluxe.com\/de\/\"},{\"@type\":\"ListItem\",\"position\":2,\"name\":\"B2B Webshop\",\"item\":\"https:\/\/rafdeluxe.com\/de\/b2b-webshop\/\"},{\"@type\":\"ListItem\",\"position\":3,\"name\":\"Larsen &#8211; Smoke\"}]},{\"@type\":\"WebSite\",\"@id\":\"https:\/\/rafdeluxe.com\/de\/#website\",\"url\":\"https:\/\/rafdeluxe.com\/de\/\",\"name\":\"RAF deluxe | DE\",\"description\":\"RAW AUTHENTIC FINISHES\",\"publisher\":{\"@id\":\"https:\/\/rafdeluxe.com\/de\/#organization\"},\"potentialAction\":[{\"@type\":\"SearchAction\",\"target\":{\"@type\":\"EntryPoint\",\"urlTemplate\":\"https:\/\/rafdeluxe.com\/de\/?s={search_term_string}\"},\"query-input\":{\"@type\":\"PropertyValueSpecification\",\"valueRequired\":true,\"valueName\":\"search_term_string\"}}],\"inLanguage\":\"de\"},{\"@type\":\"Organization\",\"@id\":\"https:\/\/rafdeluxe.com\/de\/#organization\",\"name\":\"RAF deluxe | DE\",\"url\":\"https:\/\/rafdeluxe.com\/de\/\",\"logo\":{\"@type\":\"ImageObject\",\"inLanguage\":\"de\",\"@id\":\"https:\/\/rafdeluxe.com\/de\/#\/schema\/logo\/image\/\",\"url\":\"https:\/\/rafdeluxe.com\/de\/wp-content\/uploads\/sites\/3\/2019\/12\/logo-raf.png\",\"contentUrl\":\"https:\/\/rafdeluxe.com\/de\/wp-content\/uploads\/sites\/3\/2019\/12\/logo-raf.png\",\"width\":350,\"height\":198,\"caption\":\"RAF deluxe | DE\"},\"image\":{\"@id\":\"https:\/\/rafdeluxe.com\/de\/#\/schema\/logo\/image\/\"}}]}<\/script>\n<!-- \/ Yoast SEO plugin. -->","yoast_head_json":{"title":"Larsen - Smoke - RAF deluxe | DE","robots":{"index":"index","follow":"follow","max-snippet":"max-snippet:-1","max-image-preview":"max-image-preview:large","max-video-preview":"max-video-preview:-1"},"canonical":"https:\/\/rafdeluxe.com\/de\/product\/larsen-smoke\/","og_locale":"de_DE","og_type":"article","og_title":"Larsen - Smoke - RAF deluxe | DE","og_description":"Das Windlicht Larsen \u2013 Smoke wird aus mundgeblasenem Glas gefertigt und anschlie\u00dfend von Hand bearbeitet, um die horizontalen Texturen in das Glas einzuarbeiten. Das oval geformte Windlicht steht auf einem Sockel aus mattem Alabaster. Die Smoke-Farbe des Glases kommt in den Texturen des matten Alabastersockels wundersch\u00f6n zur Geltung. Ein luxuri\u00f6ses und auff\u00e4lliges Windlicht f\u00fcr das Interieur. Sch\u00f6n als Einzelst\u00fcck oder in Kombination als Set. Erh\u00e4ltlich in 3 Gr\u00f6\u00dfen. Hinweis: Aufgrund der handwerklichen Herstellung k\u00f6nnen leichte Farbabweichungen auftreten.","og_url":"https:\/\/rafdeluxe.com\/de\/product\/larsen-smoke\/","og_site_name":"RAF deluxe | DE","article_modified_time":"2026-03-20T15:14:10+00:00","og_image":[{"width":1600,"height":1066,"url":"https:\/\/rafdeluxe.com\/de\/wp-content\/uploads\/sites\/3\/2026\/02\/4-2.jpg","type":"image\/jpeg"}],"twitter_card":"summary_large_image","twitter_misc":{"Gesch\u00e4tzte Lesezeit":"1\u00a0Minute"},"schema":{"@context":"https:\/\/schema.org","@graph":[{"@type":"WebPage","@id":"https:\/\/rafdeluxe.com\/de\/product\/larsen-smoke\/","url":"https:\/\/rafdeluxe.com\/de\/product\/larsen-smoke\/","name":"Larsen - Smoke - RAF deluxe | DE","isPartOf":{"@id":"https:\/\/rafdeluxe.com\/de\/#website"},"primaryImageOfPage":{"@id":"https:\/\/rafdeluxe.com\/de\/product\/larsen-smoke\/#primaryimage"},"image":{"@id":"https:\/\/rafdeluxe.com\/de\/product\/larsen-smoke\/#primaryimage"},"thumbnailUrl":"https:\/\/rafdeluxe.com\/de\/wp-content\/uploads\/sites\/3\/2026\/02\/4-2.jpg","datePublished":"2026-02-10T17:45:40+00:00","dateModified":"2026-03-20T15:14:10+00:00","breadcrumb":{"@id":"https:\/\/rafdeluxe.com\/de\/product\/larsen-smoke\/#breadcrumb"},"inLanguage":"de","potentialAction":[{"@type":"ReadAction","target":["https:\/\/rafdeluxe.com\/de\/product\/larsen-smoke\/"]}]},{"@type":"ImageObject","inLanguage":"de","@id":"https:\/\/rafdeluxe.com\/de\/product\/larsen-smoke\/#primaryimage","url":"https:\/\/rafdeluxe.com\/de\/wp-content\/uploads\/sites\/3\/2026\/02\/4-2.jpg","contentUrl":"https:\/\/rafdeluxe.com\/de\/wp-content\/uploads\/sites\/3\/2026\/02\/4-2.jpg","width":1600,"height":1066},{"@type":"BreadcrumbList","@id":"https:\/\/rafdeluxe.com\/de\/product\/larsen-smoke\/#breadcrumb","itemListElement":[{"@type":"ListItem","position":1,"name":"Home","item":"https:\/\/rafdeluxe.com\/de\/"},{"@type":"ListItem","position":2,"name":"B2B Webshop","item":"https:\/\/rafdeluxe.com\/de\/b2b-webshop\/"},{"@type":"ListItem","position":3,"name":"Larsen &#8211; Smoke"}]},{"@type":"WebSite","@id":"https:\/\/rafdeluxe.com\/de\/#website","url":"https:\/\/rafdeluxe.com\/de\/","name":"RAF deluxe | DE","description":"RAW AUTHENTIC FINISHES","publisher":{"@id":"https:\/\/rafdeluxe.com\/de\/#organization"},"potentialAction":[{"@type":"SearchAction","target":{"@type":"EntryPoint","urlTemplate":"https:\/\/rafdeluxe.com\/de\/?s={search_term_string}"},"query-input":{"@type":"PropertyValueSpecification","valueRequired":true,"valueName":"search_term_string"}}],"inLanguage":"de"},{"@type":"Organization","@id":"https:\/\/rafdeluxe.com\/de\/#organization","name":"RAF deluxe | DE","url":"https:\/\/rafdeluxe.com\/de\/","logo":{"@type":"ImageObject","inLanguage":"de","@id":"https:\/\/rafdeluxe.com\/de\/#\/schema\/logo\/image\/","url":"https:\/\/rafdeluxe.com\/de\/wp-content\/uploads\/sites\/3\/2019\/12\/logo-raf.png","contentUrl":"https:\/\/rafdeluxe.com\/de\/wp-content\/uploads\/sites\/3\/2019\/12\/logo-raf.png","width":350,"height":198,"caption":"RAF deluxe | DE"},"image":{"@id":"https:\/\/rafdeluxe.com\/de\/#\/schema\/logo\/image\/"}}]}},"_links":{"self":[{"href":"https:\/\/rafdeluxe.com\/de\/wp-json\/wp\/v2\/product\/46695","targetHints":{"allow":["GET"]}}],"collection":[{"href":"https:\/\/rafdeluxe.com\/de\/wp-json\/wp\/v2\/product"}],"about":[{"href":"https:\/\/rafdeluxe.com\/de\/wp-json\/wp\/v2\/types\/product"}],"wp:featuredmedia":[{"embeddable":true,"href":"https:\/\/rafdeluxe.com\/de\/wp-json\/wp\/v2\/media\/46696"}],"wp:attachment":[{"href":"https:\/\/rafdeluxe.com\/de\/wp-json\/wp\/v2\/media?parent=46695"}],"wp:term":[{"taxonomy":"product_brand","embeddable":true,"href":"https:\/\/rafdeluxe.com\/de\/wp-json\/wp\/v2\/product_brand?post=46695"},{"taxonomy":"product_cat","embeddable":true,"href":"https:\/\/rafdeluxe.com\/de\/wp-json\/wp\/v2\/product_cat?post=46695"},{"taxonomy":"product_tag","embeddable":true,"href":"https:\/\/rafdeluxe.com\/de\/wp-json\/wp\/v2\/product_tag?post=46695"}],"curies":[{"name":"wp","href":"https:\/\/api.w.org\/{rel}","templated":true}]}}