{"id":46682,"date":"2026-02-10T16:28:00","date_gmt":"2026-02-10T15:28:00","guid":{"rendered":"https:\/\/rafdeluxe.com\/de\/?post_type=product&#038;p=46682"},"modified":"2026-03-20T11:55:37","modified_gmt":"2026-03-20T10:55:37","slug":"marias","status":"publish","type":"product","link":"https:\/\/rafdeluxe.com\/de\/product\/marias\/","title":{"rendered":"Marias"},"content":{"rendered":"","protected":false},"excerpt":{"rendered":"<p data-start=\"23\" data-end=\"300\">Die Marias-Vase wird aus mundgeblasenem Glas gefertigt und anschlie\u00dfend von Hand bearbeitet, um die horizontalen Texturen auf dem Glas anzubringen. Die rauchig-gr\u00e4uliche Farbe des Glases in Kombination mit der organischen Form der Vase verleiht ihr eine luxuri\u00f6se Ausstrahlung.<\/p>\r\n<p data-start=\"302\" data-end=\"389\">Dank der flachen Form l\u00e4sst sie sich auch besonders sch\u00f6n auf Fensterb\u00e4nken dekorieren.<\/p>\r\n<p data-start=\"391\" data-end=\"414\">Erh\u00e4ltlich in 3 Gr\u00f6\u00dfen.<\/p>\r\n<p data-start=\"416\" data-end=\"507\" data-is-last-node=\"\" data-is-only-node=\"\">Hinweis: Aufgrund der handwerklichen Herstellung k\u00f6nnen leichte Farbabweichungen auftreten.<\/p>","protected":false},"featured_media":46683,"template":"","meta":{"_acf_changed":false},"product_brand":[],"product_cat":[357,361],"product_tag":[],"class_list":{"0":"post-46682","1":"product","2":"type-product","3":"status-publish","4":"has-post-thumbnail","6":"product_cat-raf-deluxe","7":"product_cat-vazen","9":"first","10":"instock","11":"taxable","12":"shipping-taxable","13":"product-type-variable"},"acf":[],"yoast_head":"<!-- This site is optimized with the Yoast SEO plugin v26.6 - https:\/\/yoast.com\/wordpress\/plugins\/seo\/ -->\n<title>Marias - RAF deluxe | DE<\/title>\n<meta name=\"robots\" content=\"index, follow, max-snippet:-1, max-image-preview:large, max-video-preview:-1\" \/>\n<link rel=\"canonical\" href=\"https:\/\/rafdeluxe.com\/de\/product\/marias\/\" \/>\n<meta property=\"og:locale\" content=\"de_DE\" \/>\n<meta property=\"og:type\" content=\"article\" \/>\n<meta property=\"og:title\" content=\"Marias - RAF deluxe | DE\" \/>\n<meta property=\"og:description\" content=\"Die Marias-Vase wird aus mundgeblasenem Glas gefertigt und anschlie\u00dfend von Hand bearbeitet, um die horizontalen Texturen auf dem Glas anzubringen. Die rauchig-gr\u00e4uliche Farbe des Glases in Kombination mit der organischen Form der Vase verleiht ihr eine luxuri\u00f6se Ausstrahlung. Dank der flachen Form l\u00e4sst sie sich auch besonders sch\u00f6n auf Fensterb\u00e4nken dekorieren. Erh\u00e4ltlich in 3 Gr\u00f6\u00dfen. Hinweis: Aufgrund der handwerklichen Herstellung k\u00f6nnen leichte Farbabweichungen auftreten.\" \/>\n<meta property=\"og:url\" content=\"https:\/\/rafdeluxe.com\/de\/product\/marias\/\" \/>\n<meta property=\"og:site_name\" content=\"RAF deluxe | DE\" \/>\n<meta property=\"article:modified_time\" content=\"2026-03-20T10:55:37+00:00\" \/>\n<meta property=\"og:image\" content=\"https:\/\/rafdeluxe.com\/de\/wp-content\/uploads\/sites\/3\/2026\/02\/4.jpg\" \/>\n\t<meta property=\"og:image:width\" content=\"1536\" \/>\n\t<meta property=\"og:image:height\" content=\"1024\" \/>\n\t<meta property=\"og:image:type\" content=\"image\/jpeg\" \/>\n<meta name=\"twitter:card\" content=\"summary_large_image\" \/>\n<meta name=\"twitter:label1\" content=\"Gesch\u00e4tzte Lesezeit\" \/>\n\t<meta name=\"twitter:data1\" content=\"1\u00a0Minute\" \/>\n<script type=\"application\/ld+json\" class=\"yoast-schema-graph\">{\"@context\":\"https:\/\/schema.org\",\"@graph\":[{\"@type\":\"WebPage\",\"@id\":\"https:\/\/rafdeluxe.com\/de\/product\/marias\/\",\"url\":\"https:\/\/rafdeluxe.com\/de\/product\/marias\/\",\"name\":\"Marias - RAF deluxe | DE\",\"isPartOf\":{\"@id\":\"https:\/\/rafdeluxe.com\/de\/#website\"},\"primaryImageOfPage\":{\"@id\":\"https:\/\/rafdeluxe.com\/de\/product\/marias\/#primaryimage\"},\"image\":{\"@id\":\"https:\/\/rafdeluxe.com\/de\/product\/marias\/#primaryimage\"},\"thumbnailUrl\":\"https:\/\/rafdeluxe.com\/de\/wp-content\/uploads\/sites\/3\/2026\/02\/4.jpg\",\"datePublished\":\"2026-02-10T15:28:00+00:00\",\"dateModified\":\"2026-03-20T10:55:37+00:00\",\"breadcrumb\":{\"@id\":\"https:\/\/rafdeluxe.com\/de\/product\/marias\/#breadcrumb\"},\"inLanguage\":\"de\",\"potentialAction\":[{\"@type\":\"ReadAction\",\"target\":[\"https:\/\/rafdeluxe.com\/de\/product\/marias\/\"]}]},{\"@type\":\"ImageObject\",\"inLanguage\":\"de\",\"@id\":\"https:\/\/rafdeluxe.com\/de\/product\/marias\/#primaryimage\",\"url\":\"https:\/\/rafdeluxe.com\/de\/wp-content\/uploads\/sites\/3\/2026\/02\/4.jpg\",\"contentUrl\":\"https:\/\/rafdeluxe.com\/de\/wp-content\/uploads\/sites\/3\/2026\/02\/4.jpg\",\"width\":1536,\"height\":1024},{\"@type\":\"BreadcrumbList\",\"@id\":\"https:\/\/rafdeluxe.com\/de\/product\/marias\/#breadcrumb\",\"itemListElement\":[{\"@type\":\"ListItem\",\"position\":1,\"name\":\"Home\",\"item\":\"https:\/\/rafdeluxe.com\/de\/\"},{\"@type\":\"ListItem\",\"position\":2,\"name\":\"B2B Webshop\",\"item\":\"https:\/\/rafdeluxe.com\/de\/b2b-webshop\/\"},{\"@type\":\"ListItem\",\"position\":3,\"name\":\"Marias\"}]},{\"@type\":\"WebSite\",\"@id\":\"https:\/\/rafdeluxe.com\/de\/#website\",\"url\":\"https:\/\/rafdeluxe.com\/de\/\",\"name\":\"RAF deluxe | DE\",\"description\":\"RAW AUTHENTIC FINISHES\",\"publisher\":{\"@id\":\"https:\/\/rafdeluxe.com\/de\/#organization\"},\"potentialAction\":[{\"@type\":\"SearchAction\",\"target\":{\"@type\":\"EntryPoint\",\"urlTemplate\":\"https:\/\/rafdeluxe.com\/de\/?s={search_term_string}\"},\"query-input\":{\"@type\":\"PropertyValueSpecification\",\"valueRequired\":true,\"valueName\":\"search_term_string\"}}],\"inLanguage\":\"de\"},{\"@type\":\"Organization\",\"@id\":\"https:\/\/rafdeluxe.com\/de\/#organization\",\"name\":\"RAF deluxe | DE\",\"url\":\"https:\/\/rafdeluxe.com\/de\/\",\"logo\":{\"@type\":\"ImageObject\",\"inLanguage\":\"de\",\"@id\":\"https:\/\/rafdeluxe.com\/de\/#\/schema\/logo\/image\/\",\"url\":\"https:\/\/rafdeluxe.com\/de\/wp-content\/uploads\/sites\/3\/2019\/12\/logo-raf.png\",\"contentUrl\":\"https:\/\/rafdeluxe.com\/de\/wp-content\/uploads\/sites\/3\/2019\/12\/logo-raf.png\",\"width\":350,\"height\":198,\"caption\":\"RAF deluxe | DE\"},\"image\":{\"@id\":\"https:\/\/rafdeluxe.com\/de\/#\/schema\/logo\/image\/\"}}]}<\/script>\n<!-- \/ Yoast SEO plugin. -->","yoast_head_json":{"title":"Marias - RAF deluxe | DE","robots":{"index":"index","follow":"follow","max-snippet":"max-snippet:-1","max-image-preview":"max-image-preview:large","max-video-preview":"max-video-preview:-1"},"canonical":"https:\/\/rafdeluxe.com\/de\/product\/marias\/","og_locale":"de_DE","og_type":"article","og_title":"Marias - RAF deluxe | DE","og_description":"Die Marias-Vase wird aus mundgeblasenem Glas gefertigt und anschlie\u00dfend von Hand bearbeitet, um die horizontalen Texturen auf dem Glas anzubringen. Die rauchig-gr\u00e4uliche Farbe des Glases in Kombination mit der organischen Form der Vase verleiht ihr eine luxuri\u00f6se Ausstrahlung. Dank der flachen Form l\u00e4sst sie sich auch besonders sch\u00f6n auf Fensterb\u00e4nken dekorieren. Erh\u00e4ltlich in 3 Gr\u00f6\u00dfen. Hinweis: Aufgrund der handwerklichen Herstellung k\u00f6nnen leichte Farbabweichungen auftreten.","og_url":"https:\/\/rafdeluxe.com\/de\/product\/marias\/","og_site_name":"RAF deluxe | DE","article_modified_time":"2026-03-20T10:55:37+00:00","og_image":[{"width":1536,"height":1024,"url":"https:\/\/rafdeluxe.com\/de\/wp-content\/uploads\/sites\/3\/2026\/02\/4.jpg","type":"image\/jpeg"}],"twitter_card":"summary_large_image","twitter_misc":{"Gesch\u00e4tzte Lesezeit":"1\u00a0Minute"},"schema":{"@context":"https:\/\/schema.org","@graph":[{"@type":"WebPage","@id":"https:\/\/rafdeluxe.com\/de\/product\/marias\/","url":"https:\/\/rafdeluxe.com\/de\/product\/marias\/","name":"Marias - RAF deluxe | DE","isPartOf":{"@id":"https:\/\/rafdeluxe.com\/de\/#website"},"primaryImageOfPage":{"@id":"https:\/\/rafdeluxe.com\/de\/product\/marias\/#primaryimage"},"image":{"@id":"https:\/\/rafdeluxe.com\/de\/product\/marias\/#primaryimage"},"thumbnailUrl":"https:\/\/rafdeluxe.com\/de\/wp-content\/uploads\/sites\/3\/2026\/02\/4.jpg","datePublished":"2026-02-10T15:28:00+00:00","dateModified":"2026-03-20T10:55:37+00:00","breadcrumb":{"@id":"https:\/\/rafdeluxe.com\/de\/product\/marias\/#breadcrumb"},"inLanguage":"de","potentialAction":[{"@type":"ReadAction","target":["https:\/\/rafdeluxe.com\/de\/product\/marias\/"]}]},{"@type":"ImageObject","inLanguage":"de","@id":"https:\/\/rafdeluxe.com\/de\/product\/marias\/#primaryimage","url":"https:\/\/rafdeluxe.com\/de\/wp-content\/uploads\/sites\/3\/2026\/02\/4.jpg","contentUrl":"https:\/\/rafdeluxe.com\/de\/wp-content\/uploads\/sites\/3\/2026\/02\/4.jpg","width":1536,"height":1024},{"@type":"BreadcrumbList","@id":"https:\/\/rafdeluxe.com\/de\/product\/marias\/#breadcrumb","itemListElement":[{"@type":"ListItem","position":1,"name":"Home","item":"https:\/\/rafdeluxe.com\/de\/"},{"@type":"ListItem","position":2,"name":"B2B Webshop","item":"https:\/\/rafdeluxe.com\/de\/b2b-webshop\/"},{"@type":"ListItem","position":3,"name":"Marias"}]},{"@type":"WebSite","@id":"https:\/\/rafdeluxe.com\/de\/#website","url":"https:\/\/rafdeluxe.com\/de\/","name":"RAF deluxe | DE","description":"RAW AUTHENTIC FINISHES","publisher":{"@id":"https:\/\/rafdeluxe.com\/de\/#organization"},"potentialAction":[{"@type":"SearchAction","target":{"@type":"EntryPoint","urlTemplate":"https:\/\/rafdeluxe.com\/de\/?s={search_term_string}"},"query-input":{"@type":"PropertyValueSpecification","valueRequired":true,"valueName":"search_term_string"}}],"inLanguage":"de"},{"@type":"Organization","@id":"https:\/\/rafdeluxe.com\/de\/#organization","name":"RAF deluxe | DE","url":"https:\/\/rafdeluxe.com\/de\/","logo":{"@type":"ImageObject","inLanguage":"de","@id":"https:\/\/rafdeluxe.com\/de\/#\/schema\/logo\/image\/","url":"https:\/\/rafdeluxe.com\/de\/wp-content\/uploads\/sites\/3\/2019\/12\/logo-raf.png","contentUrl":"https:\/\/rafdeluxe.com\/de\/wp-content\/uploads\/sites\/3\/2019\/12\/logo-raf.png","width":350,"height":198,"caption":"RAF deluxe | DE"},"image":{"@id":"https:\/\/rafdeluxe.com\/de\/#\/schema\/logo\/image\/"}}]}},"_links":{"self":[{"href":"https:\/\/rafdeluxe.com\/de\/wp-json\/wp\/v2\/product\/46682","targetHints":{"allow":["GET"]}}],"collection":[{"href":"https:\/\/rafdeluxe.com\/de\/wp-json\/wp\/v2\/product"}],"about":[{"href":"https:\/\/rafdeluxe.com\/de\/wp-json\/wp\/v2\/types\/product"}],"wp:featuredmedia":[{"embeddable":true,"href":"https:\/\/rafdeluxe.com\/de\/wp-json\/wp\/v2\/media\/46683"}],"wp:attachment":[{"href":"https:\/\/rafdeluxe.com\/de\/wp-json\/wp\/v2\/media?parent=46682"}],"wp:term":[{"taxonomy":"product_brand","embeddable":true,"href":"https:\/\/rafdeluxe.com\/de\/wp-json\/wp\/v2\/product_brand?post=46682"},{"taxonomy":"product_cat","embeddable":true,"href":"https:\/\/rafdeluxe.com\/de\/wp-json\/wp\/v2\/product_cat?post=46682"},{"taxonomy":"product_tag","embeddable":true,"href":"https:\/\/rafdeluxe.com\/de\/wp-json\/wp\/v2\/product_tag?post=46682"}],"curies":[{"name":"wp","href":"https:\/\/api.w.org\/{rel}","templated":true}]}}