{"id":46566,"date":"2025-10-22T20:26:57","date_gmt":"2025-10-22T19:26:57","guid":{"rendered":"https:\/\/rafdeluxe.com\/de\/?post_type=product&#038;p=46566"},"modified":"2026-03-20T16:11:54","modified_gmt":"2026-03-20T15:11:54","slug":"ona-frosted-white-2","status":"publish","type":"product","link":"https:\/\/rafdeluxe.com\/de\/product\/ona-frosted-white-2\/","title":{"rendered":"Ona &#8211; Frosted white"},"content":{"rendered":"","protected":false},"excerpt":{"rendered":"Der Teelichthalter Ona \u2013 Frosted White ist aus mundgeblasenem Glas gefertigt, das anschlie\u00dfend von Hand bearbeitet wird, um die horizontalen Strukturen auf das Glas aufzubringen. Die mattwei\u00dfe Farbe des Glases verleiht ihm ein luxuri\u00f6ses Aussehen.\r\n\r\nKombinieren Sie den Teelichthalter Ona \u2013 Frosted white mit den Vasen Ona \u2013 Frosted white, um ein sch\u00f6nes Gesamtbild zu erzielen.\r\n\r\nBitte beachten Sie: Aufgrund der manuellen Herstellung k\u00f6nnen leichte Farbabweichungen auftreten.","protected":false},"featured_media":46567,"template":"","meta":{"_acf_changed":false},"product_brand":[],"product_cat":[357,362],"product_tag":[],"class_list":{"0":"post-46566","1":"product","2":"type-product","3":"status-publish","4":"has-post-thumbnail","6":"product_cat-raf-deluxe","7":"product_cat-theelichthouders","9":"first","10":"instock","11":"taxable","12":"shipping-taxable","13":"product-type-simple"},"acf":[],"yoast_head":"<!-- This site is optimized with the Yoast SEO plugin v26.6 - https:\/\/yoast.com\/wordpress\/plugins\/seo\/ -->\n<title>Ona - Frosted white - RAF deluxe | DE<\/title>\n<meta name=\"robots\" content=\"index, follow, max-snippet:-1, max-image-preview:large, max-video-preview:-1\" \/>\n<link rel=\"canonical\" href=\"https:\/\/rafdeluxe.com\/de\/product\/ona-frosted-white-2\/\" \/>\n<meta property=\"og:locale\" content=\"de_DE\" \/>\n<meta property=\"og:type\" content=\"article\" \/>\n<meta property=\"og:title\" content=\"Ona - Frosted white - RAF deluxe | DE\" \/>\n<meta property=\"og:description\" content=\"Der Teelichthalter Ona \u2013 Frosted White ist aus mundgeblasenem Glas gefertigt, das anschlie\u00dfend von Hand bearbeitet wird, um die horizontalen Strukturen auf das Glas aufzubringen. Die mattwei\u00dfe Farbe des Glases verleiht ihm ein luxuri\u00f6ses Aussehen.  Kombinieren Sie den Teelichthalter Ona \u2013 Frosted white mit den Vasen Ona \u2013 Frosted white, um ein sch\u00f6nes Gesamtbild zu erzielen.  Bitte beachten Sie: Aufgrund der manuellen Herstellung k\u00f6nnen leichte Farbabweichungen auftreten.\" \/>\n<meta property=\"og:url\" content=\"https:\/\/rafdeluxe.com\/de\/product\/ona-frosted-white-2\/\" \/>\n<meta property=\"og:site_name\" content=\"RAF deluxe | DE\" \/>\n<meta property=\"article:modified_time\" content=\"2026-03-20T15:11:54+00:00\" \/>\n<meta property=\"og:image\" content=\"https:\/\/rafdeluxe.com\/de\/wp-content\/uploads\/sites\/3\/2025\/10\/192-7-002.png\" \/>\n\t<meta property=\"og:image:width\" content=\"1706\" \/>\n\t<meta property=\"og:image:height\" content=\"2560\" \/>\n\t<meta property=\"og:image:type\" content=\"image\/png\" \/>\n<meta name=\"twitter:card\" content=\"summary_large_image\" \/>\n<meta name=\"twitter:label1\" content=\"Gesch\u00e4tzte Lesezeit\" \/>\n\t<meta name=\"twitter:data1\" content=\"1\u00a0Minute\" \/>\n<script type=\"application\/ld+json\" class=\"yoast-schema-graph\">{\"@context\":\"https:\/\/schema.org\",\"@graph\":[{\"@type\":\"WebPage\",\"@id\":\"https:\/\/rafdeluxe.com\/de\/product\/ona-frosted-white-2\/\",\"url\":\"https:\/\/rafdeluxe.com\/de\/product\/ona-frosted-white-2\/\",\"name\":\"Ona - Frosted white - RAF deluxe | DE\",\"isPartOf\":{\"@id\":\"https:\/\/rafdeluxe.com\/de\/#website\"},\"primaryImageOfPage\":{\"@id\":\"https:\/\/rafdeluxe.com\/de\/product\/ona-frosted-white-2\/#primaryimage\"},\"image\":{\"@id\":\"https:\/\/rafdeluxe.com\/de\/product\/ona-frosted-white-2\/#primaryimage\"},\"thumbnailUrl\":\"https:\/\/rafdeluxe.com\/de\/wp-content\/uploads\/sites\/3\/2025\/10\/192-7-002.png\",\"datePublished\":\"2025-10-22T19:26:57+00:00\",\"dateModified\":\"2026-03-20T15:11:54+00:00\",\"breadcrumb\":{\"@id\":\"https:\/\/rafdeluxe.com\/de\/product\/ona-frosted-white-2\/#breadcrumb\"},\"inLanguage\":\"de\",\"potentialAction\":[{\"@type\":\"ReadAction\",\"target\":[\"https:\/\/rafdeluxe.com\/de\/product\/ona-frosted-white-2\/\"]}]},{\"@type\":\"ImageObject\",\"inLanguage\":\"de\",\"@id\":\"https:\/\/rafdeluxe.com\/de\/product\/ona-frosted-white-2\/#primaryimage\",\"url\":\"https:\/\/rafdeluxe.com\/de\/wp-content\/uploads\/sites\/3\/2025\/10\/192-7-002.png\",\"contentUrl\":\"https:\/\/rafdeluxe.com\/de\/wp-content\/uploads\/sites\/3\/2025\/10\/192-7-002.png\",\"width\":1706,\"height\":2560},{\"@type\":\"BreadcrumbList\",\"@id\":\"https:\/\/rafdeluxe.com\/de\/product\/ona-frosted-white-2\/#breadcrumb\",\"itemListElement\":[{\"@type\":\"ListItem\",\"position\":1,\"name\":\"Home\",\"item\":\"https:\/\/rafdeluxe.com\/de\/\"},{\"@type\":\"ListItem\",\"position\":2,\"name\":\"B2B Webshop\",\"item\":\"https:\/\/rafdeluxe.com\/de\/b2b-webshop\/\"},{\"@type\":\"ListItem\",\"position\":3,\"name\":\"Ona &#8211; Frosted white\"}]},{\"@type\":\"WebSite\",\"@id\":\"https:\/\/rafdeluxe.com\/de\/#website\",\"url\":\"https:\/\/rafdeluxe.com\/de\/\",\"name\":\"RAF deluxe | DE\",\"description\":\"RAW AUTHENTIC FINISHES\",\"publisher\":{\"@id\":\"https:\/\/rafdeluxe.com\/de\/#organization\"},\"potentialAction\":[{\"@type\":\"SearchAction\",\"target\":{\"@type\":\"EntryPoint\",\"urlTemplate\":\"https:\/\/rafdeluxe.com\/de\/?s={search_term_string}\"},\"query-input\":{\"@type\":\"PropertyValueSpecification\",\"valueRequired\":true,\"valueName\":\"search_term_string\"}}],\"inLanguage\":\"de\"},{\"@type\":\"Organization\",\"@id\":\"https:\/\/rafdeluxe.com\/de\/#organization\",\"name\":\"RAF deluxe | DE\",\"url\":\"https:\/\/rafdeluxe.com\/de\/\",\"logo\":{\"@type\":\"ImageObject\",\"inLanguage\":\"de\",\"@id\":\"https:\/\/rafdeluxe.com\/de\/#\/schema\/logo\/image\/\",\"url\":\"https:\/\/rafdeluxe.com\/de\/wp-content\/uploads\/sites\/3\/2019\/12\/logo-raf.png\",\"contentUrl\":\"https:\/\/rafdeluxe.com\/de\/wp-content\/uploads\/sites\/3\/2019\/12\/logo-raf.png\",\"width\":350,\"height\":198,\"caption\":\"RAF deluxe | DE\"},\"image\":{\"@id\":\"https:\/\/rafdeluxe.com\/de\/#\/schema\/logo\/image\/\"}}]}<\/script>\n<!-- \/ Yoast SEO plugin. -->","yoast_head_json":{"title":"Ona - Frosted white - RAF deluxe | DE","robots":{"index":"index","follow":"follow","max-snippet":"max-snippet:-1","max-image-preview":"max-image-preview:large","max-video-preview":"max-video-preview:-1"},"canonical":"https:\/\/rafdeluxe.com\/de\/product\/ona-frosted-white-2\/","og_locale":"de_DE","og_type":"article","og_title":"Ona - Frosted white - RAF deluxe | DE","og_description":"Der Teelichthalter Ona \u2013 Frosted White ist aus mundgeblasenem Glas gefertigt, das anschlie\u00dfend von Hand bearbeitet wird, um die horizontalen Strukturen auf das Glas aufzubringen. Die mattwei\u00dfe Farbe des Glases verleiht ihm ein luxuri\u00f6ses Aussehen.  Kombinieren Sie den Teelichthalter Ona \u2013 Frosted white mit den Vasen Ona \u2013 Frosted white, um ein sch\u00f6nes Gesamtbild zu erzielen.  Bitte beachten Sie: Aufgrund der manuellen Herstellung k\u00f6nnen leichte Farbabweichungen auftreten.","og_url":"https:\/\/rafdeluxe.com\/de\/product\/ona-frosted-white-2\/","og_site_name":"RAF deluxe | DE","article_modified_time":"2026-03-20T15:11:54+00:00","og_image":[{"width":1706,"height":2560,"url":"https:\/\/rafdeluxe.com\/de\/wp-content\/uploads\/sites\/3\/2025\/10\/192-7-002.png","type":"image\/png"}],"twitter_card":"summary_large_image","twitter_misc":{"Gesch\u00e4tzte Lesezeit":"1\u00a0Minute"},"schema":{"@context":"https:\/\/schema.org","@graph":[{"@type":"WebPage","@id":"https:\/\/rafdeluxe.com\/de\/product\/ona-frosted-white-2\/","url":"https:\/\/rafdeluxe.com\/de\/product\/ona-frosted-white-2\/","name":"Ona - Frosted white - RAF deluxe | DE","isPartOf":{"@id":"https:\/\/rafdeluxe.com\/de\/#website"},"primaryImageOfPage":{"@id":"https:\/\/rafdeluxe.com\/de\/product\/ona-frosted-white-2\/#primaryimage"},"image":{"@id":"https:\/\/rafdeluxe.com\/de\/product\/ona-frosted-white-2\/#primaryimage"},"thumbnailUrl":"https:\/\/rafdeluxe.com\/de\/wp-content\/uploads\/sites\/3\/2025\/10\/192-7-002.png","datePublished":"2025-10-22T19:26:57+00:00","dateModified":"2026-03-20T15:11:54+00:00","breadcrumb":{"@id":"https:\/\/rafdeluxe.com\/de\/product\/ona-frosted-white-2\/#breadcrumb"},"inLanguage":"de","potentialAction":[{"@type":"ReadAction","target":["https:\/\/rafdeluxe.com\/de\/product\/ona-frosted-white-2\/"]}]},{"@type":"ImageObject","inLanguage":"de","@id":"https:\/\/rafdeluxe.com\/de\/product\/ona-frosted-white-2\/#primaryimage","url":"https:\/\/rafdeluxe.com\/de\/wp-content\/uploads\/sites\/3\/2025\/10\/192-7-002.png","contentUrl":"https:\/\/rafdeluxe.com\/de\/wp-content\/uploads\/sites\/3\/2025\/10\/192-7-002.png","width":1706,"height":2560},{"@type":"BreadcrumbList","@id":"https:\/\/rafdeluxe.com\/de\/product\/ona-frosted-white-2\/#breadcrumb","itemListElement":[{"@type":"ListItem","position":1,"name":"Home","item":"https:\/\/rafdeluxe.com\/de\/"},{"@type":"ListItem","position":2,"name":"B2B Webshop","item":"https:\/\/rafdeluxe.com\/de\/b2b-webshop\/"},{"@type":"ListItem","position":3,"name":"Ona &#8211; Frosted white"}]},{"@type":"WebSite","@id":"https:\/\/rafdeluxe.com\/de\/#website","url":"https:\/\/rafdeluxe.com\/de\/","name":"RAF deluxe | DE","description":"RAW AUTHENTIC FINISHES","publisher":{"@id":"https:\/\/rafdeluxe.com\/de\/#organization"},"potentialAction":[{"@type":"SearchAction","target":{"@type":"EntryPoint","urlTemplate":"https:\/\/rafdeluxe.com\/de\/?s={search_term_string}"},"query-input":{"@type":"PropertyValueSpecification","valueRequired":true,"valueName":"search_term_string"}}],"inLanguage":"de"},{"@type":"Organization","@id":"https:\/\/rafdeluxe.com\/de\/#organization","name":"RAF deluxe | DE","url":"https:\/\/rafdeluxe.com\/de\/","logo":{"@type":"ImageObject","inLanguage":"de","@id":"https:\/\/rafdeluxe.com\/de\/#\/schema\/logo\/image\/","url":"https:\/\/rafdeluxe.com\/de\/wp-content\/uploads\/sites\/3\/2019\/12\/logo-raf.png","contentUrl":"https:\/\/rafdeluxe.com\/de\/wp-content\/uploads\/sites\/3\/2019\/12\/logo-raf.png","width":350,"height":198,"caption":"RAF deluxe | DE"},"image":{"@id":"https:\/\/rafdeluxe.com\/de\/#\/schema\/logo\/image\/"}}]}},"_links":{"self":[{"href":"https:\/\/rafdeluxe.com\/de\/wp-json\/wp\/v2\/product\/46566","targetHints":{"allow":["GET"]}}],"collection":[{"href":"https:\/\/rafdeluxe.com\/de\/wp-json\/wp\/v2\/product"}],"about":[{"href":"https:\/\/rafdeluxe.com\/de\/wp-json\/wp\/v2\/types\/product"}],"wp:featuredmedia":[{"embeddable":true,"href":"https:\/\/rafdeluxe.com\/de\/wp-json\/wp\/v2\/media\/46567"}],"wp:attachment":[{"href":"https:\/\/rafdeluxe.com\/de\/wp-json\/wp\/v2\/media?parent=46566"}],"wp:term":[{"taxonomy":"product_brand","embeddable":true,"href":"https:\/\/rafdeluxe.com\/de\/wp-json\/wp\/v2\/product_brand?post=46566"},{"taxonomy":"product_cat","embeddable":true,"href":"https:\/\/rafdeluxe.com\/de\/wp-json\/wp\/v2\/product_cat?post=46566"},{"taxonomy":"product_tag","embeddable":true,"href":"https:\/\/rafdeluxe.com\/de\/wp-json\/wp\/v2\/product_tag?post=46566"}],"curies":[{"name":"wp","href":"https:\/\/api.w.org\/{rel}","templated":true}]}}