{"id":46520,"date":"2025-10-21T19:02:12","date_gmt":"2025-10-21T18:02:12","guid":{"rendered":"https:\/\/rafdeluxe.com\/de\/?post_type=product&#038;p=46520"},"modified":"2026-03-20T15:54:26","modified_gmt":"2026-03-20T14:54:26","slug":"ona-smoke","status":"publish","type":"product","link":"https:\/\/rafdeluxe.com\/de\/product\/ona-smoke\/","title":{"rendered":"Ona &#8211; Smoke"},"content":{"rendered":"","protected":false},"excerpt":{"rendered":"Die Vase Ona \u2013 Smoke ist aus mundgeblasenem Glas gefertigt, das anschlie\u00dfend von Hand bearbeitet wird, um die horizontalen Strukturen auf das Glas aufzubringen. Die rauchgraue Farbe des Glases verleiht ihm ein luxuri\u00f6ses Aussehen.\r\n\r\nDie Vase Ona ist f\u00fcr sich allein schon sch\u00f6n, l\u00e4sst sich aber auch wunderbar als Set oder zusammen mit den Windlichtern Kalle \u2013 Smoke kombinieren.\r\n\r\nErh\u00e4ltlich in 5 Gr\u00f6\u00dfen und mit passendem Teelichthalter.\r\n\r\nBitte beachten Sie: Aufgrund der manuellen Herstellung k\u00f6nnen leichte Farbabweichungen auftreten.","protected":false},"featured_media":46573,"template":"","meta":{"_acf_changed":false},"product_brand":[],"product_cat":[357,361],"product_tag":[],"class_list":{"0":"post-46520","1":"product","2":"type-product","3":"status-publish","4":"has-post-thumbnail","6":"product_cat-raf-deluxe","7":"product_cat-vazen","9":"first","10":"instock","11":"taxable","12":"shipping-taxable","13":"product-type-variable"},"acf":[],"yoast_head":"<!-- This site is optimized with the Yoast SEO plugin v26.6 - https:\/\/yoast.com\/wordpress\/plugins\/seo\/ -->\n<title>Ona - Smoke - RAF deluxe | DE<\/title>\n<meta name=\"robots\" content=\"index, follow, max-snippet:-1, max-image-preview:large, max-video-preview:-1\" \/>\n<link rel=\"canonical\" href=\"https:\/\/rafdeluxe.com\/de\/product\/ona-smoke\/\" \/>\n<meta property=\"og:locale\" content=\"de_DE\" \/>\n<meta property=\"og:type\" content=\"article\" \/>\n<meta property=\"og:title\" content=\"Ona - Smoke - RAF deluxe | DE\" \/>\n<meta property=\"og:description\" content=\"Die Vase Ona \u2013 Smoke ist aus mundgeblasenem Glas gefertigt, das anschlie\u00dfend von Hand bearbeitet wird, um die horizontalen Strukturen auf das Glas aufzubringen. Die rauchgraue Farbe des Glases verleiht ihm ein luxuri\u00f6ses Aussehen.  Die Vase Ona ist f\u00fcr sich allein schon sch\u00f6n, l\u00e4sst sich aber auch wunderbar als Set oder zusammen mit den Windlichtern Kalle \u2013 Smoke kombinieren.  Erh\u00e4ltlich in 5 Gr\u00f6\u00dfen und mit passendem Teelichthalter.  Bitte beachten Sie: Aufgrund der manuellen Herstellung k\u00f6nnen leichte Farbabweichungen auftreten.\" \/>\n<meta property=\"og:url\" content=\"https:\/\/rafdeluxe.com\/de\/product\/ona-smoke\/\" \/>\n<meta property=\"og:site_name\" content=\"RAF deluxe | DE\" \/>\n<meta property=\"article:modified_time\" content=\"2026-03-20T14:54:26+00:00\" \/>\n<meta property=\"og:image\" content=\"https:\/\/rafdeluxe.com\/de\/wp-content\/uploads\/sites\/3\/2025\/10\/2-6-rotated.jpg\" \/>\n\t<meta property=\"og:image:width\" content=\"2000\" \/>\n\t<meta property=\"og:image:height\" content=\"2000\" \/>\n\t<meta property=\"og:image:type\" content=\"image\/jpeg\" \/>\n<meta name=\"twitter:card\" content=\"summary_large_image\" \/>\n<meta name=\"twitter:label1\" content=\"Gesch\u00e4tzte Lesezeit\" \/>\n\t<meta name=\"twitter:data1\" content=\"1\u00a0Minute\" \/>\n<script type=\"application\/ld+json\" class=\"yoast-schema-graph\">{\"@context\":\"https:\/\/schema.org\",\"@graph\":[{\"@type\":\"WebPage\",\"@id\":\"https:\/\/rafdeluxe.com\/de\/product\/ona-smoke\/\",\"url\":\"https:\/\/rafdeluxe.com\/de\/product\/ona-smoke\/\",\"name\":\"Ona - Smoke - RAF deluxe | DE\",\"isPartOf\":{\"@id\":\"https:\/\/rafdeluxe.com\/de\/#website\"},\"primaryImageOfPage\":{\"@id\":\"https:\/\/rafdeluxe.com\/de\/product\/ona-smoke\/#primaryimage\"},\"image\":{\"@id\":\"https:\/\/rafdeluxe.com\/de\/product\/ona-smoke\/#primaryimage\"},\"thumbnailUrl\":\"https:\/\/rafdeluxe.com\/de\/wp-content\/uploads\/sites\/3\/2025\/10\/2-6-rotated.jpg\",\"datePublished\":\"2025-10-21T18:02:12+00:00\",\"dateModified\":\"2026-03-20T14:54:26+00:00\",\"breadcrumb\":{\"@id\":\"https:\/\/rafdeluxe.com\/de\/product\/ona-smoke\/#breadcrumb\"},\"inLanguage\":\"de\",\"potentialAction\":[{\"@type\":\"ReadAction\",\"target\":[\"https:\/\/rafdeluxe.com\/de\/product\/ona-smoke\/\"]}]},{\"@type\":\"ImageObject\",\"inLanguage\":\"de\",\"@id\":\"https:\/\/rafdeluxe.com\/de\/product\/ona-smoke\/#primaryimage\",\"url\":\"https:\/\/rafdeluxe.com\/de\/wp-content\/uploads\/sites\/3\/2025\/10\/2-6-rotated.jpg\",\"contentUrl\":\"https:\/\/rafdeluxe.com\/de\/wp-content\/uploads\/sites\/3\/2025\/10\/2-6-rotated.jpg\",\"width\":2000,\"height\":2000},{\"@type\":\"BreadcrumbList\",\"@id\":\"https:\/\/rafdeluxe.com\/de\/product\/ona-smoke\/#breadcrumb\",\"itemListElement\":[{\"@type\":\"ListItem\",\"position\":1,\"name\":\"Home\",\"item\":\"https:\/\/rafdeluxe.com\/de\/\"},{\"@type\":\"ListItem\",\"position\":2,\"name\":\"B2B Webshop\",\"item\":\"https:\/\/rafdeluxe.com\/de\/b2b-webshop\/\"},{\"@type\":\"ListItem\",\"position\":3,\"name\":\"Ona &#8211; Smoke\"}]},{\"@type\":\"WebSite\",\"@id\":\"https:\/\/rafdeluxe.com\/de\/#website\",\"url\":\"https:\/\/rafdeluxe.com\/de\/\",\"name\":\"RAF deluxe | DE\",\"description\":\"RAW AUTHENTIC FINISHES\",\"publisher\":{\"@id\":\"https:\/\/rafdeluxe.com\/de\/#organization\"},\"potentialAction\":[{\"@type\":\"SearchAction\",\"target\":{\"@type\":\"EntryPoint\",\"urlTemplate\":\"https:\/\/rafdeluxe.com\/de\/?s={search_term_string}\"},\"query-input\":{\"@type\":\"PropertyValueSpecification\",\"valueRequired\":true,\"valueName\":\"search_term_string\"}}],\"inLanguage\":\"de\"},{\"@type\":\"Organization\",\"@id\":\"https:\/\/rafdeluxe.com\/de\/#organization\",\"name\":\"RAF deluxe | DE\",\"url\":\"https:\/\/rafdeluxe.com\/de\/\",\"logo\":{\"@type\":\"ImageObject\",\"inLanguage\":\"de\",\"@id\":\"https:\/\/rafdeluxe.com\/de\/#\/schema\/logo\/image\/\",\"url\":\"https:\/\/rafdeluxe.com\/de\/wp-content\/uploads\/sites\/3\/2019\/12\/logo-raf.png\",\"contentUrl\":\"https:\/\/rafdeluxe.com\/de\/wp-content\/uploads\/sites\/3\/2019\/12\/logo-raf.png\",\"width\":350,\"height\":198,\"caption\":\"RAF deluxe | DE\"},\"image\":{\"@id\":\"https:\/\/rafdeluxe.com\/de\/#\/schema\/logo\/image\/\"}}]}<\/script>\n<!-- \/ Yoast SEO plugin. -->","yoast_head_json":{"title":"Ona - Smoke - RAF deluxe | DE","robots":{"index":"index","follow":"follow","max-snippet":"max-snippet:-1","max-image-preview":"max-image-preview:large","max-video-preview":"max-video-preview:-1"},"canonical":"https:\/\/rafdeluxe.com\/de\/product\/ona-smoke\/","og_locale":"de_DE","og_type":"article","og_title":"Ona - Smoke - RAF deluxe | DE","og_description":"Die Vase Ona \u2013 Smoke ist aus mundgeblasenem Glas gefertigt, das anschlie\u00dfend von Hand bearbeitet wird, um die horizontalen Strukturen auf das Glas aufzubringen. Die rauchgraue Farbe des Glases verleiht ihm ein luxuri\u00f6ses Aussehen.  Die Vase Ona ist f\u00fcr sich allein schon sch\u00f6n, l\u00e4sst sich aber auch wunderbar als Set oder zusammen mit den Windlichtern Kalle \u2013 Smoke kombinieren.  Erh\u00e4ltlich in 5 Gr\u00f6\u00dfen und mit passendem Teelichthalter.  Bitte beachten Sie: Aufgrund der manuellen Herstellung k\u00f6nnen leichte Farbabweichungen auftreten.","og_url":"https:\/\/rafdeluxe.com\/de\/product\/ona-smoke\/","og_site_name":"RAF deluxe | DE","article_modified_time":"2026-03-20T14:54:26+00:00","og_image":[{"width":2000,"height":2000,"url":"https:\/\/rafdeluxe.com\/de\/wp-content\/uploads\/sites\/3\/2025\/10\/2-6-rotated.jpg","type":"image\/jpeg"}],"twitter_card":"summary_large_image","twitter_misc":{"Gesch\u00e4tzte Lesezeit":"1\u00a0Minute"},"schema":{"@context":"https:\/\/schema.org","@graph":[{"@type":"WebPage","@id":"https:\/\/rafdeluxe.com\/de\/product\/ona-smoke\/","url":"https:\/\/rafdeluxe.com\/de\/product\/ona-smoke\/","name":"Ona - Smoke - RAF deluxe | DE","isPartOf":{"@id":"https:\/\/rafdeluxe.com\/de\/#website"},"primaryImageOfPage":{"@id":"https:\/\/rafdeluxe.com\/de\/product\/ona-smoke\/#primaryimage"},"image":{"@id":"https:\/\/rafdeluxe.com\/de\/product\/ona-smoke\/#primaryimage"},"thumbnailUrl":"https:\/\/rafdeluxe.com\/de\/wp-content\/uploads\/sites\/3\/2025\/10\/2-6-rotated.jpg","datePublished":"2025-10-21T18:02:12+00:00","dateModified":"2026-03-20T14:54:26+00:00","breadcrumb":{"@id":"https:\/\/rafdeluxe.com\/de\/product\/ona-smoke\/#breadcrumb"},"inLanguage":"de","potentialAction":[{"@type":"ReadAction","target":["https:\/\/rafdeluxe.com\/de\/product\/ona-smoke\/"]}]},{"@type":"ImageObject","inLanguage":"de","@id":"https:\/\/rafdeluxe.com\/de\/product\/ona-smoke\/#primaryimage","url":"https:\/\/rafdeluxe.com\/de\/wp-content\/uploads\/sites\/3\/2025\/10\/2-6-rotated.jpg","contentUrl":"https:\/\/rafdeluxe.com\/de\/wp-content\/uploads\/sites\/3\/2025\/10\/2-6-rotated.jpg","width":2000,"height":2000},{"@type":"BreadcrumbList","@id":"https:\/\/rafdeluxe.com\/de\/product\/ona-smoke\/#breadcrumb","itemListElement":[{"@type":"ListItem","position":1,"name":"Home","item":"https:\/\/rafdeluxe.com\/de\/"},{"@type":"ListItem","position":2,"name":"B2B Webshop","item":"https:\/\/rafdeluxe.com\/de\/b2b-webshop\/"},{"@type":"ListItem","position":3,"name":"Ona &#8211; Smoke"}]},{"@type":"WebSite","@id":"https:\/\/rafdeluxe.com\/de\/#website","url":"https:\/\/rafdeluxe.com\/de\/","name":"RAF deluxe | DE","description":"RAW AUTHENTIC FINISHES","publisher":{"@id":"https:\/\/rafdeluxe.com\/de\/#organization"},"potentialAction":[{"@type":"SearchAction","target":{"@type":"EntryPoint","urlTemplate":"https:\/\/rafdeluxe.com\/de\/?s={search_term_string}"},"query-input":{"@type":"PropertyValueSpecification","valueRequired":true,"valueName":"search_term_string"}}],"inLanguage":"de"},{"@type":"Organization","@id":"https:\/\/rafdeluxe.com\/de\/#organization","name":"RAF deluxe | DE","url":"https:\/\/rafdeluxe.com\/de\/","logo":{"@type":"ImageObject","inLanguage":"de","@id":"https:\/\/rafdeluxe.com\/de\/#\/schema\/logo\/image\/","url":"https:\/\/rafdeluxe.com\/de\/wp-content\/uploads\/sites\/3\/2019\/12\/logo-raf.png","contentUrl":"https:\/\/rafdeluxe.com\/de\/wp-content\/uploads\/sites\/3\/2019\/12\/logo-raf.png","width":350,"height":198,"caption":"RAF deluxe | DE"},"image":{"@id":"https:\/\/rafdeluxe.com\/de\/#\/schema\/logo\/image\/"}}]}},"_links":{"self":[{"href":"https:\/\/rafdeluxe.com\/de\/wp-json\/wp\/v2\/product\/46520","targetHints":{"allow":["GET"]}}],"collection":[{"href":"https:\/\/rafdeluxe.com\/de\/wp-json\/wp\/v2\/product"}],"about":[{"href":"https:\/\/rafdeluxe.com\/de\/wp-json\/wp\/v2\/types\/product"}],"wp:featuredmedia":[{"embeddable":true,"href":"https:\/\/rafdeluxe.com\/de\/wp-json\/wp\/v2\/media\/46573"}],"wp:attachment":[{"href":"https:\/\/rafdeluxe.com\/de\/wp-json\/wp\/v2\/media?parent=46520"}],"wp:term":[{"taxonomy":"product_brand","embeddable":true,"href":"https:\/\/rafdeluxe.com\/de\/wp-json\/wp\/v2\/product_brand?post=46520"},{"taxonomy":"product_cat","embeddable":true,"href":"https:\/\/rafdeluxe.com\/de\/wp-json\/wp\/v2\/product_cat?post=46520"},{"taxonomy":"product_tag","embeddable":true,"href":"https:\/\/rafdeluxe.com\/de\/wp-json\/wp\/v2\/product_tag?post=46520"}],"curies":[{"name":"wp","href":"https:\/\/api.w.org\/{rel}","templated":true}]}}