{"id":46080,"date":"2024-09-29T11:04:37","date_gmt":"2024-09-29T10:04:37","guid":{"rendered":"https:\/\/rafdeluxe.com\/de\/?post_type=product&#038;p=46080"},"modified":"2025-09-01T11:37:14","modified_gmt":"2025-09-01T10:37:14","slug":"moana","status":"publish","type":"product","link":"https:\/\/rafdeluxe.com\/de\/product\/moana\/","title":{"rendered":"Moana"},"content":{"rendered":"<p>Die Vase Moana ist ein wundersch\u00f6nes Keramikkunstwerk, das aufw\u00e4ndiges Design mit moderner Technologie verbindet. Die Moana-Vase stellt eine nahtlose Verschmelzung von Handwerkskunst, Technologie und zeitgen\u00f6ssischem Design dar.<\/p>\n<p>Mit Hilfe modernster 3D-Drucktechnologie wurde die Maona-Vase in Perfektion gefertigt, was eine tadellose Qualit\u00e4t und Liebe zum Detail gew\u00e4hrleistet und zu diesem wundersch\u00f6nen, komplizierten Design gef\u00fchrt hat.<\/p>\n<p>Eines der herausragenden Merkmale der Moana-Vase ist die Verwendung hochwertiger Materialien. Die verwendeten hochwertigen keramischen Materialien gew\u00e4hrleisten die Haltbarkeit und \u00c4sthetik der Vase.<\/p>\n<p>Ob die Vase allein steht oder mit Blumen kombiniert wird, sie verwandelt jedes Interieur sofort in ein Musterbeispiel f\u00fcr zeitgen\u00f6ssische Eleganz.<\/p>\n<p>&nbsp;<\/p>\n","protected":false},"excerpt":{"rendered":"Die Moana-Vase ist ein wundersch\u00f6nes Keramik-Kunstwerk, das aufw\u00e4ndiges Design mit moderner Technologie verbindet. Durch den Einsatz modernster 3D-Drucktechnologie in Kombination mit hochwertigen keramischen Materialien und handwerklichem K\u00f6nnen ist die Vase Maona in Perfektion gefertigt.\r\n\r\nErh\u00e4ltlich in 2 Gr\u00f6\u00dfen.\r\n\r\nDie Vase ist nicht wasserdicht.","protected":false},"featured_media":46082,"template":"","meta":{"_acf_changed":false},"product_brand":[],"product_cat":[357,361],"product_tag":[],"class_list":{"0":"post-46080","1":"product","2":"type-product","3":"status-publish","4":"has-post-thumbnail","6":"product_cat-raf-deluxe","7":"product_cat-vazen","9":"first","10":"instock","11":"taxable","12":"shipping-taxable","13":"product-type-variable"},"acf":[],"yoast_head":"<!-- This site is optimized with the Yoast SEO plugin v26.6 - https:\/\/yoast.com\/wordpress\/plugins\/seo\/ -->\n<title>Moana - RAF deluxe | DE<\/title>\n<meta name=\"robots\" content=\"index, follow, max-snippet:-1, max-image-preview:large, max-video-preview:-1\" \/>\n<link rel=\"canonical\" href=\"https:\/\/rafdeluxe.com\/de\/product\/moana\/\" \/>\n<meta property=\"og:locale\" content=\"de_DE\" \/>\n<meta property=\"og:type\" content=\"article\" \/>\n<meta property=\"og:title\" content=\"Moana - RAF deluxe | DE\" \/>\n<meta property=\"og:description\" content=\"Die Moana-Vase ist ein wundersch\u00f6nes Keramik-Kunstwerk, das aufw\u00e4ndiges Design mit moderner Technologie verbindet. Durch den Einsatz modernster 3D-Drucktechnologie in Kombination mit hochwertigen keramischen Materialien und handwerklichem K\u00f6nnen ist die Vase Maona in Perfektion gefertigt.  Erh\u00e4ltlich in 2 Gr\u00f6\u00dfen.  Die Vase ist nicht wasserdicht.\" \/>\n<meta property=\"og:url\" content=\"https:\/\/rafdeluxe.com\/de\/product\/moana\/\" \/>\n<meta property=\"og:site_name\" content=\"RAF deluxe | DE\" \/>\n<meta property=\"article:modified_time\" content=\"2025-09-01T10:37:14+00:00\" \/>\n<meta property=\"og:image\" content=\"https:\/\/rafdeluxe.com\/de\/wp-content\/uploads\/sites\/3\/2024\/09\/5-9.jpg\" \/>\n\t<meta property=\"og:image:width\" content=\"1500\" \/>\n\t<meta property=\"og:image:height\" content=\"1325\" \/>\n\t<meta property=\"og:image:type\" content=\"image\/jpeg\" \/>\n<meta name=\"twitter:card\" content=\"summary_large_image\" \/>\n<meta name=\"twitter:label1\" content=\"Gesch\u00e4tzte Lesezeit\" \/>\n\t<meta name=\"twitter:data1\" content=\"1\u00a0Minute\" \/>\n<script type=\"application\/ld+json\" class=\"yoast-schema-graph\">{\"@context\":\"https:\/\/schema.org\",\"@graph\":[{\"@type\":\"WebPage\",\"@id\":\"https:\/\/rafdeluxe.com\/de\/product\/moana\/\",\"url\":\"https:\/\/rafdeluxe.com\/de\/product\/moana\/\",\"name\":\"Moana - RAF deluxe | DE\",\"isPartOf\":{\"@id\":\"https:\/\/rafdeluxe.com\/de\/#website\"},\"primaryImageOfPage\":{\"@id\":\"https:\/\/rafdeluxe.com\/de\/product\/moana\/#primaryimage\"},\"image\":{\"@id\":\"https:\/\/rafdeluxe.com\/de\/product\/moana\/#primaryimage\"},\"thumbnailUrl\":\"https:\/\/rafdeluxe.com\/de\/wp-content\/uploads\/sites\/3\/2024\/09\/5-9.jpg\",\"datePublished\":\"2024-09-29T10:04:37+00:00\",\"dateModified\":\"2025-09-01T10:37:14+00:00\",\"breadcrumb\":{\"@id\":\"https:\/\/rafdeluxe.com\/de\/product\/moana\/#breadcrumb\"},\"inLanguage\":\"de\",\"potentialAction\":[{\"@type\":\"ReadAction\",\"target\":[\"https:\/\/rafdeluxe.com\/de\/product\/moana\/\"]}]},{\"@type\":\"ImageObject\",\"inLanguage\":\"de\",\"@id\":\"https:\/\/rafdeluxe.com\/de\/product\/moana\/#primaryimage\",\"url\":\"https:\/\/rafdeluxe.com\/de\/wp-content\/uploads\/sites\/3\/2024\/09\/5-9.jpg\",\"contentUrl\":\"https:\/\/rafdeluxe.com\/de\/wp-content\/uploads\/sites\/3\/2024\/09\/5-9.jpg\",\"width\":1500,\"height\":1325},{\"@type\":\"BreadcrumbList\",\"@id\":\"https:\/\/rafdeluxe.com\/de\/product\/moana\/#breadcrumb\",\"itemListElement\":[{\"@type\":\"ListItem\",\"position\":1,\"name\":\"Home\",\"item\":\"https:\/\/rafdeluxe.com\/de\/\"},{\"@type\":\"ListItem\",\"position\":2,\"name\":\"B2B Webshop\",\"item\":\"https:\/\/rafdeluxe.com\/de\/b2b-webshop\/\"},{\"@type\":\"ListItem\",\"position\":3,\"name\":\"Moana\"}]},{\"@type\":\"WebSite\",\"@id\":\"https:\/\/rafdeluxe.com\/de\/#website\",\"url\":\"https:\/\/rafdeluxe.com\/de\/\",\"name\":\"RAF deluxe | DE\",\"description\":\"RAW AUTHENTIC FINISHES\",\"publisher\":{\"@id\":\"https:\/\/rafdeluxe.com\/de\/#organization\"},\"potentialAction\":[{\"@type\":\"SearchAction\",\"target\":{\"@type\":\"EntryPoint\",\"urlTemplate\":\"https:\/\/rafdeluxe.com\/de\/?s={search_term_string}\"},\"query-input\":{\"@type\":\"PropertyValueSpecification\",\"valueRequired\":true,\"valueName\":\"search_term_string\"}}],\"inLanguage\":\"de\"},{\"@type\":\"Organization\",\"@id\":\"https:\/\/rafdeluxe.com\/de\/#organization\",\"name\":\"RAF deluxe | DE\",\"url\":\"https:\/\/rafdeluxe.com\/de\/\",\"logo\":{\"@type\":\"ImageObject\",\"inLanguage\":\"de\",\"@id\":\"https:\/\/rafdeluxe.com\/de\/#\/schema\/logo\/image\/\",\"url\":\"https:\/\/rafdeluxe.com\/de\/wp-content\/uploads\/sites\/3\/2019\/12\/logo-raf.png\",\"contentUrl\":\"https:\/\/rafdeluxe.com\/de\/wp-content\/uploads\/sites\/3\/2019\/12\/logo-raf.png\",\"width\":350,\"height\":198,\"caption\":\"RAF deluxe | DE\"},\"image\":{\"@id\":\"https:\/\/rafdeluxe.com\/de\/#\/schema\/logo\/image\/\"}}]}<\/script>\n<!-- \/ Yoast SEO plugin. -->","yoast_head_json":{"title":"Moana - RAF deluxe | DE","robots":{"index":"index","follow":"follow","max-snippet":"max-snippet:-1","max-image-preview":"max-image-preview:large","max-video-preview":"max-video-preview:-1"},"canonical":"https:\/\/rafdeluxe.com\/de\/product\/moana\/","og_locale":"de_DE","og_type":"article","og_title":"Moana - RAF deluxe | DE","og_description":"Die Moana-Vase ist ein wundersch\u00f6nes Keramik-Kunstwerk, das aufw\u00e4ndiges Design mit moderner Technologie verbindet. Durch den Einsatz modernster 3D-Drucktechnologie in Kombination mit hochwertigen keramischen Materialien und handwerklichem K\u00f6nnen ist die Vase Maona in Perfektion gefertigt.  Erh\u00e4ltlich in 2 Gr\u00f6\u00dfen.  Die Vase ist nicht wasserdicht.","og_url":"https:\/\/rafdeluxe.com\/de\/product\/moana\/","og_site_name":"RAF deluxe | DE","article_modified_time":"2025-09-01T10:37:14+00:00","og_image":[{"width":1500,"height":1325,"url":"https:\/\/rafdeluxe.com\/de\/wp-content\/uploads\/sites\/3\/2024\/09\/5-9.jpg","type":"image\/jpeg"}],"twitter_card":"summary_large_image","twitter_misc":{"Gesch\u00e4tzte Lesezeit":"1\u00a0Minute"},"schema":{"@context":"https:\/\/schema.org","@graph":[{"@type":"WebPage","@id":"https:\/\/rafdeluxe.com\/de\/product\/moana\/","url":"https:\/\/rafdeluxe.com\/de\/product\/moana\/","name":"Moana - RAF deluxe | DE","isPartOf":{"@id":"https:\/\/rafdeluxe.com\/de\/#website"},"primaryImageOfPage":{"@id":"https:\/\/rafdeluxe.com\/de\/product\/moana\/#primaryimage"},"image":{"@id":"https:\/\/rafdeluxe.com\/de\/product\/moana\/#primaryimage"},"thumbnailUrl":"https:\/\/rafdeluxe.com\/de\/wp-content\/uploads\/sites\/3\/2024\/09\/5-9.jpg","datePublished":"2024-09-29T10:04:37+00:00","dateModified":"2025-09-01T10:37:14+00:00","breadcrumb":{"@id":"https:\/\/rafdeluxe.com\/de\/product\/moana\/#breadcrumb"},"inLanguage":"de","potentialAction":[{"@type":"ReadAction","target":["https:\/\/rafdeluxe.com\/de\/product\/moana\/"]}]},{"@type":"ImageObject","inLanguage":"de","@id":"https:\/\/rafdeluxe.com\/de\/product\/moana\/#primaryimage","url":"https:\/\/rafdeluxe.com\/de\/wp-content\/uploads\/sites\/3\/2024\/09\/5-9.jpg","contentUrl":"https:\/\/rafdeluxe.com\/de\/wp-content\/uploads\/sites\/3\/2024\/09\/5-9.jpg","width":1500,"height":1325},{"@type":"BreadcrumbList","@id":"https:\/\/rafdeluxe.com\/de\/product\/moana\/#breadcrumb","itemListElement":[{"@type":"ListItem","position":1,"name":"Home","item":"https:\/\/rafdeluxe.com\/de\/"},{"@type":"ListItem","position":2,"name":"B2B Webshop","item":"https:\/\/rafdeluxe.com\/de\/b2b-webshop\/"},{"@type":"ListItem","position":3,"name":"Moana"}]},{"@type":"WebSite","@id":"https:\/\/rafdeluxe.com\/de\/#website","url":"https:\/\/rafdeluxe.com\/de\/","name":"RAF deluxe | DE","description":"RAW AUTHENTIC FINISHES","publisher":{"@id":"https:\/\/rafdeluxe.com\/de\/#organization"},"potentialAction":[{"@type":"SearchAction","target":{"@type":"EntryPoint","urlTemplate":"https:\/\/rafdeluxe.com\/de\/?s={search_term_string}"},"query-input":{"@type":"PropertyValueSpecification","valueRequired":true,"valueName":"search_term_string"}}],"inLanguage":"de"},{"@type":"Organization","@id":"https:\/\/rafdeluxe.com\/de\/#organization","name":"RAF deluxe | DE","url":"https:\/\/rafdeluxe.com\/de\/","logo":{"@type":"ImageObject","inLanguage":"de","@id":"https:\/\/rafdeluxe.com\/de\/#\/schema\/logo\/image\/","url":"https:\/\/rafdeluxe.com\/de\/wp-content\/uploads\/sites\/3\/2019\/12\/logo-raf.png","contentUrl":"https:\/\/rafdeluxe.com\/de\/wp-content\/uploads\/sites\/3\/2019\/12\/logo-raf.png","width":350,"height":198,"caption":"RAF deluxe | DE"},"image":{"@id":"https:\/\/rafdeluxe.com\/de\/#\/schema\/logo\/image\/"}}]}},"_links":{"self":[{"href":"https:\/\/rafdeluxe.com\/de\/wp-json\/wp\/v2\/product\/46080","targetHints":{"allow":["GET"]}}],"collection":[{"href":"https:\/\/rafdeluxe.com\/de\/wp-json\/wp\/v2\/product"}],"about":[{"href":"https:\/\/rafdeluxe.com\/de\/wp-json\/wp\/v2\/types\/product"}],"wp:featuredmedia":[{"embeddable":true,"href":"https:\/\/rafdeluxe.com\/de\/wp-json\/wp\/v2\/media\/46082"}],"wp:attachment":[{"href":"https:\/\/rafdeluxe.com\/de\/wp-json\/wp\/v2\/media?parent=46080"}],"wp:term":[{"taxonomy":"product_brand","embeddable":true,"href":"https:\/\/rafdeluxe.com\/de\/wp-json\/wp\/v2\/product_brand?post=46080"},{"taxonomy":"product_cat","embeddable":true,"href":"https:\/\/rafdeluxe.com\/de\/wp-json\/wp\/v2\/product_cat?post=46080"},{"taxonomy":"product_tag","embeddable":true,"href":"https:\/\/rafdeluxe.com\/de\/wp-json\/wp\/v2\/product_tag?post=46080"}],"curies":[{"name":"wp","href":"https:\/\/api.w.org\/{rel}","templated":true}]}}