{"id":46032,"date":"2024-09-22T11:37:44","date_gmt":"2024-09-22T10:37:44","guid":{"rendered":"https:\/\/rafdeluxe.com\/de\/?post_type=product&#038;p=46032"},"modified":"2025-08-26T10:32:23","modified_gmt":"2025-08-26T09:32:23","slug":"the-marble-ring-off-white-large","status":"publish","type":"product","link":"https:\/\/rafdeluxe.com\/de\/product\/the-marble-ring-off-white-large\/","title":{"rendered":"The marble ring off white &#8211; Large"},"content":{"rendered":"","protected":false},"excerpt":{"rendered":"Unsere Marmorring-Objekte sind ein auff\u00e4lliges und einzigartiges Design, das ein absolutes Highlight in der Raumgestaltung ist. Dieses Akzentst\u00fcck besteht aus zwei ineinandergreifenden Marmorringen, die wie eine Kette aussehen. Der Marmor ist wundersch\u00f6n ge\u00e4dert und hat eine beigefarbene Maserung auf einem cremefarbenen Hintergrund.\r\n\r\nGestalten Sie es allein als Tafelaufsatz oder beispielsweise zusammen mit einem gro\u00dfen Buch auf einem Couchtisch.\r\n\r\nDer Marmorring ist auch in einer kleineren Variante erh\u00e4ltlich. Der Ring ist auch in einer grauen Farbvariante erh\u00e4ltlich.\r\n\r\nBitte beachten Sie: Marmor ist ein Naturstein. Farben und Zeichnungen im Marmor k\u00f6nnen daher von den gezeigten Fotos abweichen.","protected":false},"featured_media":46055,"template":"","meta":{"_acf_changed":false},"product_brand":[],"product_cat":[357,360],"product_tag":[],"class_list":{"0":"post-46032","1":"product","2":"type-product","3":"status-publish","4":"has-post-thumbnail","6":"product_cat-raf-deluxe","7":"product_cat-objecten","9":"first","10":"instock","11":"taxable","12":"shipping-taxable","13":"product-type-simple"},"acf":[],"yoast_head":"<!-- This site is optimized with the Yoast SEO plugin v26.6 - https:\/\/yoast.com\/wordpress\/plugins\/seo\/ -->\n<title>The marble ring off white - Large - RAF deluxe | DE<\/title>\n<meta name=\"robots\" content=\"index, follow, max-snippet:-1, max-image-preview:large, max-video-preview:-1\" \/>\n<link rel=\"canonical\" href=\"https:\/\/rafdeluxe.com\/de\/product\/the-marble-ring-off-white-large\/\" \/>\n<meta property=\"og:locale\" content=\"de_DE\" \/>\n<meta property=\"og:type\" content=\"article\" \/>\n<meta property=\"og:title\" content=\"The marble ring off white - Large - RAF deluxe | DE\" \/>\n<meta property=\"og:description\" content=\"Unsere Marmorring-Objekte sind ein auff\u00e4lliges und einzigartiges Design, das ein absolutes Highlight in der Raumgestaltung ist. Dieses Akzentst\u00fcck besteht aus zwei ineinandergreifenden Marmorringen, die wie eine Kette aussehen. Der Marmor ist wundersch\u00f6n ge\u00e4dert und hat eine beigefarbene Maserung auf einem cremefarbenen Hintergrund.  Gestalten Sie es allein als Tafelaufsatz oder beispielsweise zusammen mit einem gro\u00dfen Buch auf einem Couchtisch.  Der Marmorring ist auch in einer kleineren Variante erh\u00e4ltlich. Der Ring ist auch in einer grauen Farbvariante erh\u00e4ltlich.  Bitte beachten Sie: Marmor ist ein Naturstein. Farben und Zeichnungen im Marmor k\u00f6nnen daher von den gezeigten Fotos abweichen.\" \/>\n<meta property=\"og:url\" content=\"https:\/\/rafdeluxe.com\/de\/product\/the-marble-ring-off-white-large\/\" \/>\n<meta property=\"og:site_name\" content=\"RAF deluxe | DE\" \/>\n<meta property=\"article:modified_time\" content=\"2025-08-26T09:32:23+00:00\" \/>\n<meta property=\"og:image\" content=\"https:\/\/rafdeluxe.com\/de\/wp-content\/uploads\/sites\/3\/2024\/09\/7.jpg\" \/>\n\t<meta property=\"og:image:width\" content=\"1900\" \/>\n\t<meta property=\"og:image:height\" content=\"1900\" \/>\n\t<meta property=\"og:image:type\" content=\"image\/jpeg\" \/>\n<meta name=\"twitter:card\" content=\"summary_large_image\" \/>\n<meta name=\"twitter:label1\" content=\"Gesch\u00e4tzte Lesezeit\" \/>\n\t<meta name=\"twitter:data1\" content=\"1\u00a0Minute\" \/>\n<script type=\"application\/ld+json\" class=\"yoast-schema-graph\">{\"@context\":\"https:\/\/schema.org\",\"@graph\":[{\"@type\":\"WebPage\",\"@id\":\"https:\/\/rafdeluxe.com\/de\/product\/the-marble-ring-off-white-large\/\",\"url\":\"https:\/\/rafdeluxe.com\/de\/product\/the-marble-ring-off-white-large\/\",\"name\":\"The marble ring off white - Large - RAF deluxe | DE\",\"isPartOf\":{\"@id\":\"https:\/\/rafdeluxe.com\/de\/#website\"},\"primaryImageOfPage\":{\"@id\":\"https:\/\/rafdeluxe.com\/de\/product\/the-marble-ring-off-white-large\/#primaryimage\"},\"image\":{\"@id\":\"https:\/\/rafdeluxe.com\/de\/product\/the-marble-ring-off-white-large\/#primaryimage\"},\"thumbnailUrl\":\"https:\/\/rafdeluxe.com\/de\/wp-content\/uploads\/sites\/3\/2024\/09\/7.jpg\",\"datePublished\":\"2024-09-22T10:37:44+00:00\",\"dateModified\":\"2025-08-26T09:32:23+00:00\",\"breadcrumb\":{\"@id\":\"https:\/\/rafdeluxe.com\/de\/product\/the-marble-ring-off-white-large\/#breadcrumb\"},\"inLanguage\":\"de\",\"potentialAction\":[{\"@type\":\"ReadAction\",\"target\":[\"https:\/\/rafdeluxe.com\/de\/product\/the-marble-ring-off-white-large\/\"]}]},{\"@type\":\"ImageObject\",\"inLanguage\":\"de\",\"@id\":\"https:\/\/rafdeluxe.com\/de\/product\/the-marble-ring-off-white-large\/#primaryimage\",\"url\":\"https:\/\/rafdeluxe.com\/de\/wp-content\/uploads\/sites\/3\/2024\/09\/7.jpg\",\"contentUrl\":\"https:\/\/rafdeluxe.com\/de\/wp-content\/uploads\/sites\/3\/2024\/09\/7.jpg\",\"width\":1900,\"height\":1900},{\"@type\":\"BreadcrumbList\",\"@id\":\"https:\/\/rafdeluxe.com\/de\/product\/the-marble-ring-off-white-large\/#breadcrumb\",\"itemListElement\":[{\"@type\":\"ListItem\",\"position\":1,\"name\":\"Home\",\"item\":\"https:\/\/rafdeluxe.com\/de\/\"},{\"@type\":\"ListItem\",\"position\":2,\"name\":\"B2B Webshop\",\"item\":\"https:\/\/rafdeluxe.com\/de\/b2b-webshop\/\"},{\"@type\":\"ListItem\",\"position\":3,\"name\":\"The marble ring off white &#8211; Large\"}]},{\"@type\":\"WebSite\",\"@id\":\"https:\/\/rafdeluxe.com\/de\/#website\",\"url\":\"https:\/\/rafdeluxe.com\/de\/\",\"name\":\"RAF deluxe | DE\",\"description\":\"RAW AUTHENTIC FINISHES\",\"publisher\":{\"@id\":\"https:\/\/rafdeluxe.com\/de\/#organization\"},\"potentialAction\":[{\"@type\":\"SearchAction\",\"target\":{\"@type\":\"EntryPoint\",\"urlTemplate\":\"https:\/\/rafdeluxe.com\/de\/?s={search_term_string}\"},\"query-input\":{\"@type\":\"PropertyValueSpecification\",\"valueRequired\":true,\"valueName\":\"search_term_string\"}}],\"inLanguage\":\"de\"},{\"@type\":\"Organization\",\"@id\":\"https:\/\/rafdeluxe.com\/de\/#organization\",\"name\":\"RAF deluxe | DE\",\"url\":\"https:\/\/rafdeluxe.com\/de\/\",\"logo\":{\"@type\":\"ImageObject\",\"inLanguage\":\"de\",\"@id\":\"https:\/\/rafdeluxe.com\/de\/#\/schema\/logo\/image\/\",\"url\":\"https:\/\/rafdeluxe.com\/de\/wp-content\/uploads\/sites\/3\/2019\/12\/logo-raf.png\",\"contentUrl\":\"https:\/\/rafdeluxe.com\/de\/wp-content\/uploads\/sites\/3\/2019\/12\/logo-raf.png\",\"width\":350,\"height\":198,\"caption\":\"RAF deluxe | DE\"},\"image\":{\"@id\":\"https:\/\/rafdeluxe.com\/de\/#\/schema\/logo\/image\/\"}}]}<\/script>\n<!-- \/ Yoast SEO plugin. -->","yoast_head_json":{"title":"The marble ring off white - Large - RAF deluxe | DE","robots":{"index":"index","follow":"follow","max-snippet":"max-snippet:-1","max-image-preview":"max-image-preview:large","max-video-preview":"max-video-preview:-1"},"canonical":"https:\/\/rafdeluxe.com\/de\/product\/the-marble-ring-off-white-large\/","og_locale":"de_DE","og_type":"article","og_title":"The marble ring off white - Large - RAF deluxe | DE","og_description":"Unsere Marmorring-Objekte sind ein auff\u00e4lliges und einzigartiges Design, das ein absolutes Highlight in der Raumgestaltung ist. Dieses Akzentst\u00fcck besteht aus zwei ineinandergreifenden Marmorringen, die wie eine Kette aussehen. Der Marmor ist wundersch\u00f6n ge\u00e4dert und hat eine beigefarbene Maserung auf einem cremefarbenen Hintergrund.  Gestalten Sie es allein als Tafelaufsatz oder beispielsweise zusammen mit einem gro\u00dfen Buch auf einem Couchtisch.  Der Marmorring ist auch in einer kleineren Variante erh\u00e4ltlich. Der Ring ist auch in einer grauen Farbvariante erh\u00e4ltlich.  Bitte beachten Sie: Marmor ist ein Naturstein. Farben und Zeichnungen im Marmor k\u00f6nnen daher von den gezeigten Fotos abweichen.","og_url":"https:\/\/rafdeluxe.com\/de\/product\/the-marble-ring-off-white-large\/","og_site_name":"RAF deluxe | DE","article_modified_time":"2025-08-26T09:32:23+00:00","og_image":[{"width":1900,"height":1900,"url":"https:\/\/rafdeluxe.com\/de\/wp-content\/uploads\/sites\/3\/2024\/09\/7.jpg","type":"image\/jpeg"}],"twitter_card":"summary_large_image","twitter_misc":{"Gesch\u00e4tzte Lesezeit":"1\u00a0Minute"},"schema":{"@context":"https:\/\/schema.org","@graph":[{"@type":"WebPage","@id":"https:\/\/rafdeluxe.com\/de\/product\/the-marble-ring-off-white-large\/","url":"https:\/\/rafdeluxe.com\/de\/product\/the-marble-ring-off-white-large\/","name":"The marble ring off white - Large - RAF deluxe | DE","isPartOf":{"@id":"https:\/\/rafdeluxe.com\/de\/#website"},"primaryImageOfPage":{"@id":"https:\/\/rafdeluxe.com\/de\/product\/the-marble-ring-off-white-large\/#primaryimage"},"image":{"@id":"https:\/\/rafdeluxe.com\/de\/product\/the-marble-ring-off-white-large\/#primaryimage"},"thumbnailUrl":"https:\/\/rafdeluxe.com\/de\/wp-content\/uploads\/sites\/3\/2024\/09\/7.jpg","datePublished":"2024-09-22T10:37:44+00:00","dateModified":"2025-08-26T09:32:23+00:00","breadcrumb":{"@id":"https:\/\/rafdeluxe.com\/de\/product\/the-marble-ring-off-white-large\/#breadcrumb"},"inLanguage":"de","potentialAction":[{"@type":"ReadAction","target":["https:\/\/rafdeluxe.com\/de\/product\/the-marble-ring-off-white-large\/"]}]},{"@type":"ImageObject","inLanguage":"de","@id":"https:\/\/rafdeluxe.com\/de\/product\/the-marble-ring-off-white-large\/#primaryimage","url":"https:\/\/rafdeluxe.com\/de\/wp-content\/uploads\/sites\/3\/2024\/09\/7.jpg","contentUrl":"https:\/\/rafdeluxe.com\/de\/wp-content\/uploads\/sites\/3\/2024\/09\/7.jpg","width":1900,"height":1900},{"@type":"BreadcrumbList","@id":"https:\/\/rafdeluxe.com\/de\/product\/the-marble-ring-off-white-large\/#breadcrumb","itemListElement":[{"@type":"ListItem","position":1,"name":"Home","item":"https:\/\/rafdeluxe.com\/de\/"},{"@type":"ListItem","position":2,"name":"B2B Webshop","item":"https:\/\/rafdeluxe.com\/de\/b2b-webshop\/"},{"@type":"ListItem","position":3,"name":"The marble ring off white &#8211; Large"}]},{"@type":"WebSite","@id":"https:\/\/rafdeluxe.com\/de\/#website","url":"https:\/\/rafdeluxe.com\/de\/","name":"RAF deluxe | DE","description":"RAW AUTHENTIC FINISHES","publisher":{"@id":"https:\/\/rafdeluxe.com\/de\/#organization"},"potentialAction":[{"@type":"SearchAction","target":{"@type":"EntryPoint","urlTemplate":"https:\/\/rafdeluxe.com\/de\/?s={search_term_string}"},"query-input":{"@type":"PropertyValueSpecification","valueRequired":true,"valueName":"search_term_string"}}],"inLanguage":"de"},{"@type":"Organization","@id":"https:\/\/rafdeluxe.com\/de\/#organization","name":"RAF deluxe | DE","url":"https:\/\/rafdeluxe.com\/de\/","logo":{"@type":"ImageObject","inLanguage":"de","@id":"https:\/\/rafdeluxe.com\/de\/#\/schema\/logo\/image\/","url":"https:\/\/rafdeluxe.com\/de\/wp-content\/uploads\/sites\/3\/2019\/12\/logo-raf.png","contentUrl":"https:\/\/rafdeluxe.com\/de\/wp-content\/uploads\/sites\/3\/2019\/12\/logo-raf.png","width":350,"height":198,"caption":"RAF deluxe | DE"},"image":{"@id":"https:\/\/rafdeluxe.com\/de\/#\/schema\/logo\/image\/"}}]}},"_links":{"self":[{"href":"https:\/\/rafdeluxe.com\/de\/wp-json\/wp\/v2\/product\/46032","targetHints":{"allow":["GET"]}}],"collection":[{"href":"https:\/\/rafdeluxe.com\/de\/wp-json\/wp\/v2\/product"}],"about":[{"href":"https:\/\/rafdeluxe.com\/de\/wp-json\/wp\/v2\/types\/product"}],"wp:featuredmedia":[{"embeddable":true,"href":"https:\/\/rafdeluxe.com\/de\/wp-json\/wp\/v2\/media\/46055"}],"wp:attachment":[{"href":"https:\/\/rafdeluxe.com\/de\/wp-json\/wp\/v2\/media?parent=46032"}],"wp:term":[{"taxonomy":"product_brand","embeddable":true,"href":"https:\/\/rafdeluxe.com\/de\/wp-json\/wp\/v2\/product_brand?post=46032"},{"taxonomy":"product_cat","embeddable":true,"href":"https:\/\/rafdeluxe.com\/de\/wp-json\/wp\/v2\/product_cat?post=46032"},{"taxonomy":"product_tag","embeddable":true,"href":"https:\/\/rafdeluxe.com\/de\/wp-json\/wp\/v2\/product_tag?post=46032"}],"curies":[{"name":"wp","href":"https:\/\/api.w.org\/{rel}","templated":true}]}}