{"id":45710,"date":"2023-12-08T15:03:47","date_gmt":"2023-12-08T14:03:47","guid":{"rendered":"https:\/\/rafdeluxe.com\/de\/?post_type=product&#038;p=45710"},"modified":"2025-09-15T09:03:45","modified_gmt":"2025-09-15T08:03:45","slug":"lioro","status":"publish","type":"product","link":"https:\/\/rafdeluxe.com\/de\/product\/lioro\/","title":{"rendered":"Lioro"},"content":{"rendered":"","protected":false},"excerpt":{"rendered":"Handgefertigt und zu einem massiven eif\u00f6rmigen Objekt aus Alabaster geformt.\r\n\r\nDas Objekt wird in einen dunkelgoldenen Aluminiumst\u00e4nder gestellt.\r\n\r\nSch\u00f6n als Set zu stylen, aber auch jede Gr\u00f6\u00dfe f\u00fcr sich ist ein sch\u00f6nes Objekt im Innenraum.\r\n\r\nErh\u00e4ltlich in 3 Gr\u00f6\u00dfen.\r\n\r\nNeben dem Aluminiumst\u00e4nder in Dunkelgold wird auch ein beiger Aluminiumst\u00e4nder mitgeliefert.\r\n\r\nBitte beachten Sie: Alabaster ist ein Naturmaterial, daher k\u00f6nnen Farbe und Design von den gezeigten Fotos abweichen.","protected":false},"featured_media":45774,"template":"","meta":{"_acf_changed":false},"product_brand":[],"product_cat":[610,660,606],"product_tag":[],"class_list":{"0":"post-45710","1":"product","2":"type-product","3":"status-publish","4":"has-post-thumbnail","6":"product_cat-raf-deluxe-exklusive-angebote","7":"product_cat-objekte","8":"product_cat-exklusive-angebote","10":"first","11":"instock","12":"sale","13":"taxable","14":"shipping-taxable","15":"product-type-variable"},"acf":[],"yoast_head":"<!-- This site is optimized with the Yoast SEO plugin v26.6 - https:\/\/yoast.com\/wordpress\/plugins\/seo\/ -->\n<title>Lioro - RAF deluxe | DE<\/title>\n<meta name=\"robots\" content=\"index, follow, max-snippet:-1, max-image-preview:large, max-video-preview:-1\" \/>\n<link rel=\"canonical\" href=\"https:\/\/rafdeluxe.com\/de\/product\/lioro\/\" \/>\n<meta property=\"og:locale\" content=\"de_DE\" \/>\n<meta property=\"og:type\" content=\"article\" \/>\n<meta property=\"og:title\" content=\"Lioro - RAF deluxe | DE\" \/>\n<meta property=\"og:description\" content=\"Handgefertigt und zu einem massiven eif\u00f6rmigen Objekt aus Alabaster geformt.  Das Objekt wird in einen dunkelgoldenen Aluminiumst\u00e4nder gestellt.  Sch\u00f6n als Set zu stylen, aber auch jede Gr\u00f6\u00dfe f\u00fcr sich ist ein sch\u00f6nes Objekt im Innenraum.  Erh\u00e4ltlich in 3 Gr\u00f6\u00dfen.  Neben dem Aluminiumst\u00e4nder in Dunkelgold wird auch ein beiger Aluminiumst\u00e4nder mitgeliefert.  Bitte beachten Sie: Alabaster ist ein Naturmaterial, daher k\u00f6nnen Farbe und Design von den gezeigten Fotos abweichen.\" \/>\n<meta property=\"og:url\" content=\"https:\/\/rafdeluxe.com\/de\/product\/lioro\/\" \/>\n<meta property=\"og:site_name\" content=\"RAF deluxe | DE\" \/>\n<meta property=\"article:modified_time\" content=\"2025-09-15T08:03:45+00:00\" \/>\n<meta property=\"og:image\" content=\"https:\/\/rafdeluxe.com\/de\/wp-content\/uploads\/sites\/3\/2023\/12\/6-2.jpg\" \/>\n\t<meta property=\"og:image:width\" content=\"920\" \/>\n\t<meta property=\"og:image:height\" content=\"712\" \/>\n\t<meta property=\"og:image:type\" content=\"image\/jpeg\" \/>\n<meta name=\"twitter:card\" content=\"summary_large_image\" \/>\n<meta name=\"twitter:label1\" content=\"Gesch\u00e4tzte Lesezeit\" \/>\n\t<meta name=\"twitter:data1\" content=\"1\u00a0Minute\" \/>\n<script type=\"application\/ld+json\" class=\"yoast-schema-graph\">{\"@context\":\"https:\/\/schema.org\",\"@graph\":[{\"@type\":\"WebPage\",\"@id\":\"https:\/\/rafdeluxe.com\/de\/product\/lioro\/\",\"url\":\"https:\/\/rafdeluxe.com\/de\/product\/lioro\/\",\"name\":\"Lioro - RAF deluxe | DE\",\"isPartOf\":{\"@id\":\"https:\/\/rafdeluxe.com\/de\/#website\"},\"primaryImageOfPage\":{\"@id\":\"https:\/\/rafdeluxe.com\/de\/product\/lioro\/#primaryimage\"},\"image\":{\"@id\":\"https:\/\/rafdeluxe.com\/de\/product\/lioro\/#primaryimage\"},\"thumbnailUrl\":\"https:\/\/rafdeluxe.com\/de\/wp-content\/uploads\/sites\/3\/2023\/12\/6-2.jpg\",\"datePublished\":\"2023-12-08T14:03:47+00:00\",\"dateModified\":\"2025-09-15T08:03:45+00:00\",\"breadcrumb\":{\"@id\":\"https:\/\/rafdeluxe.com\/de\/product\/lioro\/#breadcrumb\"},\"inLanguage\":\"de\",\"potentialAction\":[{\"@type\":\"ReadAction\",\"target\":[\"https:\/\/rafdeluxe.com\/de\/product\/lioro\/\"]}]},{\"@type\":\"ImageObject\",\"inLanguage\":\"de\",\"@id\":\"https:\/\/rafdeluxe.com\/de\/product\/lioro\/#primaryimage\",\"url\":\"https:\/\/rafdeluxe.com\/de\/wp-content\/uploads\/sites\/3\/2023\/12\/6-2.jpg\",\"contentUrl\":\"https:\/\/rafdeluxe.com\/de\/wp-content\/uploads\/sites\/3\/2023\/12\/6-2.jpg\",\"width\":920,\"height\":712},{\"@type\":\"BreadcrumbList\",\"@id\":\"https:\/\/rafdeluxe.com\/de\/product\/lioro\/#breadcrumb\",\"itemListElement\":[{\"@type\":\"ListItem\",\"position\":1,\"name\":\"Home\",\"item\":\"https:\/\/rafdeluxe.com\/de\/\"},{\"@type\":\"ListItem\",\"position\":2,\"name\":\"B2B Webshop\",\"item\":\"https:\/\/rafdeluxe.com\/de\/b2b-webshop\/\"},{\"@type\":\"ListItem\",\"position\":3,\"name\":\"Lioro\"}]},{\"@type\":\"WebSite\",\"@id\":\"https:\/\/rafdeluxe.com\/de\/#website\",\"url\":\"https:\/\/rafdeluxe.com\/de\/\",\"name\":\"RAF deluxe | DE\",\"description\":\"RAW AUTHENTIC FINISHES\",\"publisher\":{\"@id\":\"https:\/\/rafdeluxe.com\/de\/#organization\"},\"potentialAction\":[{\"@type\":\"SearchAction\",\"target\":{\"@type\":\"EntryPoint\",\"urlTemplate\":\"https:\/\/rafdeluxe.com\/de\/?s={search_term_string}\"},\"query-input\":{\"@type\":\"PropertyValueSpecification\",\"valueRequired\":true,\"valueName\":\"search_term_string\"}}],\"inLanguage\":\"de\"},{\"@type\":\"Organization\",\"@id\":\"https:\/\/rafdeluxe.com\/de\/#organization\",\"name\":\"RAF deluxe | DE\",\"url\":\"https:\/\/rafdeluxe.com\/de\/\",\"logo\":{\"@type\":\"ImageObject\",\"inLanguage\":\"de\",\"@id\":\"https:\/\/rafdeluxe.com\/de\/#\/schema\/logo\/image\/\",\"url\":\"https:\/\/rafdeluxe.com\/de\/wp-content\/uploads\/sites\/3\/2019\/12\/logo-raf.png\",\"contentUrl\":\"https:\/\/rafdeluxe.com\/de\/wp-content\/uploads\/sites\/3\/2019\/12\/logo-raf.png\",\"width\":350,\"height\":198,\"caption\":\"RAF deluxe | DE\"},\"image\":{\"@id\":\"https:\/\/rafdeluxe.com\/de\/#\/schema\/logo\/image\/\"}}]}<\/script>\n<!-- \/ Yoast SEO plugin. -->","yoast_head_json":{"title":"Lioro - RAF deluxe | DE","robots":{"index":"index","follow":"follow","max-snippet":"max-snippet:-1","max-image-preview":"max-image-preview:large","max-video-preview":"max-video-preview:-1"},"canonical":"https:\/\/rafdeluxe.com\/de\/product\/lioro\/","og_locale":"de_DE","og_type":"article","og_title":"Lioro - RAF deluxe | DE","og_description":"Handgefertigt und zu einem massiven eif\u00f6rmigen Objekt aus Alabaster geformt.  Das Objekt wird in einen dunkelgoldenen Aluminiumst\u00e4nder gestellt.  Sch\u00f6n als Set zu stylen, aber auch jede Gr\u00f6\u00dfe f\u00fcr sich ist ein sch\u00f6nes Objekt im Innenraum.  Erh\u00e4ltlich in 3 Gr\u00f6\u00dfen.  Neben dem Aluminiumst\u00e4nder in Dunkelgold wird auch ein beiger Aluminiumst\u00e4nder mitgeliefert.  Bitte beachten Sie: Alabaster ist ein Naturmaterial, daher k\u00f6nnen Farbe und Design von den gezeigten Fotos abweichen.","og_url":"https:\/\/rafdeluxe.com\/de\/product\/lioro\/","og_site_name":"RAF deluxe | DE","article_modified_time":"2025-09-15T08:03:45+00:00","og_image":[{"width":920,"height":712,"url":"https:\/\/rafdeluxe.com\/de\/wp-content\/uploads\/sites\/3\/2023\/12\/6-2.jpg","type":"image\/jpeg"}],"twitter_card":"summary_large_image","twitter_misc":{"Gesch\u00e4tzte Lesezeit":"1\u00a0Minute"},"schema":{"@context":"https:\/\/schema.org","@graph":[{"@type":"WebPage","@id":"https:\/\/rafdeluxe.com\/de\/product\/lioro\/","url":"https:\/\/rafdeluxe.com\/de\/product\/lioro\/","name":"Lioro - RAF deluxe | DE","isPartOf":{"@id":"https:\/\/rafdeluxe.com\/de\/#website"},"primaryImageOfPage":{"@id":"https:\/\/rafdeluxe.com\/de\/product\/lioro\/#primaryimage"},"image":{"@id":"https:\/\/rafdeluxe.com\/de\/product\/lioro\/#primaryimage"},"thumbnailUrl":"https:\/\/rafdeluxe.com\/de\/wp-content\/uploads\/sites\/3\/2023\/12\/6-2.jpg","datePublished":"2023-12-08T14:03:47+00:00","dateModified":"2025-09-15T08:03:45+00:00","breadcrumb":{"@id":"https:\/\/rafdeluxe.com\/de\/product\/lioro\/#breadcrumb"},"inLanguage":"de","potentialAction":[{"@type":"ReadAction","target":["https:\/\/rafdeluxe.com\/de\/product\/lioro\/"]}]},{"@type":"ImageObject","inLanguage":"de","@id":"https:\/\/rafdeluxe.com\/de\/product\/lioro\/#primaryimage","url":"https:\/\/rafdeluxe.com\/de\/wp-content\/uploads\/sites\/3\/2023\/12\/6-2.jpg","contentUrl":"https:\/\/rafdeluxe.com\/de\/wp-content\/uploads\/sites\/3\/2023\/12\/6-2.jpg","width":920,"height":712},{"@type":"BreadcrumbList","@id":"https:\/\/rafdeluxe.com\/de\/product\/lioro\/#breadcrumb","itemListElement":[{"@type":"ListItem","position":1,"name":"Home","item":"https:\/\/rafdeluxe.com\/de\/"},{"@type":"ListItem","position":2,"name":"B2B Webshop","item":"https:\/\/rafdeluxe.com\/de\/b2b-webshop\/"},{"@type":"ListItem","position":3,"name":"Lioro"}]},{"@type":"WebSite","@id":"https:\/\/rafdeluxe.com\/de\/#website","url":"https:\/\/rafdeluxe.com\/de\/","name":"RAF deluxe | DE","description":"RAW AUTHENTIC FINISHES","publisher":{"@id":"https:\/\/rafdeluxe.com\/de\/#organization"},"potentialAction":[{"@type":"SearchAction","target":{"@type":"EntryPoint","urlTemplate":"https:\/\/rafdeluxe.com\/de\/?s={search_term_string}"},"query-input":{"@type":"PropertyValueSpecification","valueRequired":true,"valueName":"search_term_string"}}],"inLanguage":"de"},{"@type":"Organization","@id":"https:\/\/rafdeluxe.com\/de\/#organization","name":"RAF deluxe | DE","url":"https:\/\/rafdeluxe.com\/de\/","logo":{"@type":"ImageObject","inLanguage":"de","@id":"https:\/\/rafdeluxe.com\/de\/#\/schema\/logo\/image\/","url":"https:\/\/rafdeluxe.com\/de\/wp-content\/uploads\/sites\/3\/2019\/12\/logo-raf.png","contentUrl":"https:\/\/rafdeluxe.com\/de\/wp-content\/uploads\/sites\/3\/2019\/12\/logo-raf.png","width":350,"height":198,"caption":"RAF deluxe | DE"},"image":{"@id":"https:\/\/rafdeluxe.com\/de\/#\/schema\/logo\/image\/"}}]}},"_links":{"self":[{"href":"https:\/\/rafdeluxe.com\/de\/wp-json\/wp\/v2\/product\/45710","targetHints":{"allow":["GET"]}}],"collection":[{"href":"https:\/\/rafdeluxe.com\/de\/wp-json\/wp\/v2\/product"}],"about":[{"href":"https:\/\/rafdeluxe.com\/de\/wp-json\/wp\/v2\/types\/product"}],"wp:featuredmedia":[{"embeddable":true,"href":"https:\/\/rafdeluxe.com\/de\/wp-json\/wp\/v2\/media\/45774"}],"wp:attachment":[{"href":"https:\/\/rafdeluxe.com\/de\/wp-json\/wp\/v2\/media?parent=45710"}],"wp:term":[{"taxonomy":"product_brand","embeddable":true,"href":"https:\/\/rafdeluxe.com\/de\/wp-json\/wp\/v2\/product_brand?post=45710"},{"taxonomy":"product_cat","embeddable":true,"href":"https:\/\/rafdeluxe.com\/de\/wp-json\/wp\/v2\/product_cat?post=45710"},{"taxonomy":"product_tag","embeddable":true,"href":"https:\/\/rafdeluxe.com\/de\/wp-json\/wp\/v2\/product_tag?post=45710"}],"curies":[{"name":"wp","href":"https:\/\/api.w.org\/{rel}","templated":true}]}}