{"id":45584,"date":"2023-08-09T16:43:32","date_gmt":"2023-08-09T15:43:32","guid":{"rendered":"https:\/\/rafdeluxe.com\/de\/?post_type=product&#038;p=45584"},"modified":"2025-11-27T09:31:48","modified_gmt":"2025-11-27T08:31:48","slug":"rosso","status":"publish","type":"product","link":"https:\/\/rafdeluxe.com\/de\/product\/rosso\/","title":{"rendered":"Rosso"},"content":{"rendered":"","protected":false},"excerpt":{"rendered":"Travertin-Tablett aus 1 St\u00fcck. Gestalten Sie das Tablett mit sch\u00f6nen Accessoires.\r\n\r\nZum Schutz der Oberfl\u00e4che werden Filze mitgeliefert.\r\n\r\nErh\u00e4ltlich in 3 Gr\u00f6\u00dfen. Onyx-Tabletts sind ebenfalls in derselben Gr\u00f6\u00dfe erh\u00e4ltlich.\r\n\r\nBitte beachten Sie: Travertin ist ein nat\u00fcrliches Material, daher k\u00f6nnen Farbe und Design von den gezeigten Fotos abweichen.\r\n\r\nWeitere Informationen finden Sie unter &#8222;Produktpflege&#8220;.","protected":false},"featured_media":45585,"template":"","meta":{"_acf_changed":false},"product_brand":[],"product_cat":[357,363],"product_tag":[],"class_list":{"0":"post-45584","1":"product","2":"type-product","3":"status-publish","4":"has-post-thumbnail","6":"product_cat-raf-deluxe","7":"product_cat-dienbladen","9":"first","10":"instock","11":"taxable","12":"shipping-taxable","13":"product-type-variable"},"acf":[],"yoast_head":"<!-- This site is optimized with the Yoast SEO plugin v26.6 - https:\/\/yoast.com\/wordpress\/plugins\/seo\/ -->\n<title>Rosso - RAF deluxe | DE<\/title>\n<meta name=\"robots\" content=\"index, follow, max-snippet:-1, max-image-preview:large, max-video-preview:-1\" \/>\n<link rel=\"canonical\" href=\"https:\/\/rafdeluxe.com\/de\/product\/rosso\/\" \/>\n<meta property=\"og:locale\" content=\"de_DE\" \/>\n<meta property=\"og:type\" content=\"article\" \/>\n<meta property=\"og:title\" content=\"Rosso - RAF deluxe | DE\" \/>\n<meta property=\"og:description\" content=\"Travertin-Tablett aus 1 St\u00fcck. Gestalten Sie das Tablett mit sch\u00f6nen Accessoires.  Zum Schutz der Oberfl\u00e4che werden Filze mitgeliefert.  Erh\u00e4ltlich in 3 Gr\u00f6\u00dfen. Onyx-Tabletts sind ebenfalls in derselben Gr\u00f6\u00dfe erh\u00e4ltlich.  Bitte beachten Sie: Travertin ist ein nat\u00fcrliches Material, daher k\u00f6nnen Farbe und Design von den gezeigten Fotos abweichen.  Weitere Informationen finden Sie unter &quot;Produktpflege&quot;.\" \/>\n<meta property=\"og:url\" content=\"https:\/\/rafdeluxe.com\/de\/product\/rosso\/\" \/>\n<meta property=\"og:site_name\" content=\"RAF deluxe | DE\" \/>\n<meta property=\"article:modified_time\" content=\"2025-11-27T08:31:48+00:00\" \/>\n<meta property=\"og:image\" content=\"https:\/\/rafdeluxe.com\/de\/wp-content\/uploads\/sites\/3\/2023\/08\/Travertine-30-x-55-cm-1.jpg\" \/>\n\t<meta property=\"og:image:width\" content=\"1288\" \/>\n\t<meta property=\"og:image:height\" content=\"1288\" \/>\n\t<meta property=\"og:image:type\" content=\"image\/jpeg\" \/>\n<meta name=\"twitter:card\" content=\"summary_large_image\" \/>\n<script type=\"application\/ld+json\" class=\"yoast-schema-graph\">{\"@context\":\"https:\/\/schema.org\",\"@graph\":[{\"@type\":\"WebPage\",\"@id\":\"https:\/\/rafdeluxe.com\/de\/product\/rosso\/\",\"url\":\"https:\/\/rafdeluxe.com\/de\/product\/rosso\/\",\"name\":\"Rosso - RAF deluxe | DE\",\"isPartOf\":{\"@id\":\"https:\/\/rafdeluxe.com\/de\/#website\"},\"primaryImageOfPage\":{\"@id\":\"https:\/\/rafdeluxe.com\/de\/product\/rosso\/#primaryimage\"},\"image\":{\"@id\":\"https:\/\/rafdeluxe.com\/de\/product\/rosso\/#primaryimage\"},\"thumbnailUrl\":\"https:\/\/rafdeluxe.com\/de\/wp-content\/uploads\/sites\/3\/2023\/08\/Travertine-30-x-55-cm-1.jpg\",\"datePublished\":\"2023-08-09T15:43:32+00:00\",\"dateModified\":\"2025-11-27T08:31:48+00:00\",\"breadcrumb\":{\"@id\":\"https:\/\/rafdeluxe.com\/de\/product\/rosso\/#breadcrumb\"},\"inLanguage\":\"de\",\"potentialAction\":[{\"@type\":\"ReadAction\",\"target\":[\"https:\/\/rafdeluxe.com\/de\/product\/rosso\/\"]}]},{\"@type\":\"ImageObject\",\"inLanguage\":\"de\",\"@id\":\"https:\/\/rafdeluxe.com\/de\/product\/rosso\/#primaryimage\",\"url\":\"https:\/\/rafdeluxe.com\/de\/wp-content\/uploads\/sites\/3\/2023\/08\/Travertine-30-x-55-cm-1.jpg\",\"contentUrl\":\"https:\/\/rafdeluxe.com\/de\/wp-content\/uploads\/sites\/3\/2023\/08\/Travertine-30-x-55-cm-1.jpg\",\"width\":1288,\"height\":1288},{\"@type\":\"BreadcrumbList\",\"@id\":\"https:\/\/rafdeluxe.com\/de\/product\/rosso\/#breadcrumb\",\"itemListElement\":[{\"@type\":\"ListItem\",\"position\":1,\"name\":\"Home\",\"item\":\"https:\/\/rafdeluxe.com\/de\/\"},{\"@type\":\"ListItem\",\"position\":2,\"name\":\"B2B Webshop\",\"item\":\"https:\/\/rafdeluxe.com\/de\/b2b-webshop\/\"},{\"@type\":\"ListItem\",\"position\":3,\"name\":\"Rosso\"}]},{\"@type\":\"WebSite\",\"@id\":\"https:\/\/rafdeluxe.com\/de\/#website\",\"url\":\"https:\/\/rafdeluxe.com\/de\/\",\"name\":\"RAF deluxe | DE\",\"description\":\"RAW AUTHENTIC FINISHES\",\"publisher\":{\"@id\":\"https:\/\/rafdeluxe.com\/de\/#organization\"},\"potentialAction\":[{\"@type\":\"SearchAction\",\"target\":{\"@type\":\"EntryPoint\",\"urlTemplate\":\"https:\/\/rafdeluxe.com\/de\/?s={search_term_string}\"},\"query-input\":{\"@type\":\"PropertyValueSpecification\",\"valueRequired\":true,\"valueName\":\"search_term_string\"}}],\"inLanguage\":\"de\"},{\"@type\":\"Organization\",\"@id\":\"https:\/\/rafdeluxe.com\/de\/#organization\",\"name\":\"RAF deluxe | DE\",\"url\":\"https:\/\/rafdeluxe.com\/de\/\",\"logo\":{\"@type\":\"ImageObject\",\"inLanguage\":\"de\",\"@id\":\"https:\/\/rafdeluxe.com\/de\/#\/schema\/logo\/image\/\",\"url\":\"https:\/\/rafdeluxe.com\/de\/wp-content\/uploads\/sites\/3\/2019\/12\/logo-raf.png\",\"contentUrl\":\"https:\/\/rafdeluxe.com\/de\/wp-content\/uploads\/sites\/3\/2019\/12\/logo-raf.png\",\"width\":350,\"height\":198,\"caption\":\"RAF deluxe | DE\"},\"image\":{\"@id\":\"https:\/\/rafdeluxe.com\/de\/#\/schema\/logo\/image\/\"}}]}<\/script>\n<!-- \/ Yoast SEO plugin. -->","yoast_head_json":{"title":"Rosso - RAF deluxe | DE","robots":{"index":"index","follow":"follow","max-snippet":"max-snippet:-1","max-image-preview":"max-image-preview:large","max-video-preview":"max-video-preview:-1"},"canonical":"https:\/\/rafdeluxe.com\/de\/product\/rosso\/","og_locale":"de_DE","og_type":"article","og_title":"Rosso - RAF deluxe | DE","og_description":"Travertin-Tablett aus 1 St\u00fcck. Gestalten Sie das Tablett mit sch\u00f6nen Accessoires.  Zum Schutz der Oberfl\u00e4che werden Filze mitgeliefert.  Erh\u00e4ltlich in 3 Gr\u00f6\u00dfen. Onyx-Tabletts sind ebenfalls in derselben Gr\u00f6\u00dfe erh\u00e4ltlich.  Bitte beachten Sie: Travertin ist ein nat\u00fcrliches Material, daher k\u00f6nnen Farbe und Design von den gezeigten Fotos abweichen.  Weitere Informationen finden Sie unter \"Produktpflege\".","og_url":"https:\/\/rafdeluxe.com\/de\/product\/rosso\/","og_site_name":"RAF deluxe | DE","article_modified_time":"2025-11-27T08:31:48+00:00","og_image":[{"width":1288,"height":1288,"url":"https:\/\/rafdeluxe.com\/de\/wp-content\/uploads\/sites\/3\/2023\/08\/Travertine-30-x-55-cm-1.jpg","type":"image\/jpeg"}],"twitter_card":"summary_large_image","schema":{"@context":"https:\/\/schema.org","@graph":[{"@type":"WebPage","@id":"https:\/\/rafdeluxe.com\/de\/product\/rosso\/","url":"https:\/\/rafdeluxe.com\/de\/product\/rosso\/","name":"Rosso - RAF deluxe | DE","isPartOf":{"@id":"https:\/\/rafdeluxe.com\/de\/#website"},"primaryImageOfPage":{"@id":"https:\/\/rafdeluxe.com\/de\/product\/rosso\/#primaryimage"},"image":{"@id":"https:\/\/rafdeluxe.com\/de\/product\/rosso\/#primaryimage"},"thumbnailUrl":"https:\/\/rafdeluxe.com\/de\/wp-content\/uploads\/sites\/3\/2023\/08\/Travertine-30-x-55-cm-1.jpg","datePublished":"2023-08-09T15:43:32+00:00","dateModified":"2025-11-27T08:31:48+00:00","breadcrumb":{"@id":"https:\/\/rafdeluxe.com\/de\/product\/rosso\/#breadcrumb"},"inLanguage":"de","potentialAction":[{"@type":"ReadAction","target":["https:\/\/rafdeluxe.com\/de\/product\/rosso\/"]}]},{"@type":"ImageObject","inLanguage":"de","@id":"https:\/\/rafdeluxe.com\/de\/product\/rosso\/#primaryimage","url":"https:\/\/rafdeluxe.com\/de\/wp-content\/uploads\/sites\/3\/2023\/08\/Travertine-30-x-55-cm-1.jpg","contentUrl":"https:\/\/rafdeluxe.com\/de\/wp-content\/uploads\/sites\/3\/2023\/08\/Travertine-30-x-55-cm-1.jpg","width":1288,"height":1288},{"@type":"BreadcrumbList","@id":"https:\/\/rafdeluxe.com\/de\/product\/rosso\/#breadcrumb","itemListElement":[{"@type":"ListItem","position":1,"name":"Home","item":"https:\/\/rafdeluxe.com\/de\/"},{"@type":"ListItem","position":2,"name":"B2B Webshop","item":"https:\/\/rafdeluxe.com\/de\/b2b-webshop\/"},{"@type":"ListItem","position":3,"name":"Rosso"}]},{"@type":"WebSite","@id":"https:\/\/rafdeluxe.com\/de\/#website","url":"https:\/\/rafdeluxe.com\/de\/","name":"RAF deluxe | DE","description":"RAW AUTHENTIC FINISHES","publisher":{"@id":"https:\/\/rafdeluxe.com\/de\/#organization"},"potentialAction":[{"@type":"SearchAction","target":{"@type":"EntryPoint","urlTemplate":"https:\/\/rafdeluxe.com\/de\/?s={search_term_string}"},"query-input":{"@type":"PropertyValueSpecification","valueRequired":true,"valueName":"search_term_string"}}],"inLanguage":"de"},{"@type":"Organization","@id":"https:\/\/rafdeluxe.com\/de\/#organization","name":"RAF deluxe | DE","url":"https:\/\/rafdeluxe.com\/de\/","logo":{"@type":"ImageObject","inLanguage":"de","@id":"https:\/\/rafdeluxe.com\/de\/#\/schema\/logo\/image\/","url":"https:\/\/rafdeluxe.com\/de\/wp-content\/uploads\/sites\/3\/2019\/12\/logo-raf.png","contentUrl":"https:\/\/rafdeluxe.com\/de\/wp-content\/uploads\/sites\/3\/2019\/12\/logo-raf.png","width":350,"height":198,"caption":"RAF deluxe | DE"},"image":{"@id":"https:\/\/rafdeluxe.com\/de\/#\/schema\/logo\/image\/"}}]}},"_links":{"self":[{"href":"https:\/\/rafdeluxe.com\/de\/wp-json\/wp\/v2\/product\/45584","targetHints":{"allow":["GET"]}}],"collection":[{"href":"https:\/\/rafdeluxe.com\/de\/wp-json\/wp\/v2\/product"}],"about":[{"href":"https:\/\/rafdeluxe.com\/de\/wp-json\/wp\/v2\/types\/product"}],"wp:featuredmedia":[{"embeddable":true,"href":"https:\/\/rafdeluxe.com\/de\/wp-json\/wp\/v2\/media\/45585"}],"wp:attachment":[{"href":"https:\/\/rafdeluxe.com\/de\/wp-json\/wp\/v2\/media?parent=45584"}],"wp:term":[{"taxonomy":"product_brand","embeddable":true,"href":"https:\/\/rafdeluxe.com\/de\/wp-json\/wp\/v2\/product_brand?post=45584"},{"taxonomy":"product_cat","embeddable":true,"href":"https:\/\/rafdeluxe.com\/de\/wp-json\/wp\/v2\/product_cat?post=45584"},{"taxonomy":"product_tag","embeddable":true,"href":"https:\/\/rafdeluxe.com\/de\/wp-json\/wp\/v2\/product_tag?post=45584"}],"curies":[{"name":"wp","href":"https:\/\/api.w.org\/{rel}","templated":true}]}}