{"id":45573,"date":"2023-08-09T16:38:22","date_gmt":"2023-08-09T15:38:22","guid":{"rendered":"https:\/\/rafdeluxe.com\/de\/?post_type=product&#038;p=45573"},"modified":"2025-09-15T09:03:28","modified_gmt":"2025-09-15T08:03:28","slug":"verona-rose","status":"publish","type":"product","link":"https:\/\/rafdeluxe.com\/de\/product\/verona-rose\/","title":{"rendered":"Verona ros\u00e9"},"content":{"rendered":"","protected":false},"excerpt":{"rendered":"Aufsehen erregendes Onyx-Tablett aus 1 St\u00fcck in Rosa- und Ecru-T\u00f6nen. Gestalten Sie das Tablett mit sch\u00f6nen Accessoires.\r\n\r\nZum Schutz der Oberfl\u00e4che ist Filz im Lieferumfang enthalten.\r\n\r\nErh\u00e4ltlich in 3 Gr\u00f6\u00dfen.\r\n\r\nBitte beachten Sie: Onyx ist ein nat\u00fcrliches Material, daher k\u00f6nnen Farbe und Design von den gezeigten Fotos abweichen.\r\n\r\nWeitere Informationen finden Sie unter &#8222;Produktpflege&#8220;.","protected":false},"featured_media":45574,"template":"","meta":{"_acf_changed":false},"product_brand":[],"product_cat":[610,661,606],"product_tag":[],"class_list":{"0":"post-45573","1":"product","2":"type-product","3":"status-publish","4":"has-post-thumbnail","6":"product_cat-raf-deluxe-exklusive-angebote","7":"product_cat-tabletts","8":"product_cat-exklusive-angebote","10":"first","11":"instock","12":"sale","13":"taxable","14":"shipping-taxable","15":"product-type-variable"},"acf":[],"yoast_head":"<!-- This site is optimized with the Yoast SEO plugin v26.6 - https:\/\/yoast.com\/wordpress\/plugins\/seo\/ -->\n<title>Verona ros\u00e9 - RAF deluxe | DE<\/title>\n<meta name=\"robots\" content=\"index, follow, max-snippet:-1, max-image-preview:large, max-video-preview:-1\" \/>\n<link rel=\"canonical\" href=\"https:\/\/rafdeluxe.com\/de\/product\/verona-rose\/\" \/>\n<meta property=\"og:locale\" content=\"de_DE\" \/>\n<meta property=\"og:type\" content=\"article\" \/>\n<meta property=\"og:title\" content=\"Verona ros\u00e9 - RAF deluxe | DE\" \/>\n<meta property=\"og:description\" content=\"Aufsehen erregendes Onyx-Tablett aus 1 St\u00fcck in Rosa- und Ecru-T\u00f6nen. Gestalten Sie das Tablett mit sch\u00f6nen Accessoires.  Zum Schutz der Oberfl\u00e4che ist Filz im Lieferumfang enthalten.  Erh\u00e4ltlich in 3 Gr\u00f6\u00dfen.  Bitte beachten Sie: Onyx ist ein nat\u00fcrliches Material, daher k\u00f6nnen Farbe und Design von den gezeigten Fotos abweichen.  Weitere Informationen finden Sie unter &quot;Produktpflege&quot;.\" \/>\n<meta property=\"og:url\" content=\"https:\/\/rafdeluxe.com\/de\/product\/verona-rose\/\" \/>\n<meta property=\"og:site_name\" content=\"RAF deluxe | DE\" \/>\n<meta property=\"article:modified_time\" content=\"2025-09-15T08:03:28+00:00\" \/>\n<meta property=\"og:image\" content=\"https:\/\/rafdeluxe.com\/de\/wp-content\/uploads\/sites\/3\/2023\/08\/Onyx-rose-30-x-55-cm-1.jpg\" \/>\n\t<meta property=\"og:image:width\" content=\"754\" \/>\n\t<meta property=\"og:image:height\" content=\"754\" \/>\n\t<meta property=\"og:image:type\" content=\"image\/jpeg\" \/>\n<meta name=\"twitter:card\" content=\"summary_large_image\" \/>\n<meta name=\"twitter:label1\" content=\"Gesch\u00e4tzte Lesezeit\" \/>\n\t<meta name=\"twitter:data1\" content=\"1\u00a0Minute\" \/>\n<script type=\"application\/ld+json\" class=\"yoast-schema-graph\">{\"@context\":\"https:\/\/schema.org\",\"@graph\":[{\"@type\":\"WebPage\",\"@id\":\"https:\/\/rafdeluxe.com\/de\/product\/verona-rose\/\",\"url\":\"https:\/\/rafdeluxe.com\/de\/product\/verona-rose\/\",\"name\":\"Verona ros\u00e9 - RAF deluxe | DE\",\"isPartOf\":{\"@id\":\"https:\/\/rafdeluxe.com\/de\/#website\"},\"primaryImageOfPage\":{\"@id\":\"https:\/\/rafdeluxe.com\/de\/product\/verona-rose\/#primaryimage\"},\"image\":{\"@id\":\"https:\/\/rafdeluxe.com\/de\/product\/verona-rose\/#primaryimage\"},\"thumbnailUrl\":\"https:\/\/rafdeluxe.com\/de\/wp-content\/uploads\/sites\/3\/2023\/08\/Onyx-rose-30-x-55-cm-1.jpg\",\"datePublished\":\"2023-08-09T15:38:22+00:00\",\"dateModified\":\"2025-09-15T08:03:28+00:00\",\"breadcrumb\":{\"@id\":\"https:\/\/rafdeluxe.com\/de\/product\/verona-rose\/#breadcrumb\"},\"inLanguage\":\"de\",\"potentialAction\":[{\"@type\":\"ReadAction\",\"target\":[\"https:\/\/rafdeluxe.com\/de\/product\/verona-rose\/\"]}]},{\"@type\":\"ImageObject\",\"inLanguage\":\"de\",\"@id\":\"https:\/\/rafdeluxe.com\/de\/product\/verona-rose\/#primaryimage\",\"url\":\"https:\/\/rafdeluxe.com\/de\/wp-content\/uploads\/sites\/3\/2023\/08\/Onyx-rose-30-x-55-cm-1.jpg\",\"contentUrl\":\"https:\/\/rafdeluxe.com\/de\/wp-content\/uploads\/sites\/3\/2023\/08\/Onyx-rose-30-x-55-cm-1.jpg\",\"width\":754,\"height\":754},{\"@type\":\"BreadcrumbList\",\"@id\":\"https:\/\/rafdeluxe.com\/de\/product\/verona-rose\/#breadcrumb\",\"itemListElement\":[{\"@type\":\"ListItem\",\"position\":1,\"name\":\"Home\",\"item\":\"https:\/\/rafdeluxe.com\/de\/\"},{\"@type\":\"ListItem\",\"position\":2,\"name\":\"B2B Webshop\",\"item\":\"https:\/\/rafdeluxe.com\/de\/b2b-webshop\/\"},{\"@type\":\"ListItem\",\"position\":3,\"name\":\"Verona ros\u00e9\"}]},{\"@type\":\"WebSite\",\"@id\":\"https:\/\/rafdeluxe.com\/de\/#website\",\"url\":\"https:\/\/rafdeluxe.com\/de\/\",\"name\":\"RAF deluxe | DE\",\"description\":\"RAW AUTHENTIC FINISHES\",\"publisher\":{\"@id\":\"https:\/\/rafdeluxe.com\/de\/#organization\"},\"potentialAction\":[{\"@type\":\"SearchAction\",\"target\":{\"@type\":\"EntryPoint\",\"urlTemplate\":\"https:\/\/rafdeluxe.com\/de\/?s={search_term_string}\"},\"query-input\":{\"@type\":\"PropertyValueSpecification\",\"valueRequired\":true,\"valueName\":\"search_term_string\"}}],\"inLanguage\":\"de\"},{\"@type\":\"Organization\",\"@id\":\"https:\/\/rafdeluxe.com\/de\/#organization\",\"name\":\"RAF deluxe | DE\",\"url\":\"https:\/\/rafdeluxe.com\/de\/\",\"logo\":{\"@type\":\"ImageObject\",\"inLanguage\":\"de\",\"@id\":\"https:\/\/rafdeluxe.com\/de\/#\/schema\/logo\/image\/\",\"url\":\"https:\/\/rafdeluxe.com\/de\/wp-content\/uploads\/sites\/3\/2019\/12\/logo-raf.png\",\"contentUrl\":\"https:\/\/rafdeluxe.com\/de\/wp-content\/uploads\/sites\/3\/2019\/12\/logo-raf.png\",\"width\":350,\"height\":198,\"caption\":\"RAF deluxe | DE\"},\"image\":{\"@id\":\"https:\/\/rafdeluxe.com\/de\/#\/schema\/logo\/image\/\"}}]}<\/script>\n<!-- \/ Yoast SEO plugin. -->","yoast_head_json":{"title":"Verona ros\u00e9 - RAF deluxe | DE","robots":{"index":"index","follow":"follow","max-snippet":"max-snippet:-1","max-image-preview":"max-image-preview:large","max-video-preview":"max-video-preview:-1"},"canonical":"https:\/\/rafdeluxe.com\/de\/product\/verona-rose\/","og_locale":"de_DE","og_type":"article","og_title":"Verona ros\u00e9 - RAF deluxe | DE","og_description":"Aufsehen erregendes Onyx-Tablett aus 1 St\u00fcck in Rosa- und Ecru-T\u00f6nen. Gestalten Sie das Tablett mit sch\u00f6nen Accessoires.  Zum Schutz der Oberfl\u00e4che ist Filz im Lieferumfang enthalten.  Erh\u00e4ltlich in 3 Gr\u00f6\u00dfen.  Bitte beachten Sie: Onyx ist ein nat\u00fcrliches Material, daher k\u00f6nnen Farbe und Design von den gezeigten Fotos abweichen.  Weitere Informationen finden Sie unter \"Produktpflege\".","og_url":"https:\/\/rafdeluxe.com\/de\/product\/verona-rose\/","og_site_name":"RAF deluxe | DE","article_modified_time":"2025-09-15T08:03:28+00:00","og_image":[{"width":754,"height":754,"url":"https:\/\/rafdeluxe.com\/de\/wp-content\/uploads\/sites\/3\/2023\/08\/Onyx-rose-30-x-55-cm-1.jpg","type":"image\/jpeg"}],"twitter_card":"summary_large_image","twitter_misc":{"Gesch\u00e4tzte Lesezeit":"1\u00a0Minute"},"schema":{"@context":"https:\/\/schema.org","@graph":[{"@type":"WebPage","@id":"https:\/\/rafdeluxe.com\/de\/product\/verona-rose\/","url":"https:\/\/rafdeluxe.com\/de\/product\/verona-rose\/","name":"Verona ros\u00e9 - RAF deluxe | DE","isPartOf":{"@id":"https:\/\/rafdeluxe.com\/de\/#website"},"primaryImageOfPage":{"@id":"https:\/\/rafdeluxe.com\/de\/product\/verona-rose\/#primaryimage"},"image":{"@id":"https:\/\/rafdeluxe.com\/de\/product\/verona-rose\/#primaryimage"},"thumbnailUrl":"https:\/\/rafdeluxe.com\/de\/wp-content\/uploads\/sites\/3\/2023\/08\/Onyx-rose-30-x-55-cm-1.jpg","datePublished":"2023-08-09T15:38:22+00:00","dateModified":"2025-09-15T08:03:28+00:00","breadcrumb":{"@id":"https:\/\/rafdeluxe.com\/de\/product\/verona-rose\/#breadcrumb"},"inLanguage":"de","potentialAction":[{"@type":"ReadAction","target":["https:\/\/rafdeluxe.com\/de\/product\/verona-rose\/"]}]},{"@type":"ImageObject","inLanguage":"de","@id":"https:\/\/rafdeluxe.com\/de\/product\/verona-rose\/#primaryimage","url":"https:\/\/rafdeluxe.com\/de\/wp-content\/uploads\/sites\/3\/2023\/08\/Onyx-rose-30-x-55-cm-1.jpg","contentUrl":"https:\/\/rafdeluxe.com\/de\/wp-content\/uploads\/sites\/3\/2023\/08\/Onyx-rose-30-x-55-cm-1.jpg","width":754,"height":754},{"@type":"BreadcrumbList","@id":"https:\/\/rafdeluxe.com\/de\/product\/verona-rose\/#breadcrumb","itemListElement":[{"@type":"ListItem","position":1,"name":"Home","item":"https:\/\/rafdeluxe.com\/de\/"},{"@type":"ListItem","position":2,"name":"B2B Webshop","item":"https:\/\/rafdeluxe.com\/de\/b2b-webshop\/"},{"@type":"ListItem","position":3,"name":"Verona ros\u00e9"}]},{"@type":"WebSite","@id":"https:\/\/rafdeluxe.com\/de\/#website","url":"https:\/\/rafdeluxe.com\/de\/","name":"RAF deluxe | DE","description":"RAW AUTHENTIC FINISHES","publisher":{"@id":"https:\/\/rafdeluxe.com\/de\/#organization"},"potentialAction":[{"@type":"SearchAction","target":{"@type":"EntryPoint","urlTemplate":"https:\/\/rafdeluxe.com\/de\/?s={search_term_string}"},"query-input":{"@type":"PropertyValueSpecification","valueRequired":true,"valueName":"search_term_string"}}],"inLanguage":"de"},{"@type":"Organization","@id":"https:\/\/rafdeluxe.com\/de\/#organization","name":"RAF deluxe | DE","url":"https:\/\/rafdeluxe.com\/de\/","logo":{"@type":"ImageObject","inLanguage":"de","@id":"https:\/\/rafdeluxe.com\/de\/#\/schema\/logo\/image\/","url":"https:\/\/rafdeluxe.com\/de\/wp-content\/uploads\/sites\/3\/2019\/12\/logo-raf.png","contentUrl":"https:\/\/rafdeluxe.com\/de\/wp-content\/uploads\/sites\/3\/2019\/12\/logo-raf.png","width":350,"height":198,"caption":"RAF deluxe | DE"},"image":{"@id":"https:\/\/rafdeluxe.com\/de\/#\/schema\/logo\/image\/"}}]}},"_links":{"self":[{"href":"https:\/\/rafdeluxe.com\/de\/wp-json\/wp\/v2\/product\/45573","targetHints":{"allow":["GET"]}}],"collection":[{"href":"https:\/\/rafdeluxe.com\/de\/wp-json\/wp\/v2\/product"}],"about":[{"href":"https:\/\/rafdeluxe.com\/de\/wp-json\/wp\/v2\/types\/product"}],"wp:featuredmedia":[{"embeddable":true,"href":"https:\/\/rafdeluxe.com\/de\/wp-json\/wp\/v2\/media\/45574"}],"wp:attachment":[{"href":"https:\/\/rafdeluxe.com\/de\/wp-json\/wp\/v2\/media?parent=45573"}],"wp:term":[{"taxonomy":"product_brand","embeddable":true,"href":"https:\/\/rafdeluxe.com\/de\/wp-json\/wp\/v2\/product_brand?post=45573"},{"taxonomy":"product_cat","embeddable":true,"href":"https:\/\/rafdeluxe.com\/de\/wp-json\/wp\/v2\/product_cat?post=45573"},{"taxonomy":"product_tag","embeddable":true,"href":"https:\/\/rafdeluxe.com\/de\/wp-json\/wp\/v2\/product_tag?post=45573"}],"curies":[{"name":"wp","href":"https:\/\/api.w.org\/{rel}","templated":true}]}}