{"id":45104,"date":"2023-03-18T10:33:48","date_gmt":"2023-03-18T09:33:48","guid":{"rendered":"https:\/\/rafdeluxe.com\/de\/?post_type=product&#038;p=45104"},"modified":"2025-08-26T11:20:57","modified_gmt":"2025-08-26T10:20:57","slug":"marble-square-aufbewahrungsbox","status":"publish","type":"product","link":"https:\/\/rafdeluxe.com\/de\/product\/marble-square-aufbewahrungsbox\/","title":{"rendered":"Levante &#8211; Square"},"content":{"rendered":"","protected":false},"excerpt":{"rendered":"Diese elegante Box ist aus ge\u00e4dertem Marmor in Graut\u00f6nen handgefertigt. Stilvoll und gleichzeitig praktisch als Aufbewahrungsbox zu verwenden.\r\n\r\nUnter der Box sind Filze angebracht, um die Oberfl\u00e4che zu sch\u00fctzen.\r\n\r\nErh\u00e4ltlich in 3 Gr\u00f6\u00dfen. Auch runde Marmorboxen sind erh\u00e4ltlich.\r\n\r\nHinweis: Marmor ist ein nat\u00fcrliches Material, daher k\u00f6nnen Farbe und Design von den gezeigten Fotos abweichen.","protected":false},"featured_media":45105,"template":"","meta":{"_acf_changed":false},"product_brand":[],"product_cat":[357,359],"product_tag":[],"class_list":{"0":"post-45104","1":"product","2":"type-product","3":"status-publish","4":"has-post-thumbnail","6":"product_cat-raf-deluxe","7":"product_cat-opbergboxen","9":"first","10":"instock","11":"taxable","12":"shipping-taxable","13":"product-type-variable"},"acf":[],"yoast_head":"<!-- This site is optimized with the Yoast SEO plugin v26.6 - https:\/\/yoast.com\/wordpress\/plugins\/seo\/ -->\n<title>Levante - Square - RAF deluxe | DE<\/title>\n<meta name=\"robots\" content=\"index, follow, max-snippet:-1, max-image-preview:large, max-video-preview:-1\" \/>\n<link rel=\"canonical\" href=\"https:\/\/rafdeluxe.com\/de\/product\/marble-square-aufbewahrungsbox\/\" \/>\n<meta property=\"og:locale\" content=\"de_DE\" \/>\n<meta property=\"og:type\" content=\"article\" \/>\n<meta property=\"og:title\" content=\"Levante - Square - RAF deluxe | DE\" \/>\n<meta property=\"og:description\" content=\"Diese elegante Box ist aus ge\u00e4dertem Marmor in Graut\u00f6nen handgefertigt. Stilvoll und gleichzeitig praktisch als Aufbewahrungsbox zu verwenden.  Unter der Box sind Filze angebracht, um die Oberfl\u00e4che zu sch\u00fctzen.  Erh\u00e4ltlich in 3 Gr\u00f6\u00dfen. Auch runde Marmorboxen sind erh\u00e4ltlich.  Hinweis: Marmor ist ein nat\u00fcrliches Material, daher k\u00f6nnen Farbe und Design von den gezeigten Fotos abweichen.\" \/>\n<meta property=\"og:url\" content=\"https:\/\/rafdeluxe.com\/de\/product\/marble-square-aufbewahrungsbox\/\" \/>\n<meta property=\"og:site_name\" content=\"RAF deluxe | DE\" \/>\n<meta property=\"article:modified_time\" content=\"2025-08-26T10:20:57+00:00\" \/>\n<meta property=\"og:image\" content=\"https:\/\/rafdeluxe.com\/de\/wp-content\/uploads\/sites\/3\/2023\/03\/8-2.jpg\" \/>\n\t<meta property=\"og:image:width\" content=\"1000\" \/>\n\t<meta property=\"og:image:height\" content=\"1000\" \/>\n\t<meta property=\"og:image:type\" content=\"image\/jpeg\" \/>\n<meta name=\"twitter:card\" content=\"summary_large_image\" \/>\n<script type=\"application\/ld+json\" class=\"yoast-schema-graph\">{\"@context\":\"https:\/\/schema.org\",\"@graph\":[{\"@type\":\"WebPage\",\"@id\":\"https:\/\/rafdeluxe.com\/de\/product\/marble-square-aufbewahrungsbox\/\",\"url\":\"https:\/\/rafdeluxe.com\/de\/product\/marble-square-aufbewahrungsbox\/\",\"name\":\"Levante - Square - RAF deluxe | DE\",\"isPartOf\":{\"@id\":\"https:\/\/rafdeluxe.com\/de\/#website\"},\"primaryImageOfPage\":{\"@id\":\"https:\/\/rafdeluxe.com\/de\/product\/marble-square-aufbewahrungsbox\/#primaryimage\"},\"image\":{\"@id\":\"https:\/\/rafdeluxe.com\/de\/product\/marble-square-aufbewahrungsbox\/#primaryimage\"},\"thumbnailUrl\":\"https:\/\/rafdeluxe.com\/de\/wp-content\/uploads\/sites\/3\/2023\/03\/8-2.jpg\",\"datePublished\":\"2023-03-18T09:33:48+00:00\",\"dateModified\":\"2025-08-26T10:20:57+00:00\",\"breadcrumb\":{\"@id\":\"https:\/\/rafdeluxe.com\/de\/product\/marble-square-aufbewahrungsbox\/#breadcrumb\"},\"inLanguage\":\"de\",\"potentialAction\":[{\"@type\":\"ReadAction\",\"target\":[\"https:\/\/rafdeluxe.com\/de\/product\/marble-square-aufbewahrungsbox\/\"]}]},{\"@type\":\"ImageObject\",\"inLanguage\":\"de\",\"@id\":\"https:\/\/rafdeluxe.com\/de\/product\/marble-square-aufbewahrungsbox\/#primaryimage\",\"url\":\"https:\/\/rafdeluxe.com\/de\/wp-content\/uploads\/sites\/3\/2023\/03\/8-2.jpg\",\"contentUrl\":\"https:\/\/rafdeluxe.com\/de\/wp-content\/uploads\/sites\/3\/2023\/03\/8-2.jpg\",\"width\":1000,\"height\":1000},{\"@type\":\"BreadcrumbList\",\"@id\":\"https:\/\/rafdeluxe.com\/de\/product\/marble-square-aufbewahrungsbox\/#breadcrumb\",\"itemListElement\":[{\"@type\":\"ListItem\",\"position\":1,\"name\":\"Home\",\"item\":\"https:\/\/rafdeluxe.com\/de\/\"},{\"@type\":\"ListItem\",\"position\":2,\"name\":\"B2B Webshop\",\"item\":\"https:\/\/rafdeluxe.com\/de\/b2b-webshop\/\"},{\"@type\":\"ListItem\",\"position\":3,\"name\":\"Levante &#8211; Square\"}]},{\"@type\":\"WebSite\",\"@id\":\"https:\/\/rafdeluxe.com\/de\/#website\",\"url\":\"https:\/\/rafdeluxe.com\/de\/\",\"name\":\"RAF deluxe | DE\",\"description\":\"RAW AUTHENTIC FINISHES\",\"publisher\":{\"@id\":\"https:\/\/rafdeluxe.com\/de\/#organization\"},\"potentialAction\":[{\"@type\":\"SearchAction\",\"target\":{\"@type\":\"EntryPoint\",\"urlTemplate\":\"https:\/\/rafdeluxe.com\/de\/?s={search_term_string}\"},\"query-input\":{\"@type\":\"PropertyValueSpecification\",\"valueRequired\":true,\"valueName\":\"search_term_string\"}}],\"inLanguage\":\"de\"},{\"@type\":\"Organization\",\"@id\":\"https:\/\/rafdeluxe.com\/de\/#organization\",\"name\":\"RAF deluxe | DE\",\"url\":\"https:\/\/rafdeluxe.com\/de\/\",\"logo\":{\"@type\":\"ImageObject\",\"inLanguage\":\"de\",\"@id\":\"https:\/\/rafdeluxe.com\/de\/#\/schema\/logo\/image\/\",\"url\":\"https:\/\/rafdeluxe.com\/de\/wp-content\/uploads\/sites\/3\/2019\/12\/logo-raf.png\",\"contentUrl\":\"https:\/\/rafdeluxe.com\/de\/wp-content\/uploads\/sites\/3\/2019\/12\/logo-raf.png\",\"width\":350,\"height\":198,\"caption\":\"RAF deluxe | DE\"},\"image\":{\"@id\":\"https:\/\/rafdeluxe.com\/de\/#\/schema\/logo\/image\/\"}}]}<\/script>\n<!-- \/ Yoast SEO plugin. -->","yoast_head_json":{"title":"Levante - Square - RAF deluxe | DE","robots":{"index":"index","follow":"follow","max-snippet":"max-snippet:-1","max-image-preview":"max-image-preview:large","max-video-preview":"max-video-preview:-1"},"canonical":"https:\/\/rafdeluxe.com\/de\/product\/marble-square-aufbewahrungsbox\/","og_locale":"de_DE","og_type":"article","og_title":"Levante - Square - RAF deluxe | DE","og_description":"Diese elegante Box ist aus ge\u00e4dertem Marmor in Graut\u00f6nen handgefertigt. Stilvoll und gleichzeitig praktisch als Aufbewahrungsbox zu verwenden.  Unter der Box sind Filze angebracht, um die Oberfl\u00e4che zu sch\u00fctzen.  Erh\u00e4ltlich in 3 Gr\u00f6\u00dfen. Auch runde Marmorboxen sind erh\u00e4ltlich.  Hinweis: Marmor ist ein nat\u00fcrliches Material, daher k\u00f6nnen Farbe und Design von den gezeigten Fotos abweichen.","og_url":"https:\/\/rafdeluxe.com\/de\/product\/marble-square-aufbewahrungsbox\/","og_site_name":"RAF deluxe | DE","article_modified_time":"2025-08-26T10:20:57+00:00","og_image":[{"width":1000,"height":1000,"url":"https:\/\/rafdeluxe.com\/de\/wp-content\/uploads\/sites\/3\/2023\/03\/8-2.jpg","type":"image\/jpeg"}],"twitter_card":"summary_large_image","schema":{"@context":"https:\/\/schema.org","@graph":[{"@type":"WebPage","@id":"https:\/\/rafdeluxe.com\/de\/product\/marble-square-aufbewahrungsbox\/","url":"https:\/\/rafdeluxe.com\/de\/product\/marble-square-aufbewahrungsbox\/","name":"Levante - Square - RAF deluxe | DE","isPartOf":{"@id":"https:\/\/rafdeluxe.com\/de\/#website"},"primaryImageOfPage":{"@id":"https:\/\/rafdeluxe.com\/de\/product\/marble-square-aufbewahrungsbox\/#primaryimage"},"image":{"@id":"https:\/\/rafdeluxe.com\/de\/product\/marble-square-aufbewahrungsbox\/#primaryimage"},"thumbnailUrl":"https:\/\/rafdeluxe.com\/de\/wp-content\/uploads\/sites\/3\/2023\/03\/8-2.jpg","datePublished":"2023-03-18T09:33:48+00:00","dateModified":"2025-08-26T10:20:57+00:00","breadcrumb":{"@id":"https:\/\/rafdeluxe.com\/de\/product\/marble-square-aufbewahrungsbox\/#breadcrumb"},"inLanguage":"de","potentialAction":[{"@type":"ReadAction","target":["https:\/\/rafdeluxe.com\/de\/product\/marble-square-aufbewahrungsbox\/"]}]},{"@type":"ImageObject","inLanguage":"de","@id":"https:\/\/rafdeluxe.com\/de\/product\/marble-square-aufbewahrungsbox\/#primaryimage","url":"https:\/\/rafdeluxe.com\/de\/wp-content\/uploads\/sites\/3\/2023\/03\/8-2.jpg","contentUrl":"https:\/\/rafdeluxe.com\/de\/wp-content\/uploads\/sites\/3\/2023\/03\/8-2.jpg","width":1000,"height":1000},{"@type":"BreadcrumbList","@id":"https:\/\/rafdeluxe.com\/de\/product\/marble-square-aufbewahrungsbox\/#breadcrumb","itemListElement":[{"@type":"ListItem","position":1,"name":"Home","item":"https:\/\/rafdeluxe.com\/de\/"},{"@type":"ListItem","position":2,"name":"B2B Webshop","item":"https:\/\/rafdeluxe.com\/de\/b2b-webshop\/"},{"@type":"ListItem","position":3,"name":"Levante &#8211; Square"}]},{"@type":"WebSite","@id":"https:\/\/rafdeluxe.com\/de\/#website","url":"https:\/\/rafdeluxe.com\/de\/","name":"RAF deluxe | DE","description":"RAW AUTHENTIC FINISHES","publisher":{"@id":"https:\/\/rafdeluxe.com\/de\/#organization"},"potentialAction":[{"@type":"SearchAction","target":{"@type":"EntryPoint","urlTemplate":"https:\/\/rafdeluxe.com\/de\/?s={search_term_string}"},"query-input":{"@type":"PropertyValueSpecification","valueRequired":true,"valueName":"search_term_string"}}],"inLanguage":"de"},{"@type":"Organization","@id":"https:\/\/rafdeluxe.com\/de\/#organization","name":"RAF deluxe | DE","url":"https:\/\/rafdeluxe.com\/de\/","logo":{"@type":"ImageObject","inLanguage":"de","@id":"https:\/\/rafdeluxe.com\/de\/#\/schema\/logo\/image\/","url":"https:\/\/rafdeluxe.com\/de\/wp-content\/uploads\/sites\/3\/2019\/12\/logo-raf.png","contentUrl":"https:\/\/rafdeluxe.com\/de\/wp-content\/uploads\/sites\/3\/2019\/12\/logo-raf.png","width":350,"height":198,"caption":"RAF deluxe | DE"},"image":{"@id":"https:\/\/rafdeluxe.com\/de\/#\/schema\/logo\/image\/"}}]}},"_links":{"self":[{"href":"https:\/\/rafdeluxe.com\/de\/wp-json\/wp\/v2\/product\/45104","targetHints":{"allow":["GET"]}}],"collection":[{"href":"https:\/\/rafdeluxe.com\/de\/wp-json\/wp\/v2\/product"}],"about":[{"href":"https:\/\/rafdeluxe.com\/de\/wp-json\/wp\/v2\/types\/product"}],"wp:featuredmedia":[{"embeddable":true,"href":"https:\/\/rafdeluxe.com\/de\/wp-json\/wp\/v2\/media\/45105"}],"wp:attachment":[{"href":"https:\/\/rafdeluxe.com\/de\/wp-json\/wp\/v2\/media?parent=45104"}],"wp:term":[{"taxonomy":"product_brand","embeddable":true,"href":"https:\/\/rafdeluxe.com\/de\/wp-json\/wp\/v2\/product_brand?post=45104"},{"taxonomy":"product_cat","embeddable":true,"href":"https:\/\/rafdeluxe.com\/de\/wp-json\/wp\/v2\/product_cat?post=45104"},{"taxonomy":"product_tag","embeddable":true,"href":"https:\/\/rafdeluxe.com\/de\/wp-json\/wp\/v2\/product_tag?post=45104"}],"curies":[{"name":"wp","href":"https:\/\/api.w.org\/{rel}","templated":true}]}}