{"id":43955,"date":"2023-01-04T10:14:14","date_gmt":"2023-01-04T09:14:14","guid":{"rendered":"https:\/\/rafdeluxe.com\/product\/raf-opbergbox-totem-horn-box-large\/"},"modified":"2025-09-20T12:10:01","modified_gmt":"2025-09-20T11:10:01","slug":"raf-opbergbox-totem-horn-box-large","status":"publish","type":"product","link":"https:\/\/rafdeluxe.com\/de\/product\/raf-opbergbox-totem-horn-box-large\/","title":{"rendered":"Totem"},"content":{"rendered":"","protected":false},"excerpt":{"rendered":"Handgefertigt aus Harz, um diese elegante und einzigartig gestaltete Box zu schaffen. Stilvoll und gleichzeitig praktisch als Aufbewahrungsbox zu verwenden.\r\n\r\nUnter der Box sind Filze angebracht, um die Oberfl\u00e4che zu sch\u00fctzen.\r\n\r\nErh\u00e4ltlich in 2 Gr\u00f6\u00dfen. Passende Objekte aus der Totem-Kollektion sind ebenfalls erh\u00e4ltlich, die sich wunderbar mit den Aufbewahrungsboxen kombinieren lassen.","protected":false},"featured_media":45360,"template":"","meta":{"_acf_changed":false},"product_brand":[],"product_cat":[610,662],"product_tag":[],"class_list":{"0":"post-43955","1":"product","2":"type-product","3":"status-publish","4":"has-post-thumbnail","6":"product_cat-raf-deluxe-exklusive-angebote","7":"product_cat-aufbewahrungsboxen","9":"first","10":"instock","11":"sale","12":"taxable","13":"shipping-taxable","14":"product-type-variable"},"acf":[],"yoast_head":"<!-- This site is optimized with the Yoast SEO plugin v26.6 - https:\/\/yoast.com\/wordpress\/plugins\/seo\/ -->\n<title>Totem - RAF deluxe | DE<\/title>\n<meta name=\"robots\" content=\"index, follow, max-snippet:-1, max-image-preview:large, max-video-preview:-1\" \/>\n<link rel=\"canonical\" href=\"https:\/\/rafdeluxe.com\/de\/product\/raf-opbergbox-totem-horn-box-large\/\" \/>\n<meta property=\"og:locale\" content=\"de_DE\" \/>\n<meta property=\"og:type\" content=\"article\" \/>\n<meta property=\"og:title\" content=\"Totem - RAF deluxe | DE\" \/>\n<meta property=\"og:description\" content=\"Handgefertigt aus Harz, um diese elegante und einzigartig gestaltete Box zu schaffen. Stilvoll und gleichzeitig praktisch als Aufbewahrungsbox zu verwenden.  Unter der Box sind Filze angebracht, um die Oberfl\u00e4che zu sch\u00fctzen.  Erh\u00e4ltlich in 2 Gr\u00f6\u00dfen. Passende Objekte aus der Totem-Kollektion sind ebenfalls erh\u00e4ltlich, die sich wunderbar mit den Aufbewahrungsboxen kombinieren lassen.\" \/>\n<meta property=\"og:url\" content=\"https:\/\/rafdeluxe.com\/de\/product\/raf-opbergbox-totem-horn-box-large\/\" \/>\n<meta property=\"og:site_name\" content=\"RAF deluxe | DE\" \/>\n<meta property=\"article:modified_time\" content=\"2025-09-20T11:10:01+00:00\" \/>\n<meta property=\"og:image\" content=\"https:\/\/rafdeluxe.com\/de\/wp-content\/uploads\/sites\/3\/2023\/01\/12.jpg\" \/>\n\t<meta property=\"og:image:width\" content=\"845\" \/>\n\t<meta property=\"og:image:height\" content=\"852\" \/>\n\t<meta property=\"og:image:type\" content=\"image\/jpeg\" \/>\n<meta name=\"twitter:card\" content=\"summary_large_image\" \/>\n<meta name=\"twitter:label1\" content=\"Gesch\u00e4tzte Lesezeit\" \/>\n\t<meta name=\"twitter:data1\" content=\"1\u00a0Minute\" \/>\n<script type=\"application\/ld+json\" class=\"yoast-schema-graph\">{\"@context\":\"https:\/\/schema.org\",\"@graph\":[{\"@type\":\"WebPage\",\"@id\":\"https:\/\/rafdeluxe.com\/de\/product\/raf-opbergbox-totem-horn-box-large\/\",\"url\":\"https:\/\/rafdeluxe.com\/de\/product\/raf-opbergbox-totem-horn-box-large\/\",\"name\":\"Totem - RAF deluxe | DE\",\"isPartOf\":{\"@id\":\"https:\/\/rafdeluxe.com\/de\/#website\"},\"primaryImageOfPage\":{\"@id\":\"https:\/\/rafdeluxe.com\/de\/product\/raf-opbergbox-totem-horn-box-large\/#primaryimage\"},\"image\":{\"@id\":\"https:\/\/rafdeluxe.com\/de\/product\/raf-opbergbox-totem-horn-box-large\/#primaryimage\"},\"thumbnailUrl\":\"https:\/\/rafdeluxe.com\/de\/wp-content\/uploads\/sites\/3\/2023\/01\/12.jpg\",\"datePublished\":\"2023-01-04T09:14:14+00:00\",\"dateModified\":\"2025-09-20T11:10:01+00:00\",\"breadcrumb\":{\"@id\":\"https:\/\/rafdeluxe.com\/de\/product\/raf-opbergbox-totem-horn-box-large\/#breadcrumb\"},\"inLanguage\":\"de\",\"potentialAction\":[{\"@type\":\"ReadAction\",\"target\":[\"https:\/\/rafdeluxe.com\/de\/product\/raf-opbergbox-totem-horn-box-large\/\"]}]},{\"@type\":\"ImageObject\",\"inLanguage\":\"de\",\"@id\":\"https:\/\/rafdeluxe.com\/de\/product\/raf-opbergbox-totem-horn-box-large\/#primaryimage\",\"url\":\"https:\/\/rafdeluxe.com\/de\/wp-content\/uploads\/sites\/3\/2023\/01\/12.jpg\",\"contentUrl\":\"https:\/\/rafdeluxe.com\/de\/wp-content\/uploads\/sites\/3\/2023\/01\/12.jpg\",\"width\":845,\"height\":852},{\"@type\":\"BreadcrumbList\",\"@id\":\"https:\/\/rafdeluxe.com\/de\/product\/raf-opbergbox-totem-horn-box-large\/#breadcrumb\",\"itemListElement\":[{\"@type\":\"ListItem\",\"position\":1,\"name\":\"Home\",\"item\":\"https:\/\/rafdeluxe.com\/de\/\"},{\"@type\":\"ListItem\",\"position\":2,\"name\":\"B2B Webshop\",\"item\":\"https:\/\/rafdeluxe.com\/de\/b2b-webshop\/\"},{\"@type\":\"ListItem\",\"position\":3,\"name\":\"Totem\"}]},{\"@type\":\"WebSite\",\"@id\":\"https:\/\/rafdeluxe.com\/de\/#website\",\"url\":\"https:\/\/rafdeluxe.com\/de\/\",\"name\":\"RAF deluxe | DE\",\"description\":\"RAW AUTHENTIC FINISHES\",\"publisher\":{\"@id\":\"https:\/\/rafdeluxe.com\/de\/#organization\"},\"potentialAction\":[{\"@type\":\"SearchAction\",\"target\":{\"@type\":\"EntryPoint\",\"urlTemplate\":\"https:\/\/rafdeluxe.com\/de\/?s={search_term_string}\"},\"query-input\":{\"@type\":\"PropertyValueSpecification\",\"valueRequired\":true,\"valueName\":\"search_term_string\"}}],\"inLanguage\":\"de\"},{\"@type\":\"Organization\",\"@id\":\"https:\/\/rafdeluxe.com\/de\/#organization\",\"name\":\"RAF deluxe | DE\",\"url\":\"https:\/\/rafdeluxe.com\/de\/\",\"logo\":{\"@type\":\"ImageObject\",\"inLanguage\":\"de\",\"@id\":\"https:\/\/rafdeluxe.com\/de\/#\/schema\/logo\/image\/\",\"url\":\"https:\/\/rafdeluxe.com\/de\/wp-content\/uploads\/sites\/3\/2019\/12\/logo-raf.png\",\"contentUrl\":\"https:\/\/rafdeluxe.com\/de\/wp-content\/uploads\/sites\/3\/2019\/12\/logo-raf.png\",\"width\":350,\"height\":198,\"caption\":\"RAF deluxe | DE\"},\"image\":{\"@id\":\"https:\/\/rafdeluxe.com\/de\/#\/schema\/logo\/image\/\"}}]}<\/script>\n<!-- \/ Yoast SEO plugin. -->","yoast_head_json":{"title":"Totem - RAF deluxe | DE","robots":{"index":"index","follow":"follow","max-snippet":"max-snippet:-1","max-image-preview":"max-image-preview:large","max-video-preview":"max-video-preview:-1"},"canonical":"https:\/\/rafdeluxe.com\/de\/product\/raf-opbergbox-totem-horn-box-large\/","og_locale":"de_DE","og_type":"article","og_title":"Totem - RAF deluxe | DE","og_description":"Handgefertigt aus Harz, um diese elegante und einzigartig gestaltete Box zu schaffen. Stilvoll und gleichzeitig praktisch als Aufbewahrungsbox zu verwenden.  Unter der Box sind Filze angebracht, um die Oberfl\u00e4che zu sch\u00fctzen.  Erh\u00e4ltlich in 2 Gr\u00f6\u00dfen. Passende Objekte aus der Totem-Kollektion sind ebenfalls erh\u00e4ltlich, die sich wunderbar mit den Aufbewahrungsboxen kombinieren lassen.","og_url":"https:\/\/rafdeluxe.com\/de\/product\/raf-opbergbox-totem-horn-box-large\/","og_site_name":"RAF deluxe | DE","article_modified_time":"2025-09-20T11:10:01+00:00","og_image":[{"width":845,"height":852,"url":"https:\/\/rafdeluxe.com\/de\/wp-content\/uploads\/sites\/3\/2023\/01\/12.jpg","type":"image\/jpeg"}],"twitter_card":"summary_large_image","twitter_misc":{"Gesch\u00e4tzte Lesezeit":"1\u00a0Minute"},"schema":{"@context":"https:\/\/schema.org","@graph":[{"@type":"WebPage","@id":"https:\/\/rafdeluxe.com\/de\/product\/raf-opbergbox-totem-horn-box-large\/","url":"https:\/\/rafdeluxe.com\/de\/product\/raf-opbergbox-totem-horn-box-large\/","name":"Totem - RAF deluxe | DE","isPartOf":{"@id":"https:\/\/rafdeluxe.com\/de\/#website"},"primaryImageOfPage":{"@id":"https:\/\/rafdeluxe.com\/de\/product\/raf-opbergbox-totem-horn-box-large\/#primaryimage"},"image":{"@id":"https:\/\/rafdeluxe.com\/de\/product\/raf-opbergbox-totem-horn-box-large\/#primaryimage"},"thumbnailUrl":"https:\/\/rafdeluxe.com\/de\/wp-content\/uploads\/sites\/3\/2023\/01\/12.jpg","datePublished":"2023-01-04T09:14:14+00:00","dateModified":"2025-09-20T11:10:01+00:00","breadcrumb":{"@id":"https:\/\/rafdeluxe.com\/de\/product\/raf-opbergbox-totem-horn-box-large\/#breadcrumb"},"inLanguage":"de","potentialAction":[{"@type":"ReadAction","target":["https:\/\/rafdeluxe.com\/de\/product\/raf-opbergbox-totem-horn-box-large\/"]}]},{"@type":"ImageObject","inLanguage":"de","@id":"https:\/\/rafdeluxe.com\/de\/product\/raf-opbergbox-totem-horn-box-large\/#primaryimage","url":"https:\/\/rafdeluxe.com\/de\/wp-content\/uploads\/sites\/3\/2023\/01\/12.jpg","contentUrl":"https:\/\/rafdeluxe.com\/de\/wp-content\/uploads\/sites\/3\/2023\/01\/12.jpg","width":845,"height":852},{"@type":"BreadcrumbList","@id":"https:\/\/rafdeluxe.com\/de\/product\/raf-opbergbox-totem-horn-box-large\/#breadcrumb","itemListElement":[{"@type":"ListItem","position":1,"name":"Home","item":"https:\/\/rafdeluxe.com\/de\/"},{"@type":"ListItem","position":2,"name":"B2B Webshop","item":"https:\/\/rafdeluxe.com\/de\/b2b-webshop\/"},{"@type":"ListItem","position":3,"name":"Totem"}]},{"@type":"WebSite","@id":"https:\/\/rafdeluxe.com\/de\/#website","url":"https:\/\/rafdeluxe.com\/de\/","name":"RAF deluxe | DE","description":"RAW AUTHENTIC FINISHES","publisher":{"@id":"https:\/\/rafdeluxe.com\/de\/#organization"},"potentialAction":[{"@type":"SearchAction","target":{"@type":"EntryPoint","urlTemplate":"https:\/\/rafdeluxe.com\/de\/?s={search_term_string}"},"query-input":{"@type":"PropertyValueSpecification","valueRequired":true,"valueName":"search_term_string"}}],"inLanguage":"de"},{"@type":"Organization","@id":"https:\/\/rafdeluxe.com\/de\/#organization","name":"RAF deluxe | DE","url":"https:\/\/rafdeluxe.com\/de\/","logo":{"@type":"ImageObject","inLanguage":"de","@id":"https:\/\/rafdeluxe.com\/de\/#\/schema\/logo\/image\/","url":"https:\/\/rafdeluxe.com\/de\/wp-content\/uploads\/sites\/3\/2019\/12\/logo-raf.png","contentUrl":"https:\/\/rafdeluxe.com\/de\/wp-content\/uploads\/sites\/3\/2019\/12\/logo-raf.png","width":350,"height":198,"caption":"RAF deluxe | DE"},"image":{"@id":"https:\/\/rafdeluxe.com\/de\/#\/schema\/logo\/image\/"}}]}},"_links":{"self":[{"href":"https:\/\/rafdeluxe.com\/de\/wp-json\/wp\/v2\/product\/43955","targetHints":{"allow":["GET"]}}],"collection":[{"href":"https:\/\/rafdeluxe.com\/de\/wp-json\/wp\/v2\/product"}],"about":[{"href":"https:\/\/rafdeluxe.com\/de\/wp-json\/wp\/v2\/types\/product"}],"wp:featuredmedia":[{"embeddable":true,"href":"https:\/\/rafdeluxe.com\/de\/wp-json\/wp\/v2\/media\/45360"}],"wp:attachment":[{"href":"https:\/\/rafdeluxe.com\/de\/wp-json\/wp\/v2\/media?parent=43955"}],"wp:term":[{"taxonomy":"product_brand","embeddable":true,"href":"https:\/\/rafdeluxe.com\/de\/wp-json\/wp\/v2\/product_brand?post=43955"},{"taxonomy":"product_cat","embeddable":true,"href":"https:\/\/rafdeluxe.com\/de\/wp-json\/wp\/v2\/product_cat?post=43955"},{"taxonomy":"product_tag","embeddable":true,"href":"https:\/\/rafdeluxe.com\/de\/wp-json\/wp\/v2\/product_tag?post=43955"}],"curies":[{"name":"wp","href":"https:\/\/api.w.org\/{rel}","templated":true}]}}