{"id":43945,"date":"2023-01-04T10:14:12","date_gmt":"2023-01-04T09:14:12","guid":{"rendered":"https:\/\/rafdeluxe.com\/product\/baya-sierkussen-selene\/"},"modified":"2025-02-10T18:03:12","modified_gmt":"2025-02-10T17:03:12","slug":"baya-sierkussen-selene","status":"publish","type":"product","link":"https:\/\/rafdeluxe.com\/de\/product\/baya-sierkussen-selene\/","title":{"rendered":"Tundra"},"content":{"rendered":"<p>Von einer Wertsch\u00e4tzung f\u00fcr \u00c4sthetik und Handwerk geleitet, werden viele der Produkte aus handgefertigten und -gef\u00e4rbten Garnen gefertigt und zus\u00e4tzlich mit gestickten Akzenten, mit Druck oder Webelementen versehen und von Hand fertiggestellt. Diese \u00e4u\u00dferst komplexen und nuancierten manuellen Fertigungsprozesse sorgen f\u00fcr dekorative und einzigartige Produkte. Mit ihren nat\u00fcrlichen Fasern, den luxuri\u00f6sen Stoffen und unverwechselbaren Oberfl\u00e4chen spiegeln diese Kissen und Plaids die Leidenschaft von Furtex f\u00fcr handgefertigte Produkte wider.<\/p>\n<p>Inspiriert von nat\u00fcrlichen Materialien und der Natur ist der Ansatz von Furtex durchdacht, raffiniert und zielgerichtet. Textur und taktile Elemente werden integriert, um die nat\u00fcrlichen Aspekte der Marke zu erg\u00e4nzen. Minimales Design vermittelt ein Gef\u00fchl von Ruhe und Gelassenheit, w\u00e4hrend die verwendeten Materialien ein Gesamtgef\u00fchl von Qualit\u00e4t verschaffen.<\/p>\n<p>Diese wundersch\u00f6nen Kissen und Plaids verleihen jedem Interieur Eleganz und Raffinesse mit unverwechselbaren Texturen, Naturfasern und raffinierten Farben. Mixen und Matchen Sie die Kissen, die sich perfekt miteinander kombinieren lassen.<\/p>\n","protected":false},"excerpt":{"rendered":"Weiche, runde Formen, die an Sandsteinbl\u00f6cke erinnern, spiegeln sich im haptischen Design des Tundra-Kissens wider. Die reichhaltige Textur, das getuftete Oberfl\u00e4chendesign und die hellen, cremigen\/nat\u00fcrlichen Farbschemata schaffen informelle R\u00e4ume zum Entspannen.\r\n\r\nInklusive Entenfeder-Innenkissen.","protected":false},"featured_media":45822,"template":"","meta":{"_acf_changed":false},"product_brand":[],"product_cat":[265,350],"product_tag":[],"class_list":{"0":"post-43945","1":"product","2":"type-product","3":"status-publish","4":"has-post-thumbnail","6":"product_cat-sierkussens","7":"product_cat-baya","9":"first","10":"instock","11":"taxable","12":"shipping-taxable","13":"product-type-simple"},"acf":[],"yoast_head":"<!-- This site is optimized with the Yoast SEO plugin v26.6 - https:\/\/yoast.com\/wordpress\/plugins\/seo\/ -->\n<title>Tundra - RAF deluxe | DE<\/title>\n<meta name=\"robots\" content=\"index, follow, max-snippet:-1, max-image-preview:large, max-video-preview:-1\" \/>\n<link rel=\"canonical\" href=\"https:\/\/rafdeluxe.com\/de\/product\/baya-sierkussen-selene\/\" \/>\n<meta property=\"og:locale\" content=\"de_DE\" \/>\n<meta property=\"og:type\" content=\"article\" \/>\n<meta property=\"og:title\" content=\"Tundra - RAF deluxe | DE\" \/>\n<meta property=\"og:description\" content=\"Weiche, runde Formen, die an Sandsteinbl\u00f6cke erinnern, spiegeln sich im haptischen Design des Tundra-Kissens wider. Die reichhaltige Textur, das getuftete Oberfl\u00e4chendesign und die hellen, cremigen\/nat\u00fcrlichen Farbschemata schaffen informelle R\u00e4ume zum Entspannen.  Inklusive Entenfeder-Innenkissen.\" \/>\n<meta property=\"og:url\" content=\"https:\/\/rafdeluxe.com\/de\/product\/baya-sierkussen-selene\/\" \/>\n<meta property=\"og:site_name\" content=\"RAF deluxe | DE\" \/>\n<meta property=\"article:modified_time\" content=\"2025-02-10T17:03:12+00:00\" \/>\n<meta property=\"og:image\" content=\"https:\/\/rafdeluxe.com\/de\/wp-content\/uploads\/sites\/3\/2023\/01\/2-18.jpg\" \/>\n\t<meta property=\"og:image:width\" content=\"1000\" \/>\n\t<meta property=\"og:image:height\" content=\"1004\" \/>\n\t<meta property=\"og:image:type\" content=\"image\/jpeg\" \/>\n<meta name=\"twitter:card\" content=\"summary_large_image\" \/>\n<meta name=\"twitter:label1\" content=\"Gesch\u00e4tzte Lesezeit\" \/>\n\t<meta name=\"twitter:data1\" content=\"2\u00a0Minuten\" \/>\n<script type=\"application\/ld+json\" class=\"yoast-schema-graph\">{\"@context\":\"https:\/\/schema.org\",\"@graph\":[{\"@type\":\"WebPage\",\"@id\":\"https:\/\/rafdeluxe.com\/de\/product\/baya-sierkussen-selene\/\",\"url\":\"https:\/\/rafdeluxe.com\/de\/product\/baya-sierkussen-selene\/\",\"name\":\"Tundra - RAF deluxe | DE\",\"isPartOf\":{\"@id\":\"https:\/\/rafdeluxe.com\/de\/#website\"},\"primaryImageOfPage\":{\"@id\":\"https:\/\/rafdeluxe.com\/de\/product\/baya-sierkussen-selene\/#primaryimage\"},\"image\":{\"@id\":\"https:\/\/rafdeluxe.com\/de\/product\/baya-sierkussen-selene\/#primaryimage\"},\"thumbnailUrl\":\"https:\/\/rafdeluxe.com\/de\/wp-content\/uploads\/sites\/3\/2023\/01\/2-18.jpg\",\"datePublished\":\"2023-01-04T09:14:12+00:00\",\"dateModified\":\"2025-02-10T17:03:12+00:00\",\"breadcrumb\":{\"@id\":\"https:\/\/rafdeluxe.com\/de\/product\/baya-sierkussen-selene\/#breadcrumb\"},\"inLanguage\":\"de\",\"potentialAction\":[{\"@type\":\"ReadAction\",\"target\":[\"https:\/\/rafdeluxe.com\/de\/product\/baya-sierkussen-selene\/\"]}]},{\"@type\":\"ImageObject\",\"inLanguage\":\"de\",\"@id\":\"https:\/\/rafdeluxe.com\/de\/product\/baya-sierkussen-selene\/#primaryimage\",\"url\":\"https:\/\/rafdeluxe.com\/de\/wp-content\/uploads\/sites\/3\/2023\/01\/2-18.jpg\",\"contentUrl\":\"https:\/\/rafdeluxe.com\/de\/wp-content\/uploads\/sites\/3\/2023\/01\/2-18.jpg\",\"width\":1000,\"height\":1004},{\"@type\":\"BreadcrumbList\",\"@id\":\"https:\/\/rafdeluxe.com\/de\/product\/baya-sierkussen-selene\/#breadcrumb\",\"itemListElement\":[{\"@type\":\"ListItem\",\"position\":1,\"name\":\"Home\",\"item\":\"https:\/\/rafdeluxe.com\/de\/\"},{\"@type\":\"ListItem\",\"position\":2,\"name\":\"B2B Webshop\",\"item\":\"https:\/\/rafdeluxe.com\/de\/b2b-webshop\/\"},{\"@type\":\"ListItem\",\"position\":3,\"name\":\"Tundra\"}]},{\"@type\":\"WebSite\",\"@id\":\"https:\/\/rafdeluxe.com\/de\/#website\",\"url\":\"https:\/\/rafdeluxe.com\/de\/\",\"name\":\"RAF deluxe | DE\",\"description\":\"RAW AUTHENTIC FINISHES\",\"publisher\":{\"@id\":\"https:\/\/rafdeluxe.com\/de\/#organization\"},\"potentialAction\":[{\"@type\":\"SearchAction\",\"target\":{\"@type\":\"EntryPoint\",\"urlTemplate\":\"https:\/\/rafdeluxe.com\/de\/?s={search_term_string}\"},\"query-input\":{\"@type\":\"PropertyValueSpecification\",\"valueRequired\":true,\"valueName\":\"search_term_string\"}}],\"inLanguage\":\"de\"},{\"@type\":\"Organization\",\"@id\":\"https:\/\/rafdeluxe.com\/de\/#organization\",\"name\":\"RAF deluxe | DE\",\"url\":\"https:\/\/rafdeluxe.com\/de\/\",\"logo\":{\"@type\":\"ImageObject\",\"inLanguage\":\"de\",\"@id\":\"https:\/\/rafdeluxe.com\/de\/#\/schema\/logo\/image\/\",\"url\":\"https:\/\/rafdeluxe.com\/de\/wp-content\/uploads\/sites\/3\/2019\/12\/logo-raf.png\",\"contentUrl\":\"https:\/\/rafdeluxe.com\/de\/wp-content\/uploads\/sites\/3\/2019\/12\/logo-raf.png\",\"width\":350,\"height\":198,\"caption\":\"RAF deluxe | DE\"},\"image\":{\"@id\":\"https:\/\/rafdeluxe.com\/de\/#\/schema\/logo\/image\/\"}}]}<\/script>\n<!-- \/ Yoast SEO plugin. -->","yoast_head_json":{"title":"Tundra - RAF deluxe | DE","robots":{"index":"index","follow":"follow","max-snippet":"max-snippet:-1","max-image-preview":"max-image-preview:large","max-video-preview":"max-video-preview:-1"},"canonical":"https:\/\/rafdeluxe.com\/de\/product\/baya-sierkussen-selene\/","og_locale":"de_DE","og_type":"article","og_title":"Tundra - RAF deluxe | DE","og_description":"Weiche, runde Formen, die an Sandsteinbl\u00f6cke erinnern, spiegeln sich im haptischen Design des Tundra-Kissens wider. Die reichhaltige Textur, das getuftete Oberfl\u00e4chendesign und die hellen, cremigen\/nat\u00fcrlichen Farbschemata schaffen informelle R\u00e4ume zum Entspannen.  Inklusive Entenfeder-Innenkissen.","og_url":"https:\/\/rafdeluxe.com\/de\/product\/baya-sierkussen-selene\/","og_site_name":"RAF deluxe | DE","article_modified_time":"2025-02-10T17:03:12+00:00","og_image":[{"width":1000,"height":1004,"url":"https:\/\/rafdeluxe.com\/de\/wp-content\/uploads\/sites\/3\/2023\/01\/2-18.jpg","type":"image\/jpeg"}],"twitter_card":"summary_large_image","twitter_misc":{"Gesch\u00e4tzte Lesezeit":"2\u00a0Minuten"},"schema":{"@context":"https:\/\/schema.org","@graph":[{"@type":"WebPage","@id":"https:\/\/rafdeluxe.com\/de\/product\/baya-sierkussen-selene\/","url":"https:\/\/rafdeluxe.com\/de\/product\/baya-sierkussen-selene\/","name":"Tundra - RAF deluxe | DE","isPartOf":{"@id":"https:\/\/rafdeluxe.com\/de\/#website"},"primaryImageOfPage":{"@id":"https:\/\/rafdeluxe.com\/de\/product\/baya-sierkussen-selene\/#primaryimage"},"image":{"@id":"https:\/\/rafdeluxe.com\/de\/product\/baya-sierkussen-selene\/#primaryimage"},"thumbnailUrl":"https:\/\/rafdeluxe.com\/de\/wp-content\/uploads\/sites\/3\/2023\/01\/2-18.jpg","datePublished":"2023-01-04T09:14:12+00:00","dateModified":"2025-02-10T17:03:12+00:00","breadcrumb":{"@id":"https:\/\/rafdeluxe.com\/de\/product\/baya-sierkussen-selene\/#breadcrumb"},"inLanguage":"de","potentialAction":[{"@type":"ReadAction","target":["https:\/\/rafdeluxe.com\/de\/product\/baya-sierkussen-selene\/"]}]},{"@type":"ImageObject","inLanguage":"de","@id":"https:\/\/rafdeluxe.com\/de\/product\/baya-sierkussen-selene\/#primaryimage","url":"https:\/\/rafdeluxe.com\/de\/wp-content\/uploads\/sites\/3\/2023\/01\/2-18.jpg","contentUrl":"https:\/\/rafdeluxe.com\/de\/wp-content\/uploads\/sites\/3\/2023\/01\/2-18.jpg","width":1000,"height":1004},{"@type":"BreadcrumbList","@id":"https:\/\/rafdeluxe.com\/de\/product\/baya-sierkussen-selene\/#breadcrumb","itemListElement":[{"@type":"ListItem","position":1,"name":"Home","item":"https:\/\/rafdeluxe.com\/de\/"},{"@type":"ListItem","position":2,"name":"B2B Webshop","item":"https:\/\/rafdeluxe.com\/de\/b2b-webshop\/"},{"@type":"ListItem","position":3,"name":"Tundra"}]},{"@type":"WebSite","@id":"https:\/\/rafdeluxe.com\/de\/#website","url":"https:\/\/rafdeluxe.com\/de\/","name":"RAF deluxe | DE","description":"RAW AUTHENTIC FINISHES","publisher":{"@id":"https:\/\/rafdeluxe.com\/de\/#organization"},"potentialAction":[{"@type":"SearchAction","target":{"@type":"EntryPoint","urlTemplate":"https:\/\/rafdeluxe.com\/de\/?s={search_term_string}"},"query-input":{"@type":"PropertyValueSpecification","valueRequired":true,"valueName":"search_term_string"}}],"inLanguage":"de"},{"@type":"Organization","@id":"https:\/\/rafdeluxe.com\/de\/#organization","name":"RAF deluxe | DE","url":"https:\/\/rafdeluxe.com\/de\/","logo":{"@type":"ImageObject","inLanguage":"de","@id":"https:\/\/rafdeluxe.com\/de\/#\/schema\/logo\/image\/","url":"https:\/\/rafdeluxe.com\/de\/wp-content\/uploads\/sites\/3\/2019\/12\/logo-raf.png","contentUrl":"https:\/\/rafdeluxe.com\/de\/wp-content\/uploads\/sites\/3\/2019\/12\/logo-raf.png","width":350,"height":198,"caption":"RAF deluxe | DE"},"image":{"@id":"https:\/\/rafdeluxe.com\/de\/#\/schema\/logo\/image\/"}}]}},"_links":{"self":[{"href":"https:\/\/rafdeluxe.com\/de\/wp-json\/wp\/v2\/product\/43945","targetHints":{"allow":["GET"]}}],"collection":[{"href":"https:\/\/rafdeluxe.com\/de\/wp-json\/wp\/v2\/product"}],"about":[{"href":"https:\/\/rafdeluxe.com\/de\/wp-json\/wp\/v2\/types\/product"}],"wp:featuredmedia":[{"embeddable":true,"href":"https:\/\/rafdeluxe.com\/de\/wp-json\/wp\/v2\/media\/45822"}],"wp:attachment":[{"href":"https:\/\/rafdeluxe.com\/de\/wp-json\/wp\/v2\/media?parent=43945"}],"wp:term":[{"taxonomy":"product_brand","embeddable":true,"href":"https:\/\/rafdeluxe.com\/de\/wp-json\/wp\/v2\/product_brand?post=43945"},{"taxonomy":"product_cat","embeddable":true,"href":"https:\/\/rafdeluxe.com\/de\/wp-json\/wp\/v2\/product_cat?post=43945"},{"taxonomy":"product_tag","embeddable":true,"href":"https:\/\/rafdeluxe.com\/de\/wp-json\/wp\/v2\/product_tag?post=43945"}],"curies":[{"name":"wp","href":"https:\/\/api.w.org\/{rel}","templated":true}]}}