{"id":43124,"date":"2022-03-27T15:44:29","date_gmt":"2022-03-27T14:44:29","guid":{"rendered":"https:\/\/rafdeluxe.com\/?post_type=product&#038;p=43124"},"modified":"2024-04-23T12:58:26","modified_gmt":"2024-04-23T11:58:26","slug":"baya-outdoor-kussen-bina","status":"publish","type":"product","link":"https:\/\/rafdeluxe.com\/de\/product\/baya-outdoor-kussen-bina\/","title":{"rendered":"Bina"},"content":{"rendered":"<p>Die Furtex Outdoor-Kissen lassen sich spielend leicht pflegen und reinigen. Sie sind handgewebt aus 100 % Polypropylen, einem strapazierf\u00e4higen Material, das im Freien gut funktioniert. Zudem sind die Kissen schimmel- und wasserabweisend und auch UV-best\u00e4ndig.<\/p>\n<p>Die Kissen sind mit einem schnelltrocknenden Schaumstoff gef\u00fcllt. Dieser Quick Dry Foam eignet sich perfekt f\u00fcr die Nutzung im Au\u00dfenbereich. Der gro\u00dfe Vorteil dieses Materials ist, wie der Name schon sagt, dass es unglaublich schnell trocknet. Dieser Schaumstoff zeichnet sich durch seine offenporige Struktur aus und speichert daher keine feuchtigkeit. Das verhindert Schimmel und F\u00e4ulnis. Das Material ist ausserdem extrem langlebig wodurch es nicht schnell verschlei\u00dft und lange verwendet werden kann.<\/p>\n<p>Die traumhaften Outdoor-Kissen von Furtex machen aus jedem Au\u00dfenbereich eine Oase. Sie lassen sich perfekt miteinander kombinieren und verwandeln Garten oder Terrasse in einen perfekten Ort, um sich zu vergn\u00fcgen oder einfach nur zu relaxen.<\/p>\n","protected":false},"excerpt":{"rendered":"Setzen Sie mit dem zur\u00fcckhaltenden Design des Kissens Bina ein Zeichen f\u00fcr einen stilvollen, sonnenverw\u00f6hnten Sommer. Die dunkle Farbgebung von Bina, handgeflochten in einem 1-1-Strukturgeflecht, ist die perfekte Grundlage f\u00fcr die Gestaltung eines Au\u00dfenbereichs. Kombinieren Sie sie mit anderen Kissen aus der Baya-Kollektion f\u00fcr den Au\u00dfenbereich, um einen modernen Au\u00dfenbereich zu schaffen, in dem Sie sich unterhalten oder entspannen k\u00f6nnen.\r\n\r\nInklusive Quick dry foam-Innenkissen.","protected":false},"featured_media":44119,"template":"","meta":{"_acf_changed":false},"product_brand":[],"product_cat":[350,342],"product_tag":[],"class_list":{"0":"post-43124","1":"product","2":"type-product","3":"status-publish","4":"has-post-thumbnail","6":"product_cat-baya","7":"product_cat-outdoor-kussens","9":"first","10":"instock","11":"taxable","12":"shipping-taxable","13":"product-type-simple"},"acf":[],"yoast_head":"<!-- This site is optimized with the Yoast SEO plugin v26.6 - https:\/\/yoast.com\/wordpress\/plugins\/seo\/ -->\n<title>Bina - RAF deluxe | DE<\/title>\n<meta name=\"robots\" content=\"index, follow, max-snippet:-1, max-image-preview:large, max-video-preview:-1\" \/>\n<link rel=\"canonical\" href=\"https:\/\/rafdeluxe.com\/de\/product\/baya-outdoor-kussen-bina\/\" \/>\n<meta property=\"og:locale\" content=\"de_DE\" \/>\n<meta property=\"og:type\" content=\"article\" \/>\n<meta property=\"og:title\" content=\"Bina - RAF deluxe | DE\" \/>\n<meta property=\"og:description\" content=\"Setzen Sie mit dem zur\u00fcckhaltenden Design des Kissens Bina ein Zeichen f\u00fcr einen stilvollen, sonnenverw\u00f6hnten Sommer. Die dunkle Farbgebung von Bina, handgeflochten in einem 1-1-Strukturgeflecht, ist die perfekte Grundlage f\u00fcr die Gestaltung eines Au\u00dfenbereichs. Kombinieren Sie sie mit anderen Kissen aus der Baya-Kollektion f\u00fcr den Au\u00dfenbereich, um einen modernen Au\u00dfenbereich zu schaffen, in dem Sie sich unterhalten oder entspannen k\u00f6nnen.  Inklusive Quick dry foam-Innenkissen.\" \/>\n<meta property=\"og:url\" content=\"https:\/\/rafdeluxe.com\/de\/product\/baya-outdoor-kussen-bina\/\" \/>\n<meta property=\"og:site_name\" content=\"RAF deluxe | DE\" \/>\n<meta property=\"article:modified_time\" content=\"2024-04-23T11:58:26+00:00\" \/>\n<meta property=\"og:image\" content=\"https:\/\/rafdeluxe.com\/de\/wp-content\/uploads\/sites\/3\/2022\/03\/bina_front_1000px_1600x.webp\" \/>\n\t<meta property=\"og:image:width\" content=\"1000\" \/>\n\t<meta property=\"og:image:height\" content=\"1250\" \/>\n\t<meta property=\"og:image:type\" content=\"image\/webp\" \/>\n<meta name=\"twitter:card\" content=\"summary_large_image\" \/>\n<meta name=\"twitter:label1\" content=\"Gesch\u00e4tzte Lesezeit\" \/>\n\t<meta name=\"twitter:data1\" content=\"1\u00a0Minute\" \/>\n<script type=\"application\/ld+json\" class=\"yoast-schema-graph\">{\"@context\":\"https:\/\/schema.org\",\"@graph\":[{\"@type\":\"WebPage\",\"@id\":\"https:\/\/rafdeluxe.com\/de\/product\/baya-outdoor-kussen-bina\/\",\"url\":\"https:\/\/rafdeluxe.com\/de\/product\/baya-outdoor-kussen-bina\/\",\"name\":\"Bina - RAF deluxe | DE\",\"isPartOf\":{\"@id\":\"https:\/\/rafdeluxe.com\/de\/#website\"},\"primaryImageOfPage\":{\"@id\":\"https:\/\/rafdeluxe.com\/de\/product\/baya-outdoor-kussen-bina\/#primaryimage\"},\"image\":{\"@id\":\"https:\/\/rafdeluxe.com\/de\/product\/baya-outdoor-kussen-bina\/#primaryimage\"},\"thumbnailUrl\":\"https:\/\/rafdeluxe.com\/de\/wp-content\/uploads\/sites\/3\/2022\/03\/bina_front_1000px_1600x.webp\",\"datePublished\":\"2022-03-27T14:44:29+00:00\",\"dateModified\":\"2024-04-23T11:58:26+00:00\",\"breadcrumb\":{\"@id\":\"https:\/\/rafdeluxe.com\/de\/product\/baya-outdoor-kussen-bina\/#breadcrumb\"},\"inLanguage\":\"de\",\"potentialAction\":[{\"@type\":\"ReadAction\",\"target\":[\"https:\/\/rafdeluxe.com\/de\/product\/baya-outdoor-kussen-bina\/\"]}]},{\"@type\":\"ImageObject\",\"inLanguage\":\"de\",\"@id\":\"https:\/\/rafdeluxe.com\/de\/product\/baya-outdoor-kussen-bina\/#primaryimage\",\"url\":\"https:\/\/rafdeluxe.com\/de\/wp-content\/uploads\/sites\/3\/2022\/03\/bina_front_1000px_1600x.webp\",\"contentUrl\":\"https:\/\/rafdeluxe.com\/de\/wp-content\/uploads\/sites\/3\/2022\/03\/bina_front_1000px_1600x.webp\",\"width\":1000,\"height\":1250},{\"@type\":\"BreadcrumbList\",\"@id\":\"https:\/\/rafdeluxe.com\/de\/product\/baya-outdoor-kussen-bina\/#breadcrumb\",\"itemListElement\":[{\"@type\":\"ListItem\",\"position\":1,\"name\":\"Home\",\"item\":\"https:\/\/rafdeluxe.com\/de\/\"},{\"@type\":\"ListItem\",\"position\":2,\"name\":\"B2B Webshop\",\"item\":\"https:\/\/rafdeluxe.com\/de\/b2b-webshop\/\"},{\"@type\":\"ListItem\",\"position\":3,\"name\":\"Bina\"}]},{\"@type\":\"WebSite\",\"@id\":\"https:\/\/rafdeluxe.com\/de\/#website\",\"url\":\"https:\/\/rafdeluxe.com\/de\/\",\"name\":\"RAF deluxe | DE\",\"description\":\"RAW AUTHENTIC FINISHES\",\"publisher\":{\"@id\":\"https:\/\/rafdeluxe.com\/de\/#organization\"},\"potentialAction\":[{\"@type\":\"SearchAction\",\"target\":{\"@type\":\"EntryPoint\",\"urlTemplate\":\"https:\/\/rafdeluxe.com\/de\/?s={search_term_string}\"},\"query-input\":{\"@type\":\"PropertyValueSpecification\",\"valueRequired\":true,\"valueName\":\"search_term_string\"}}],\"inLanguage\":\"de\"},{\"@type\":\"Organization\",\"@id\":\"https:\/\/rafdeluxe.com\/de\/#organization\",\"name\":\"RAF deluxe | DE\",\"url\":\"https:\/\/rafdeluxe.com\/de\/\",\"logo\":{\"@type\":\"ImageObject\",\"inLanguage\":\"de\",\"@id\":\"https:\/\/rafdeluxe.com\/de\/#\/schema\/logo\/image\/\",\"url\":\"https:\/\/rafdeluxe.com\/de\/wp-content\/uploads\/sites\/3\/2019\/12\/logo-raf.png\",\"contentUrl\":\"https:\/\/rafdeluxe.com\/de\/wp-content\/uploads\/sites\/3\/2019\/12\/logo-raf.png\",\"width\":350,\"height\":198,\"caption\":\"RAF deluxe | DE\"},\"image\":{\"@id\":\"https:\/\/rafdeluxe.com\/de\/#\/schema\/logo\/image\/\"}}]}<\/script>\n<!-- \/ Yoast SEO plugin. -->","yoast_head_json":{"title":"Bina - RAF deluxe | DE","robots":{"index":"index","follow":"follow","max-snippet":"max-snippet:-1","max-image-preview":"max-image-preview:large","max-video-preview":"max-video-preview:-1"},"canonical":"https:\/\/rafdeluxe.com\/de\/product\/baya-outdoor-kussen-bina\/","og_locale":"de_DE","og_type":"article","og_title":"Bina - RAF deluxe | DE","og_description":"Setzen Sie mit dem zur\u00fcckhaltenden Design des Kissens Bina ein Zeichen f\u00fcr einen stilvollen, sonnenverw\u00f6hnten Sommer. Die dunkle Farbgebung von Bina, handgeflochten in einem 1-1-Strukturgeflecht, ist die perfekte Grundlage f\u00fcr die Gestaltung eines Au\u00dfenbereichs. Kombinieren Sie sie mit anderen Kissen aus der Baya-Kollektion f\u00fcr den Au\u00dfenbereich, um einen modernen Au\u00dfenbereich zu schaffen, in dem Sie sich unterhalten oder entspannen k\u00f6nnen.  Inklusive Quick dry foam-Innenkissen.","og_url":"https:\/\/rafdeluxe.com\/de\/product\/baya-outdoor-kussen-bina\/","og_site_name":"RAF deluxe | DE","article_modified_time":"2024-04-23T11:58:26+00:00","og_image":[{"width":1000,"height":1250,"url":"https:\/\/rafdeluxe.com\/de\/wp-content\/uploads\/sites\/3\/2022\/03\/bina_front_1000px_1600x.webp","type":"image\/webp"}],"twitter_card":"summary_large_image","twitter_misc":{"Gesch\u00e4tzte Lesezeit":"1\u00a0Minute"},"schema":{"@context":"https:\/\/schema.org","@graph":[{"@type":"WebPage","@id":"https:\/\/rafdeluxe.com\/de\/product\/baya-outdoor-kussen-bina\/","url":"https:\/\/rafdeluxe.com\/de\/product\/baya-outdoor-kussen-bina\/","name":"Bina - RAF deluxe | DE","isPartOf":{"@id":"https:\/\/rafdeluxe.com\/de\/#website"},"primaryImageOfPage":{"@id":"https:\/\/rafdeluxe.com\/de\/product\/baya-outdoor-kussen-bina\/#primaryimage"},"image":{"@id":"https:\/\/rafdeluxe.com\/de\/product\/baya-outdoor-kussen-bina\/#primaryimage"},"thumbnailUrl":"https:\/\/rafdeluxe.com\/de\/wp-content\/uploads\/sites\/3\/2022\/03\/bina_front_1000px_1600x.webp","datePublished":"2022-03-27T14:44:29+00:00","dateModified":"2024-04-23T11:58:26+00:00","breadcrumb":{"@id":"https:\/\/rafdeluxe.com\/de\/product\/baya-outdoor-kussen-bina\/#breadcrumb"},"inLanguage":"de","potentialAction":[{"@type":"ReadAction","target":["https:\/\/rafdeluxe.com\/de\/product\/baya-outdoor-kussen-bina\/"]}]},{"@type":"ImageObject","inLanguage":"de","@id":"https:\/\/rafdeluxe.com\/de\/product\/baya-outdoor-kussen-bina\/#primaryimage","url":"https:\/\/rafdeluxe.com\/de\/wp-content\/uploads\/sites\/3\/2022\/03\/bina_front_1000px_1600x.webp","contentUrl":"https:\/\/rafdeluxe.com\/de\/wp-content\/uploads\/sites\/3\/2022\/03\/bina_front_1000px_1600x.webp","width":1000,"height":1250},{"@type":"BreadcrumbList","@id":"https:\/\/rafdeluxe.com\/de\/product\/baya-outdoor-kussen-bina\/#breadcrumb","itemListElement":[{"@type":"ListItem","position":1,"name":"Home","item":"https:\/\/rafdeluxe.com\/de\/"},{"@type":"ListItem","position":2,"name":"B2B Webshop","item":"https:\/\/rafdeluxe.com\/de\/b2b-webshop\/"},{"@type":"ListItem","position":3,"name":"Bina"}]},{"@type":"WebSite","@id":"https:\/\/rafdeluxe.com\/de\/#website","url":"https:\/\/rafdeluxe.com\/de\/","name":"RAF deluxe | DE","description":"RAW AUTHENTIC FINISHES","publisher":{"@id":"https:\/\/rafdeluxe.com\/de\/#organization"},"potentialAction":[{"@type":"SearchAction","target":{"@type":"EntryPoint","urlTemplate":"https:\/\/rafdeluxe.com\/de\/?s={search_term_string}"},"query-input":{"@type":"PropertyValueSpecification","valueRequired":true,"valueName":"search_term_string"}}],"inLanguage":"de"},{"@type":"Organization","@id":"https:\/\/rafdeluxe.com\/de\/#organization","name":"RAF deluxe | DE","url":"https:\/\/rafdeluxe.com\/de\/","logo":{"@type":"ImageObject","inLanguage":"de","@id":"https:\/\/rafdeluxe.com\/de\/#\/schema\/logo\/image\/","url":"https:\/\/rafdeluxe.com\/de\/wp-content\/uploads\/sites\/3\/2019\/12\/logo-raf.png","contentUrl":"https:\/\/rafdeluxe.com\/de\/wp-content\/uploads\/sites\/3\/2019\/12\/logo-raf.png","width":350,"height":198,"caption":"RAF deluxe | DE"},"image":{"@id":"https:\/\/rafdeluxe.com\/de\/#\/schema\/logo\/image\/"}}]}},"_links":{"self":[{"href":"https:\/\/rafdeluxe.com\/de\/wp-json\/wp\/v2\/product\/43124","targetHints":{"allow":["GET"]}}],"collection":[{"href":"https:\/\/rafdeluxe.com\/de\/wp-json\/wp\/v2\/product"}],"about":[{"href":"https:\/\/rafdeluxe.com\/de\/wp-json\/wp\/v2\/types\/product"}],"wp:featuredmedia":[{"embeddable":true,"href":"https:\/\/rafdeluxe.com\/de\/wp-json\/wp\/v2\/media\/44119"}],"wp:attachment":[{"href":"https:\/\/rafdeluxe.com\/de\/wp-json\/wp\/v2\/media?parent=43124"}],"wp:term":[{"taxonomy":"product_brand","embeddable":true,"href":"https:\/\/rafdeluxe.com\/de\/wp-json\/wp\/v2\/product_brand?post=43124"},{"taxonomy":"product_cat","embeddable":true,"href":"https:\/\/rafdeluxe.com\/de\/wp-json\/wp\/v2\/product_cat?post=43124"},{"taxonomy":"product_tag","embeddable":true,"href":"https:\/\/rafdeluxe.com\/de\/wp-json\/wp\/v2\/product_tag?post=43124"}],"curies":[{"name":"wp","href":"https:\/\/api.w.org\/{rel}","templated":true}]}}