{"id":42259,"date":"2021-03-23T21:25:13","date_gmt":"2021-03-23T20:25:13","guid":{"rendered":"https:\/\/rafdeluxe.com\/?post_type=product&#038;p=42259"},"modified":"2024-10-02T17:35:24","modified_gmt":"2024-10-02T16:35:24","slug":"heirloom-bontplaid-valentina-black","status":"publish","type":"product","link":"https:\/\/rafdeluxe.com\/de\/product\/heirloom-bontplaid-valentina-black\/","title":{"rendered":"Guinea fowl"},"content":{"rendered":"<p>Hergestellt in hochwertiger Handarbeit sind die zeitlosen Kissen und Plaids aus Kunstpelze genauso wundersch\u00f6n und edel wie Echtpelze. Das seidenweiche Gef\u00fchl beim Anfassen des Materials entsteht durch die sorgf\u00e4ltige Auswahl von Modacrylfasern, die daf\u00fcr sorgt, dass die Produkte der Konkurrenz qualitativ haushoch \u00fcberlegen sind.<\/p>\n<p>Die Kollektion beinhaltet wundervolle Plaids und Kissen, die wirklich jedem Raume W\u00e4rme, Komfort und einen opulenten letzten Schliff geben. Wenn man mit der Hand \u00fcber den dichten Kunstpelz streicht, weiss man sofort, dass man etwas Kostbares von bleibendem Wert ber\u00fchrt.<\/p>\n<p>Jedes Kunstpelz wurde in Neuseeland entworfen und von Schneidern mit viel Erfahrung handgefertigt, die seit mehr als 20 Jahren f\u00fcr Furtex t\u00e4tig sind. Jedes dieser Produkte wird anschlie\u00dfend mit der Hand verpackt, um sicherzustellen, dass das feinste Kunstpelz geliefert werden kann.<\/p>\n<p>Alle Kunstpelzprodukte sind auf der R\u00fcckseite mit einem Pl\u00fcschvelours versehen, der die Farbe des Kunstpelzes erg\u00e4nzt.<\/p>\n","protected":false},"excerpt":{"rendered":"Einem Raum verleiht man Charakter und ver\u00e4ndert dessen gesamte Optik anhand der ins Auge springenden Guinea fowl-Kollektion. Der ebenholzfarbene Grundton ist mit langen grauen Tuffs durchsetzt. Die Guinea fowl-Kunstpelze erm\u00f6glichen die Gestaltung eines stilvollen und anspruchsvollen Raums.\r\n\r\nDas Plaid ist in 2 Gr\u00f6\u00dfen erh\u00e4ltlich. Passende Kissen sind ebenfalls in 3 verschiedenen Gr\u00f6\u00dfen erh\u00e4ltlich.","protected":false},"featured_media":44191,"template":"","meta":{"_acf_changed":false},"product_brand":[],"product_cat":[608,607,606],"product_tag":[],"class_list":{"0":"post-42259","1":"product","2":"type-product","3":"status-publish","4":"has-post-thumbnail","6":"product_cat-plaids-aus-kunstpelz","7":"product_cat-furtex-heirloom","8":"product_cat-exklusive-angebote","10":"first","11":"instock","12":"sale","13":"taxable","14":"shipping-taxable","15":"product-type-variable"},"acf":[],"yoast_head":"<!-- This site is optimized with the Yoast SEO plugin v26.6 - https:\/\/yoast.com\/wordpress\/plugins\/seo\/ -->\n<title>Guinea fowl - RAF deluxe | DE<\/title>\n<meta name=\"robots\" content=\"index, follow, max-snippet:-1, max-image-preview:large, max-video-preview:-1\" \/>\n<link rel=\"canonical\" href=\"https:\/\/rafdeluxe.com\/de\/product\/heirloom-bontplaid-valentina-black\/\" \/>\n<meta property=\"og:locale\" content=\"de_DE\" \/>\n<meta property=\"og:type\" content=\"article\" \/>\n<meta property=\"og:title\" content=\"Guinea fowl - RAF deluxe | DE\" \/>\n<meta property=\"og:description\" content=\"Einem Raum verleiht man Charakter und ver\u00e4ndert dessen gesamte Optik anhand der ins Auge springenden Guinea fowl-Kollektion. Der ebenholzfarbene Grundton ist mit langen grauen Tuffs durchsetzt. Die Guinea fowl-Kunstpelze erm\u00f6glichen die Gestaltung eines stilvollen und anspruchsvollen Raums.  Das Plaid ist in 2 Gr\u00f6\u00dfen erh\u00e4ltlich. Passende Kissen sind ebenfalls in 3 verschiedenen Gr\u00f6\u00dfen erh\u00e4ltlich.\" \/>\n<meta property=\"og:url\" content=\"https:\/\/rafdeluxe.com\/de\/product\/heirloom-bontplaid-valentina-black\/\" \/>\n<meta property=\"og:site_name\" content=\"RAF deluxe | DE\" \/>\n<meta property=\"article:modified_time\" content=\"2024-10-02T16:35:24+00:00\" \/>\n<meta property=\"og:image\" content=\"https:\/\/rafdeluxe.com\/de\/wp-content\/uploads\/sites\/3\/2021\/03\/guinea_fowl_throw_front_1000px_1600x.webp\" \/>\n\t<meta property=\"og:image:width\" content=\"1000\" \/>\n\t<meta property=\"og:image:height\" content=\"1250\" \/>\n\t<meta property=\"og:image:type\" content=\"image\/webp\" \/>\n<meta name=\"twitter:card\" content=\"summary_large_image\" \/>\n<meta name=\"twitter:label1\" content=\"Gesch\u00e4tzte Lesezeit\" \/>\n\t<meta name=\"twitter:data1\" content=\"1\u00a0Minute\" \/>\n<script type=\"application\/ld+json\" class=\"yoast-schema-graph\">{\"@context\":\"https:\/\/schema.org\",\"@graph\":[{\"@type\":\"WebPage\",\"@id\":\"https:\/\/rafdeluxe.com\/de\/product\/heirloom-bontplaid-valentina-black\/\",\"url\":\"https:\/\/rafdeluxe.com\/de\/product\/heirloom-bontplaid-valentina-black\/\",\"name\":\"Guinea fowl - RAF deluxe | DE\",\"isPartOf\":{\"@id\":\"https:\/\/rafdeluxe.com\/de\/#website\"},\"primaryImageOfPage\":{\"@id\":\"https:\/\/rafdeluxe.com\/de\/product\/heirloom-bontplaid-valentina-black\/#primaryimage\"},\"image\":{\"@id\":\"https:\/\/rafdeluxe.com\/de\/product\/heirloom-bontplaid-valentina-black\/#primaryimage\"},\"thumbnailUrl\":\"https:\/\/rafdeluxe.com\/de\/wp-content\/uploads\/sites\/3\/2021\/03\/guinea_fowl_throw_front_1000px_1600x.webp\",\"datePublished\":\"2021-03-23T20:25:13+00:00\",\"dateModified\":\"2024-10-02T16:35:24+00:00\",\"breadcrumb\":{\"@id\":\"https:\/\/rafdeluxe.com\/de\/product\/heirloom-bontplaid-valentina-black\/#breadcrumb\"},\"inLanguage\":\"de\",\"potentialAction\":[{\"@type\":\"ReadAction\",\"target\":[\"https:\/\/rafdeluxe.com\/de\/product\/heirloom-bontplaid-valentina-black\/\"]}]},{\"@type\":\"ImageObject\",\"inLanguage\":\"de\",\"@id\":\"https:\/\/rafdeluxe.com\/de\/product\/heirloom-bontplaid-valentina-black\/#primaryimage\",\"url\":\"https:\/\/rafdeluxe.com\/de\/wp-content\/uploads\/sites\/3\/2021\/03\/guinea_fowl_throw_front_1000px_1600x.webp\",\"contentUrl\":\"https:\/\/rafdeluxe.com\/de\/wp-content\/uploads\/sites\/3\/2021\/03\/guinea_fowl_throw_front_1000px_1600x.webp\",\"width\":1000,\"height\":1250},{\"@type\":\"BreadcrumbList\",\"@id\":\"https:\/\/rafdeluxe.com\/de\/product\/heirloom-bontplaid-valentina-black\/#breadcrumb\",\"itemListElement\":[{\"@type\":\"ListItem\",\"position\":1,\"name\":\"Home\",\"item\":\"https:\/\/rafdeluxe.com\/de\/\"},{\"@type\":\"ListItem\",\"position\":2,\"name\":\"B2B Webshop\",\"item\":\"https:\/\/rafdeluxe.com\/de\/b2b-webshop\/\"},{\"@type\":\"ListItem\",\"position\":3,\"name\":\"Guinea fowl\"}]},{\"@type\":\"WebSite\",\"@id\":\"https:\/\/rafdeluxe.com\/de\/#website\",\"url\":\"https:\/\/rafdeluxe.com\/de\/\",\"name\":\"RAF deluxe | DE\",\"description\":\"RAW AUTHENTIC FINISHES\",\"publisher\":{\"@id\":\"https:\/\/rafdeluxe.com\/de\/#organization\"},\"potentialAction\":[{\"@type\":\"SearchAction\",\"target\":{\"@type\":\"EntryPoint\",\"urlTemplate\":\"https:\/\/rafdeluxe.com\/de\/?s={search_term_string}\"},\"query-input\":{\"@type\":\"PropertyValueSpecification\",\"valueRequired\":true,\"valueName\":\"search_term_string\"}}],\"inLanguage\":\"de\"},{\"@type\":\"Organization\",\"@id\":\"https:\/\/rafdeluxe.com\/de\/#organization\",\"name\":\"RAF deluxe | DE\",\"url\":\"https:\/\/rafdeluxe.com\/de\/\",\"logo\":{\"@type\":\"ImageObject\",\"inLanguage\":\"de\",\"@id\":\"https:\/\/rafdeluxe.com\/de\/#\/schema\/logo\/image\/\",\"url\":\"https:\/\/rafdeluxe.com\/de\/wp-content\/uploads\/sites\/3\/2019\/12\/logo-raf.png\",\"contentUrl\":\"https:\/\/rafdeluxe.com\/de\/wp-content\/uploads\/sites\/3\/2019\/12\/logo-raf.png\",\"width\":350,\"height\":198,\"caption\":\"RAF deluxe | DE\"},\"image\":{\"@id\":\"https:\/\/rafdeluxe.com\/de\/#\/schema\/logo\/image\/\"}}]}<\/script>\n<!-- \/ Yoast SEO plugin. -->","yoast_head_json":{"title":"Guinea fowl - RAF deluxe | DE","robots":{"index":"index","follow":"follow","max-snippet":"max-snippet:-1","max-image-preview":"max-image-preview:large","max-video-preview":"max-video-preview:-1"},"canonical":"https:\/\/rafdeluxe.com\/de\/product\/heirloom-bontplaid-valentina-black\/","og_locale":"de_DE","og_type":"article","og_title":"Guinea fowl - RAF deluxe | DE","og_description":"Einem Raum verleiht man Charakter und ver\u00e4ndert dessen gesamte Optik anhand der ins Auge springenden Guinea fowl-Kollektion. Der ebenholzfarbene Grundton ist mit langen grauen Tuffs durchsetzt. Die Guinea fowl-Kunstpelze erm\u00f6glichen die Gestaltung eines stilvollen und anspruchsvollen Raums.  Das Plaid ist in 2 Gr\u00f6\u00dfen erh\u00e4ltlich. Passende Kissen sind ebenfalls in 3 verschiedenen Gr\u00f6\u00dfen erh\u00e4ltlich.","og_url":"https:\/\/rafdeluxe.com\/de\/product\/heirloom-bontplaid-valentina-black\/","og_site_name":"RAF deluxe | DE","article_modified_time":"2024-10-02T16:35:24+00:00","og_image":[{"width":1000,"height":1250,"url":"https:\/\/rafdeluxe.com\/de\/wp-content\/uploads\/sites\/3\/2021\/03\/guinea_fowl_throw_front_1000px_1600x.webp","type":"image\/webp"}],"twitter_card":"summary_large_image","twitter_misc":{"Gesch\u00e4tzte Lesezeit":"1\u00a0Minute"},"schema":{"@context":"https:\/\/schema.org","@graph":[{"@type":"WebPage","@id":"https:\/\/rafdeluxe.com\/de\/product\/heirloom-bontplaid-valentina-black\/","url":"https:\/\/rafdeluxe.com\/de\/product\/heirloom-bontplaid-valentina-black\/","name":"Guinea fowl - RAF deluxe | DE","isPartOf":{"@id":"https:\/\/rafdeluxe.com\/de\/#website"},"primaryImageOfPage":{"@id":"https:\/\/rafdeluxe.com\/de\/product\/heirloom-bontplaid-valentina-black\/#primaryimage"},"image":{"@id":"https:\/\/rafdeluxe.com\/de\/product\/heirloom-bontplaid-valentina-black\/#primaryimage"},"thumbnailUrl":"https:\/\/rafdeluxe.com\/de\/wp-content\/uploads\/sites\/3\/2021\/03\/guinea_fowl_throw_front_1000px_1600x.webp","datePublished":"2021-03-23T20:25:13+00:00","dateModified":"2024-10-02T16:35:24+00:00","breadcrumb":{"@id":"https:\/\/rafdeluxe.com\/de\/product\/heirloom-bontplaid-valentina-black\/#breadcrumb"},"inLanguage":"de","potentialAction":[{"@type":"ReadAction","target":["https:\/\/rafdeluxe.com\/de\/product\/heirloom-bontplaid-valentina-black\/"]}]},{"@type":"ImageObject","inLanguage":"de","@id":"https:\/\/rafdeluxe.com\/de\/product\/heirloom-bontplaid-valentina-black\/#primaryimage","url":"https:\/\/rafdeluxe.com\/de\/wp-content\/uploads\/sites\/3\/2021\/03\/guinea_fowl_throw_front_1000px_1600x.webp","contentUrl":"https:\/\/rafdeluxe.com\/de\/wp-content\/uploads\/sites\/3\/2021\/03\/guinea_fowl_throw_front_1000px_1600x.webp","width":1000,"height":1250},{"@type":"BreadcrumbList","@id":"https:\/\/rafdeluxe.com\/de\/product\/heirloom-bontplaid-valentina-black\/#breadcrumb","itemListElement":[{"@type":"ListItem","position":1,"name":"Home","item":"https:\/\/rafdeluxe.com\/de\/"},{"@type":"ListItem","position":2,"name":"B2B Webshop","item":"https:\/\/rafdeluxe.com\/de\/b2b-webshop\/"},{"@type":"ListItem","position":3,"name":"Guinea fowl"}]},{"@type":"WebSite","@id":"https:\/\/rafdeluxe.com\/de\/#website","url":"https:\/\/rafdeluxe.com\/de\/","name":"RAF deluxe | DE","description":"RAW AUTHENTIC FINISHES","publisher":{"@id":"https:\/\/rafdeluxe.com\/de\/#organization"},"potentialAction":[{"@type":"SearchAction","target":{"@type":"EntryPoint","urlTemplate":"https:\/\/rafdeluxe.com\/de\/?s={search_term_string}"},"query-input":{"@type":"PropertyValueSpecification","valueRequired":true,"valueName":"search_term_string"}}],"inLanguage":"de"},{"@type":"Organization","@id":"https:\/\/rafdeluxe.com\/de\/#organization","name":"RAF deluxe | DE","url":"https:\/\/rafdeluxe.com\/de\/","logo":{"@type":"ImageObject","inLanguage":"de","@id":"https:\/\/rafdeluxe.com\/de\/#\/schema\/logo\/image\/","url":"https:\/\/rafdeluxe.com\/de\/wp-content\/uploads\/sites\/3\/2019\/12\/logo-raf.png","contentUrl":"https:\/\/rafdeluxe.com\/de\/wp-content\/uploads\/sites\/3\/2019\/12\/logo-raf.png","width":350,"height":198,"caption":"RAF deluxe | DE"},"image":{"@id":"https:\/\/rafdeluxe.com\/de\/#\/schema\/logo\/image\/"}}]}},"_links":{"self":[{"href":"https:\/\/rafdeluxe.com\/de\/wp-json\/wp\/v2\/product\/42259","targetHints":{"allow":["GET"]}}],"collection":[{"href":"https:\/\/rafdeluxe.com\/de\/wp-json\/wp\/v2\/product"}],"about":[{"href":"https:\/\/rafdeluxe.com\/de\/wp-json\/wp\/v2\/types\/product"}],"wp:featuredmedia":[{"embeddable":true,"href":"https:\/\/rafdeluxe.com\/de\/wp-json\/wp\/v2\/media\/44191"}],"wp:attachment":[{"href":"https:\/\/rafdeluxe.com\/de\/wp-json\/wp\/v2\/media?parent=42259"}],"wp:term":[{"taxonomy":"product_brand","embeddable":true,"href":"https:\/\/rafdeluxe.com\/de\/wp-json\/wp\/v2\/product_brand?post=42259"},{"taxonomy":"product_cat","embeddable":true,"href":"https:\/\/rafdeluxe.com\/de\/wp-json\/wp\/v2\/product_cat?post=42259"},{"taxonomy":"product_tag","embeddable":true,"href":"https:\/\/rafdeluxe.com\/de\/wp-json\/wp\/v2\/product_tag?post=42259"}],"curies":[{"name":"wp","href":"https:\/\/api.w.org\/{rel}","templated":true}]}}