{"id":44544,"date":"2023-01-11T14:39:41","date_gmt":"2023-01-11T13:39:41","guid":{"rendered":"https:\/\/rafdeluxe.com\/?page_id=44544"},"modified":"2025-10-09T13:47:47","modified_gmt":"2025-10-09T12:47:47","slug":"b2b-showroom","status":"publish","type":"page","link":"https:\/\/rafdeluxe.com\/de\/b2b-showroom\/","title":{"rendered":"B2B Showroom"},"content":{"rendered":"<p>Wir sind derzeit damit besch\u00e4ftigt, unseren Showroom in den Niederlanden zu realisieren.<\/p><p>Wenn Sie die Produkte ansehen m\u00f6chten, f\u00fcllen Sie bitte das folgende Formular aus.<\/p><p>Wir werden uns dann mit Ihnen in Verbindung setzen, um einen Termin zu vereinbaren, bei dem einer unserer Vertreter Sie besucht, um Ihnen die RAF Deluxe-Kollektion zu zeigen.<\/p><p>[contact-form-7 id=&#8220;44557&#8243; title=&#8220;Contactformulier 1&#8243;]<\/p>","protected":false},"excerpt":{"rendered":"Wir sind derzeit damit besch\u00e4ftigt, unseren Showroom in den Niederlanden zu realisieren. Wenn Sie die Produkte ansehen m\u00f6chten, f\u00fcllen Sie bitte das folgende Formular aus. Wir werden uns dann mit Ihnen in Verbindung setzen, um einen Termin zu vereinbaren, bei dem einer unserer Vertreter Sie besucht, um Ihnen die RAF Deluxe-Kollektion zu zeigen.","protected":false},"author":1,"featured_media":0,"parent":0,"menu_order":0,"comment_status":"closed","ping_status":"closed","template":"template-b2bshowroom.php","meta":{"_acf_changed":false,"footnotes":""},"class_list":["post-44544","page","type-page","status-publish","hentry"],"acf":[],"yoast_head":"<!-- This site is optimized with the Yoast SEO plugin v26.6 - https:\/\/yoast.com\/wordpress\/plugins\/seo\/ -->\n<title>B2B Showroom - RAF deluxe | DE<\/title>\n<meta name=\"robots\" content=\"index, follow, max-snippet:-1, max-image-preview:large, max-video-preview:-1\" \/>\n<link rel=\"canonical\" href=\"https:\/\/rafdeluxe.com\/de\/b2b-showroom\/\" \/>\n<meta property=\"og:locale\" content=\"de_DE\" \/>\n<meta property=\"og:type\" content=\"article\" \/>\n<meta property=\"og:title\" content=\"B2B Showroom - RAF deluxe | DE\" \/>\n<meta property=\"og:description\" content=\"Wir sind derzeit damit besch\u00e4ftigt, unseren Showroom in den Niederlanden zu realisieren. Wenn Sie die Produkte ansehen m\u00f6chten, f\u00fcllen Sie bitte das folgende Formular aus. Wir werden uns dann mit Ihnen in Verbindung setzen, um einen Termin zu vereinbaren, bei dem einer unserer Vertreter Sie besucht, um Ihnen die RAF Deluxe-Kollektion zu zeigen.\" \/>\n<meta property=\"og:url\" content=\"https:\/\/rafdeluxe.com\/de\/b2b-showroom\/\" \/>\n<meta property=\"og:site_name\" content=\"RAF deluxe | DE\" \/>\n<meta property=\"article:modified_time\" content=\"2025-10-09T12:47:47+00:00\" \/>\n<meta property=\"og:image\" content=\"https:\/\/rafdeluxe.com\/de\/wp-content\/uploads\/sites\/3\/2023\/02\/Lifestyle-3-WR-1.jpg\" \/>\n\t<meta property=\"og:image:width\" content=\"1500\" \/>\n\t<meta property=\"og:image:height\" content=\"1000\" \/>\n\t<meta property=\"og:image:type\" content=\"image\/jpeg\" \/>\n<meta name=\"twitter:card\" content=\"summary_large_image\" \/>\n<meta name=\"twitter:label1\" content=\"Gesch\u00e4tzte Lesezeit\" \/>\n\t<meta name=\"twitter:data1\" content=\"1\u00a0Minute\" \/>\n<script type=\"application\/ld+json\" class=\"yoast-schema-graph\">{\"@context\":\"https:\/\/schema.org\",\"@graph\":[{\"@type\":\"WebPage\",\"@id\":\"https:\/\/rafdeluxe.com\/de\/b2b-showroom\/\",\"url\":\"https:\/\/rafdeluxe.com\/de\/b2b-showroom\/\",\"name\":\"B2B Showroom - RAF deluxe | DE\",\"isPartOf\":{\"@id\":\"https:\/\/rafdeluxe.com\/de\/#website\"},\"datePublished\":\"2023-01-11T13:39:41+00:00\",\"dateModified\":\"2025-10-09T12:47:47+00:00\",\"breadcrumb\":{\"@id\":\"https:\/\/rafdeluxe.com\/de\/b2b-showroom\/#breadcrumb\"},\"inLanguage\":\"de\",\"potentialAction\":[{\"@type\":\"ReadAction\",\"target\":[\"https:\/\/rafdeluxe.com\/de\/b2b-showroom\/\"]}]},{\"@type\":\"BreadcrumbList\",\"@id\":\"https:\/\/rafdeluxe.com\/de\/b2b-showroom\/#breadcrumb\",\"itemListElement\":[{\"@type\":\"ListItem\",\"position\":1,\"name\":\"Home\",\"item\":\"https:\/\/rafdeluxe.com\/de\/\"},{\"@type\":\"ListItem\",\"position\":2,\"name\":\"B2B Showroom\"}]},{\"@type\":\"WebSite\",\"@id\":\"https:\/\/rafdeluxe.com\/de\/#website\",\"url\":\"https:\/\/rafdeluxe.com\/de\/\",\"name\":\"RAF deluxe | DE\",\"description\":\"RAW AUTHENTIC FINISHES\",\"publisher\":{\"@id\":\"https:\/\/rafdeluxe.com\/de\/#organization\"},\"potentialAction\":[{\"@type\":\"SearchAction\",\"target\":{\"@type\":\"EntryPoint\",\"urlTemplate\":\"https:\/\/rafdeluxe.com\/de\/?s={search_term_string}\"},\"query-input\":{\"@type\":\"PropertyValueSpecification\",\"valueRequired\":true,\"valueName\":\"search_term_string\"}}],\"inLanguage\":\"de\"},{\"@type\":\"Organization\",\"@id\":\"https:\/\/rafdeluxe.com\/de\/#organization\",\"name\":\"RAF deluxe | DE\",\"url\":\"https:\/\/rafdeluxe.com\/de\/\",\"logo\":{\"@type\":\"ImageObject\",\"inLanguage\":\"de\",\"@id\":\"https:\/\/rafdeluxe.com\/de\/#\/schema\/logo\/image\/\",\"url\":\"https:\/\/rafdeluxe.com\/de\/wp-content\/uploads\/sites\/3\/2019\/12\/logo-raf.png\",\"contentUrl\":\"https:\/\/rafdeluxe.com\/de\/wp-content\/uploads\/sites\/3\/2019\/12\/logo-raf.png\",\"width\":350,\"height\":198,\"caption\":\"RAF deluxe | DE\"},\"image\":{\"@id\":\"https:\/\/rafdeluxe.com\/de\/#\/schema\/logo\/image\/\"}}]}<\/script>\n<!-- \/ Yoast SEO plugin. -->","yoast_head_json":{"title":"B2B Showroom - RAF deluxe | DE","robots":{"index":"index","follow":"follow","max-snippet":"max-snippet:-1","max-image-preview":"max-image-preview:large","max-video-preview":"max-video-preview:-1"},"canonical":"https:\/\/rafdeluxe.com\/de\/b2b-showroom\/","og_locale":"de_DE","og_type":"article","og_title":"B2B Showroom - RAF deluxe | DE","og_description":"Wir sind derzeit damit besch\u00e4ftigt, unseren Showroom in den Niederlanden zu realisieren. Wenn Sie die Produkte ansehen m\u00f6chten, f\u00fcllen Sie bitte das folgende Formular aus. Wir werden uns dann mit Ihnen in Verbindung setzen, um einen Termin zu vereinbaren, bei dem einer unserer Vertreter Sie besucht, um Ihnen die RAF Deluxe-Kollektion zu zeigen.","og_url":"https:\/\/rafdeluxe.com\/de\/b2b-showroom\/","og_site_name":"RAF deluxe | DE","article_modified_time":"2025-10-09T12:47:47+00:00","og_image":[{"width":1500,"height":1000,"url":"https:\/\/rafdeluxe.com\/de\/wp-content\/uploads\/sites\/3\/2023\/02\/Lifestyle-3-WR-1.jpg","type":"image\/jpeg"}],"twitter_card":"summary_large_image","twitter_misc":{"Gesch\u00e4tzte Lesezeit":"1\u00a0Minute"},"schema":{"@context":"https:\/\/schema.org","@graph":[{"@type":"WebPage","@id":"https:\/\/rafdeluxe.com\/de\/b2b-showroom\/","url":"https:\/\/rafdeluxe.com\/de\/b2b-showroom\/","name":"B2B Showroom - RAF deluxe | DE","isPartOf":{"@id":"https:\/\/rafdeluxe.com\/de\/#website"},"datePublished":"2023-01-11T13:39:41+00:00","dateModified":"2025-10-09T12:47:47+00:00","breadcrumb":{"@id":"https:\/\/rafdeluxe.com\/de\/b2b-showroom\/#breadcrumb"},"inLanguage":"de","potentialAction":[{"@type":"ReadAction","target":["https:\/\/rafdeluxe.com\/de\/b2b-showroom\/"]}]},{"@type":"BreadcrumbList","@id":"https:\/\/rafdeluxe.com\/de\/b2b-showroom\/#breadcrumb","itemListElement":[{"@type":"ListItem","position":1,"name":"Home","item":"https:\/\/rafdeluxe.com\/de\/"},{"@type":"ListItem","position":2,"name":"B2B Showroom"}]},{"@type":"WebSite","@id":"https:\/\/rafdeluxe.com\/de\/#website","url":"https:\/\/rafdeluxe.com\/de\/","name":"RAF deluxe | DE","description":"RAW AUTHENTIC FINISHES","publisher":{"@id":"https:\/\/rafdeluxe.com\/de\/#organization"},"potentialAction":[{"@type":"SearchAction","target":{"@type":"EntryPoint","urlTemplate":"https:\/\/rafdeluxe.com\/de\/?s={search_term_string}"},"query-input":{"@type":"PropertyValueSpecification","valueRequired":true,"valueName":"search_term_string"}}],"inLanguage":"de"},{"@type":"Organization","@id":"https:\/\/rafdeluxe.com\/de\/#organization","name":"RAF deluxe | DE","url":"https:\/\/rafdeluxe.com\/de\/","logo":{"@type":"ImageObject","inLanguage":"de","@id":"https:\/\/rafdeluxe.com\/de\/#\/schema\/logo\/image\/","url":"https:\/\/rafdeluxe.com\/de\/wp-content\/uploads\/sites\/3\/2019\/12\/logo-raf.png","contentUrl":"https:\/\/rafdeluxe.com\/de\/wp-content\/uploads\/sites\/3\/2019\/12\/logo-raf.png","width":350,"height":198,"caption":"RAF deluxe | DE"},"image":{"@id":"https:\/\/rafdeluxe.com\/de\/#\/schema\/logo\/image\/"}}]}},"_links":{"self":[{"href":"https:\/\/rafdeluxe.com\/de\/wp-json\/wp\/v2\/pages\/44544","targetHints":{"allow":["GET"]}}],"collection":[{"href":"https:\/\/rafdeluxe.com\/de\/wp-json\/wp\/v2\/pages"}],"about":[{"href":"https:\/\/rafdeluxe.com\/de\/wp-json\/wp\/v2\/types\/page"}],"author":[{"embeddable":true,"href":"https:\/\/rafdeluxe.com\/de\/wp-json\/wp\/v2\/users\/1"}],"replies":[{"embeddable":true,"href":"https:\/\/rafdeluxe.com\/de\/wp-json\/wp\/v2\/comments?post=44544"}],"version-history":[{"count":13,"href":"https:\/\/rafdeluxe.com\/de\/wp-json\/wp\/v2\/pages\/44544\/revisions"}],"predecessor-version":[{"id":46459,"href":"https:\/\/rafdeluxe.com\/de\/wp-json\/wp\/v2\/pages\/44544\/revisions\/46459"}],"wp:attachment":[{"href":"https:\/\/rafdeluxe.com\/de\/wp-json\/wp\/v2\/media?parent=44544"}],"curies":[{"name":"wp","href":"https:\/\/api.w.org\/{rel}","templated":true}]}}