{"id":44542,"date":"2023-01-11T14:39:20","date_gmt":"2023-01-11T13:39:20","guid":{"rendered":"https:\/\/rafdeluxe.com\/?page_id=44542"},"modified":"2025-10-09T14:48:57","modified_gmt":"2025-10-09T13:48:57","slug":"uber-die-merken","status":"publish","type":"page","link":"https:\/\/rafdeluxe.com\/de\/uber-die-merken\/","title":{"rendered":"\u00dcber die Marken"},"content":{"rendered":"<div class=\"wp-block-media-text alignwide has-media-on-the-right is-stacked-on-mobile\" style=\"grid-template-columns:auto 26%\"><div class=\"wp-block-media-text__content\"><h4 class=\"wp-block-heading\">RAF deluxe<\/h4>\n\n<p><\/p>\n\n<p>Im Januar 2023 stellte RAF deluxe seine erste Kollektion mit exklusiven Wohnaccessoires vor. Charakteristisch f\u00fcr die Kollektion ist ihr handgefertigter Charakter, wobei oft alte Handwerksk\u00fcnste zum Einsatz kommen, um die nachhaltigen Produkte herzustellen. Im Mittelpunkt stehen dabei nat\u00fcrliche Materialien wie Marmor, Travertin und Alabaster.<\/p>\n\n<p>Die Wohnaccessoires von RAF deluxe sind unverwechselbar, einzigartig und von bleibender Qualit\u00e4t.<\/p><\/div><figure class=\"wp-block-media-text__media\"><img loading=\"lazy\" decoding=\"async\" width=\"977\" height=\"1024\" src=\"https:\/\/rafdeluxe.com\/wp-content\/uploads\/2023\/02\/Lifestyle-5-WR-1-e1675588562593-977x1024.jpg\" alt=\"\" class=\"wp-image-44823 size-full\" srcset=\"https:\/\/rafdeluxe.com\/de\/wp-content\/uploads\/sites\/3\/2023\/02\/Lifestyle-5-WR-1-e1675588562593-977x1024.jpg 977w, https:\/\/rafdeluxe.com\/de\/wp-content\/uploads\/sites\/3\/2023\/02\/Lifestyle-5-WR-1-e1675588562593-286x300.jpg 286w, https:\/\/rafdeluxe.com\/de\/wp-content\/uploads\/sites\/3\/2023\/02\/Lifestyle-5-WR-1-e1675588562593-768x805.jpg 768w, https:\/\/rafdeluxe.com\/de\/wp-content\/uploads\/sites\/3\/2023\/02\/Lifestyle-5-WR-1-e1675588562593-860x901.jpg 860w, https:\/\/rafdeluxe.com\/de\/wp-content\/uploads\/sites\/3\/2023\/02\/Lifestyle-5-WR-1-e1675588562593-515x540.jpg 515w, https:\/\/rafdeluxe.com\/de\/wp-content\/uploads\/sites\/3\/2023\/02\/Lifestyle-5-WR-1-e1675588562593-324x340.jpg 324w, https:\/\/rafdeluxe.com\/de\/wp-content\/uploads\/sites\/3\/2023\/02\/Lifestyle-5-WR-1-e1675588562593.jpg 1000w\" sizes=\"auto, (max-width: 977px) 100vw, 977px\" \/><\/figure><\/div><div class=\"wp-block-media-text alignwide has-media-on-the-right is-stacked-on-mobile\" style=\"grid-template-columns:auto 26%\"><div class=\"wp-block-media-text__content\"><h4 class=\"wp-block-heading\">Furtex aus Neuseeland mit Baya<\/h4>\n\n<p><\/p>\n\n<p>Die Kissen und Plaids von Baya verleihen jedem Interieur mit ihren unverwechselbaren Texturen und raffinierten Farben Eleganz und Raffinesse. Sch\u00f6ne, weiche Kissen und Plaids aus nat\u00fcrlichen Fasern wie Baumwolle, Wolle und Leinen mit unverwechselbaren Oberfl\u00e4chen, die die Leidenschaft von Furtex f\u00fcr handgefertigte Produkte widerspiegeln.<\/p>\n\n<p>Die minimalistischen Designs vermitteln ein Gef\u00fchl von Ruhe und Gelassenheit, w\u00e4hrend die verwendeten Materialien ein allgemeines Gef\u00fchl von Qualit\u00e4t vermitteln.<\/p><\/div><figure class=\"wp-block-media-text__media\"><img loading=\"lazy\" decoding=\"async\" width=\"1000\" height=\"1004\" src=\"https:\/\/rafdeluxe.com\/de\/wp-content\/uploads\/sites\/3\/2025\/10\/2.jpg\" alt=\"\" class=\"wp-image-46476 size-full\" srcset=\"https:\/\/rafdeluxe.com\/de\/wp-content\/uploads\/sites\/3\/2025\/10\/2.jpg 1000w, https:\/\/rafdeluxe.com\/de\/wp-content\/uploads\/sites\/3\/2025\/10\/2-300x300.jpg 300w, https:\/\/rafdeluxe.com\/de\/wp-content\/uploads\/sites\/3\/2025\/10\/2-150x150.jpg 150w, https:\/\/rafdeluxe.com\/de\/wp-content\/uploads\/sites\/3\/2025\/10\/2-768x771.jpg 768w, https:\/\/rafdeluxe.com\/de\/wp-content\/uploads\/sites\/3\/2025\/10\/2-860x863.jpg 860w, https:\/\/rafdeluxe.com\/de\/wp-content\/uploads\/sites\/3\/2025\/10\/2-538x540.jpg 538w, https:\/\/rafdeluxe.com\/de\/wp-content\/uploads\/sites\/3\/2025\/10\/2-32x32.jpg 32w, https:\/\/rafdeluxe.com\/de\/wp-content\/uploads\/sites\/3\/2025\/10\/2-324x325.jpg 324w\" sizes=\"auto, (max-width: 1000px) 100vw, 1000px\" \/><\/figure><\/div>","protected":false},"excerpt":{"rendered":"RAF deluxe Im Januar 2023 stellte RAF deluxe seine erste Kollektion mit exklusiven Wohnaccessoires vor. Charakteristisch f\u00fcr die Kollektion ist ihr handgefertigter Charakter, wobei oft alte Handwerksk\u00fcnste zum Einsatz kommen, um die nachhaltigen Produkte herzustellen. Im Mittelpunkt stehen dabei nat\u00fcrliche Materialien wie Marmor, Travertin und Alabaster. Die Wohnaccessoires von RAF deluxe sind unverwechselbar, einzigartig und [&hellip;]","protected":false},"author":1,"featured_media":0,"parent":0,"menu_order":0,"comment_status":"closed","ping_status":"closed","template":"","meta":{"_acf_changed":false,"footnotes":""},"class_list":["post-44542","page","type-page","status-publish","hentry"],"acf":[],"yoast_head":"<!-- This site is optimized with the Yoast SEO plugin v26.6 - https:\/\/yoast.com\/wordpress\/plugins\/seo\/ -->\n<title>\u00dcber die Marken - RAF deluxe | DE<\/title>\n<meta name=\"robots\" content=\"index, follow, max-snippet:-1, max-image-preview:large, max-video-preview:-1\" \/>\n<link rel=\"canonical\" href=\"https:\/\/rafdeluxe.com\/de\/uber-die-merken\/\" \/>\n<meta property=\"og:locale\" content=\"de_DE\" \/>\n<meta property=\"og:type\" content=\"article\" \/>\n<meta property=\"og:title\" content=\"\u00dcber die Marken - RAF deluxe | DE\" \/>\n<meta property=\"og:description\" content=\"RAF deluxe Im Januar 2023 stellte RAF deluxe seine erste Kollektion mit exklusiven Wohnaccessoires vor. Charakteristisch f\u00fcr die Kollektion ist ihr handgefertigter Charakter, wobei oft alte Handwerksk\u00fcnste zum Einsatz kommen, um die nachhaltigen Produkte herzustellen. Im Mittelpunkt stehen dabei nat\u00fcrliche Materialien wie Marmor, Travertin und Alabaster. Die Wohnaccessoires von RAF deluxe sind unverwechselbar, einzigartig und [&hellip;]\" \/>\n<meta property=\"og:url\" content=\"https:\/\/rafdeluxe.com\/de\/uber-die-merken\/\" \/>\n<meta property=\"og:site_name\" content=\"RAF deluxe | DE\" \/>\n<meta property=\"article:modified_time\" content=\"2025-10-09T13:48:57+00:00\" \/>\n<meta property=\"og:image\" content=\"https:\/\/rafdeluxe.com\/de\/wp-content\/uploads\/sites\/3\/2023\/02\/Lifestyle-5-WR-1-e1675588562593.jpg\" \/>\n\t<meta property=\"og:image:width\" content=\"1000\" \/>\n\t<meta property=\"og:image:height\" content=\"1048\" \/>\n\t<meta property=\"og:image:type\" content=\"image\/jpeg\" \/>\n<meta name=\"twitter:card\" content=\"summary_large_image\" \/>\n<meta name=\"twitter:label1\" content=\"Gesch\u00e4tzte Lesezeit\" \/>\n\t<meta name=\"twitter:data1\" content=\"2\u00a0Minuten\" \/>\n<script type=\"application\/ld+json\" class=\"yoast-schema-graph\">{\"@context\":\"https:\/\/schema.org\",\"@graph\":[{\"@type\":\"WebPage\",\"@id\":\"https:\/\/rafdeluxe.com\/de\/uber-die-merken\/\",\"url\":\"https:\/\/rafdeluxe.com\/de\/uber-die-merken\/\",\"name\":\"\u00dcber die Marken - RAF deluxe | DE\",\"isPartOf\":{\"@id\":\"https:\/\/rafdeluxe.com\/de\/#website\"},\"primaryImageOfPage\":{\"@id\":\"https:\/\/rafdeluxe.com\/de\/uber-die-merken\/#primaryimage\"},\"image\":{\"@id\":\"https:\/\/rafdeluxe.com\/de\/uber-die-merken\/#primaryimage\"},\"thumbnailUrl\":\"https:\/\/rafdeluxe.com\/wp-content\/uploads\/2023\/02\/Lifestyle-5-WR-1-e1675588562593-977x1024.jpg\",\"datePublished\":\"2023-01-11T13:39:20+00:00\",\"dateModified\":\"2025-10-09T13:48:57+00:00\",\"breadcrumb\":{\"@id\":\"https:\/\/rafdeluxe.com\/de\/uber-die-merken\/#breadcrumb\"},\"inLanguage\":\"de\",\"potentialAction\":[{\"@type\":\"ReadAction\",\"target\":[\"https:\/\/rafdeluxe.com\/de\/uber-die-merken\/\"]}]},{\"@type\":\"ImageObject\",\"inLanguage\":\"de\",\"@id\":\"https:\/\/rafdeluxe.com\/de\/uber-die-merken\/#primaryimage\",\"url\":\"https:\/\/rafdeluxe.com\/wp-content\/uploads\/2023\/02\/Lifestyle-5-WR-1-e1675588562593-977x1024.jpg\",\"contentUrl\":\"https:\/\/rafdeluxe.com\/wp-content\/uploads\/2023\/02\/Lifestyle-5-WR-1-e1675588562593-977x1024.jpg\"},{\"@type\":\"BreadcrumbList\",\"@id\":\"https:\/\/rafdeluxe.com\/de\/uber-die-merken\/#breadcrumb\",\"itemListElement\":[{\"@type\":\"ListItem\",\"position\":1,\"name\":\"Home\",\"item\":\"https:\/\/rafdeluxe.com\/de\/\"},{\"@type\":\"ListItem\",\"position\":2,\"name\":\"\u00dcber die Marken\"}]},{\"@type\":\"WebSite\",\"@id\":\"https:\/\/rafdeluxe.com\/de\/#website\",\"url\":\"https:\/\/rafdeluxe.com\/de\/\",\"name\":\"RAF deluxe | DE\",\"description\":\"RAW AUTHENTIC FINISHES\",\"publisher\":{\"@id\":\"https:\/\/rafdeluxe.com\/de\/#organization\"},\"potentialAction\":[{\"@type\":\"SearchAction\",\"target\":{\"@type\":\"EntryPoint\",\"urlTemplate\":\"https:\/\/rafdeluxe.com\/de\/?s={search_term_string}\"},\"query-input\":{\"@type\":\"PropertyValueSpecification\",\"valueRequired\":true,\"valueName\":\"search_term_string\"}}],\"inLanguage\":\"de\"},{\"@type\":\"Organization\",\"@id\":\"https:\/\/rafdeluxe.com\/de\/#organization\",\"name\":\"RAF deluxe | DE\",\"url\":\"https:\/\/rafdeluxe.com\/de\/\",\"logo\":{\"@type\":\"ImageObject\",\"inLanguage\":\"de\",\"@id\":\"https:\/\/rafdeluxe.com\/de\/#\/schema\/logo\/image\/\",\"url\":\"https:\/\/rafdeluxe.com\/de\/wp-content\/uploads\/sites\/3\/2019\/12\/logo-raf.png\",\"contentUrl\":\"https:\/\/rafdeluxe.com\/de\/wp-content\/uploads\/sites\/3\/2019\/12\/logo-raf.png\",\"width\":350,\"height\":198,\"caption\":\"RAF deluxe | DE\"},\"image\":{\"@id\":\"https:\/\/rafdeluxe.com\/de\/#\/schema\/logo\/image\/\"}}]}<\/script>\n<!-- \/ Yoast SEO plugin. -->","yoast_head_json":{"title":"\u00dcber die Marken - RAF deluxe | DE","robots":{"index":"index","follow":"follow","max-snippet":"max-snippet:-1","max-image-preview":"max-image-preview:large","max-video-preview":"max-video-preview:-1"},"canonical":"https:\/\/rafdeluxe.com\/de\/uber-die-merken\/","og_locale":"de_DE","og_type":"article","og_title":"\u00dcber die Marken - RAF deluxe | DE","og_description":"RAF deluxe Im Januar 2023 stellte RAF deluxe seine erste Kollektion mit exklusiven Wohnaccessoires vor. Charakteristisch f\u00fcr die Kollektion ist ihr handgefertigter Charakter, wobei oft alte Handwerksk\u00fcnste zum Einsatz kommen, um die nachhaltigen Produkte herzustellen. Im Mittelpunkt stehen dabei nat\u00fcrliche Materialien wie Marmor, Travertin und Alabaster. Die Wohnaccessoires von RAF deluxe sind unverwechselbar, einzigartig und [&hellip;]","og_url":"https:\/\/rafdeluxe.com\/de\/uber-die-merken\/","og_site_name":"RAF deluxe | DE","article_modified_time":"2025-10-09T13:48:57+00:00","og_image":[{"width":1000,"height":1048,"url":"https:\/\/rafdeluxe.com\/de\/wp-content\/uploads\/sites\/3\/2023\/02\/Lifestyle-5-WR-1-e1675588562593.jpg","type":"image\/jpeg"}],"twitter_card":"summary_large_image","twitter_misc":{"Gesch\u00e4tzte Lesezeit":"2\u00a0Minuten"},"schema":{"@context":"https:\/\/schema.org","@graph":[{"@type":"WebPage","@id":"https:\/\/rafdeluxe.com\/de\/uber-die-merken\/","url":"https:\/\/rafdeluxe.com\/de\/uber-die-merken\/","name":"\u00dcber die Marken - RAF deluxe | DE","isPartOf":{"@id":"https:\/\/rafdeluxe.com\/de\/#website"},"primaryImageOfPage":{"@id":"https:\/\/rafdeluxe.com\/de\/uber-die-merken\/#primaryimage"},"image":{"@id":"https:\/\/rafdeluxe.com\/de\/uber-die-merken\/#primaryimage"},"thumbnailUrl":"https:\/\/rafdeluxe.com\/wp-content\/uploads\/2023\/02\/Lifestyle-5-WR-1-e1675588562593-977x1024.jpg","datePublished":"2023-01-11T13:39:20+00:00","dateModified":"2025-10-09T13:48:57+00:00","breadcrumb":{"@id":"https:\/\/rafdeluxe.com\/de\/uber-die-merken\/#breadcrumb"},"inLanguage":"de","potentialAction":[{"@type":"ReadAction","target":["https:\/\/rafdeluxe.com\/de\/uber-die-merken\/"]}]},{"@type":"ImageObject","inLanguage":"de","@id":"https:\/\/rafdeluxe.com\/de\/uber-die-merken\/#primaryimage","url":"https:\/\/rafdeluxe.com\/wp-content\/uploads\/2023\/02\/Lifestyle-5-WR-1-e1675588562593-977x1024.jpg","contentUrl":"https:\/\/rafdeluxe.com\/wp-content\/uploads\/2023\/02\/Lifestyle-5-WR-1-e1675588562593-977x1024.jpg"},{"@type":"BreadcrumbList","@id":"https:\/\/rafdeluxe.com\/de\/uber-die-merken\/#breadcrumb","itemListElement":[{"@type":"ListItem","position":1,"name":"Home","item":"https:\/\/rafdeluxe.com\/de\/"},{"@type":"ListItem","position":2,"name":"\u00dcber die Marken"}]},{"@type":"WebSite","@id":"https:\/\/rafdeluxe.com\/de\/#website","url":"https:\/\/rafdeluxe.com\/de\/","name":"RAF deluxe | DE","description":"RAW AUTHENTIC FINISHES","publisher":{"@id":"https:\/\/rafdeluxe.com\/de\/#organization"},"potentialAction":[{"@type":"SearchAction","target":{"@type":"EntryPoint","urlTemplate":"https:\/\/rafdeluxe.com\/de\/?s={search_term_string}"},"query-input":{"@type":"PropertyValueSpecification","valueRequired":true,"valueName":"search_term_string"}}],"inLanguage":"de"},{"@type":"Organization","@id":"https:\/\/rafdeluxe.com\/de\/#organization","name":"RAF deluxe | DE","url":"https:\/\/rafdeluxe.com\/de\/","logo":{"@type":"ImageObject","inLanguage":"de","@id":"https:\/\/rafdeluxe.com\/de\/#\/schema\/logo\/image\/","url":"https:\/\/rafdeluxe.com\/de\/wp-content\/uploads\/sites\/3\/2019\/12\/logo-raf.png","contentUrl":"https:\/\/rafdeluxe.com\/de\/wp-content\/uploads\/sites\/3\/2019\/12\/logo-raf.png","width":350,"height":198,"caption":"RAF deluxe | DE"},"image":{"@id":"https:\/\/rafdeluxe.com\/de\/#\/schema\/logo\/image\/"}}]}},"_links":{"self":[{"href":"https:\/\/rafdeluxe.com\/de\/wp-json\/wp\/v2\/pages\/44542","targetHints":{"allow":["GET"]}}],"collection":[{"href":"https:\/\/rafdeluxe.com\/de\/wp-json\/wp\/v2\/pages"}],"about":[{"href":"https:\/\/rafdeluxe.com\/de\/wp-json\/wp\/v2\/types\/page"}],"author":[{"embeddable":true,"href":"https:\/\/rafdeluxe.com\/de\/wp-json\/wp\/v2\/users\/1"}],"replies":[{"embeddable":true,"href":"https:\/\/rafdeluxe.com\/de\/wp-json\/wp\/v2\/comments?post=44542"}],"version-history":[{"count":37,"href":"https:\/\/rafdeluxe.com\/de\/wp-json\/wp\/v2\/pages\/44542\/revisions"}],"predecessor-version":[{"id":46478,"href":"https:\/\/rafdeluxe.com\/de\/wp-json\/wp\/v2\/pages\/44542\/revisions\/46478"}],"wp:attachment":[{"href":"https:\/\/rafdeluxe.com\/de\/wp-json\/wp\/v2\/media?parent=44542"}],"curies":[{"name":"wp","href":"https:\/\/api.w.org\/{rel}","templated":true}]}}